{"id":3136,"date":"2022-01-11T12:30:16","date_gmt":"2022-01-11T12:30:16","guid":{"rendered":"https:\/\/www.gringonordic.se\/?post_type=product&#038;p=3136"},"modified":"2026-03-03T14:27:41","modified_gmt":"2026-03-03T13:27:41","slug":"yuzu-aprikos","status":"publish","type":"product","link":"https:\/\/www.gringonordic.se\/en\/product\/yuzu-aprikos\/","title":{"rendered":"Yuzu &#038; Aprikos"},"content":{"rendered":"","protected":false},"excerpt":{"rendered":"<h4>F\u00f6r att g\u00f6ra plats f\u00f6r nyheter s\u00e4ljer vi nu ut gamla f\u00f6rpackningar till riktigt l\u00e5ga priser! Passa p\u00e5 att k\u00f6pa innan lagret tar slut.<\/h4>\n<p>Green tea with flavors of yuzu and apricot.<\/p>\n<p><strong>Ingredients:<\/strong><br \/>\nGreen Senchatea<br \/>\nYuzu pieces<br \/>\nLemon peel<br \/>\nNatural flavoring<\/p>","protected":false},"featured_media":1140,"template":"","meta":[],"product_brand":[],"product_cat":[37,42],"product_tag":[],"varumarke":[],"produkttyp":[144],"smaker":[223],"class_list":{"0":"post-3136","1":"product","2":"type-product","3":"status-publish","4":"has-post-thumbnail","6":"product_cat-te","7":"product_cat-losvikt","8":"produkttyp-te-losvikt","9":"smaker-gront-senchate","11":"first","12":"instock","13":"sale","14":"taxable","15":"shipping-taxable","16":"purchasable","17":"product-type-variable","18":"has-default-attributes"},"_links":{"self":[{"href":"https:\/\/www.gringonordic.se\/en\/wp-json\/wp\/v2\/product\/3136","targetHints":{"allow":["GET"]}}],"collection":[{"href":"https:\/\/www.gringonordic.se\/en\/wp-json\/wp\/v2\/product"}],"about":[{"href":"https:\/\/www.gringonordic.se\/en\/wp-json\/wp\/v2\/types\/product"}],"wp:featuredmedia":[{"embeddable":true,"href":"https:\/\/www.gringonordic.se\/en\/wp-json\/wp\/v2\/media\/1140"}],"wp:attachment":[{"href":"https:\/\/www.gringonordic.se\/en\/wp-json\/wp\/v2\/media?parent=3136"}],"wp:term":[{"taxonomy":"product_brand","embeddable":true,"href":"https:\/\/www.gringonordic.se\/en\/wp-json\/wp\/v2\/product_brand?post=3136"},{"taxonomy":"product_cat","embeddable":true,"href":"https:\/\/www.gringonordic.se\/en\/wp-json\/wp\/v2\/product_cat?post=3136"},{"taxonomy":"product_tag","embeddable":true,"href":"https:\/\/www.gringonordic.se\/en\/wp-json\/wp\/v2\/product_tag?post=3136"},{"taxonomy":"varumarke","embeddable":true,"href":"https:\/\/www.gringonordic.se\/en\/wp-json\/wp\/v2\/varumarke?post=3136"},{"taxonomy":"produkttyp","embeddable":true,"href":"https:\/\/www.gringonordic.se\/en\/wp-json\/wp\/v2\/produkttyp?post=3136"},{"taxonomy":"smaker","embeddable":true,"href":"https:\/\/www.gringonordic.se\/en\/wp-json\/wp\/v2\/smaker?post=3136"}],"curies":[{"name":"wp","href":"https:\/\/api.w.org\/{rel}","templated":true}]}}