{"id":31283,"date":"2023-11-08T09:32:24","date_gmt":"2023-11-08T08:32:24","guid":{"rendered":"https:\/\/www.gringonordic.se\/?post_type=product&#038;p=31283"},"modified":"2026-02-23T11:06:25","modified_gmt":"2026-02-23T10:06:25","slug":"fellow-carter-move-mug-355-ml","status":"publish","type":"product","link":"https:\/\/www.gringonordic.se\/en\/product\/fellow-carter-move-mug-355-ml\/","title":{"rendered":"Fellow Carter Move Mug 350 ml"},"content":{"rendered":"","protected":false},"excerpt":{"rendered":"<h2>Fellow Carter Move Mug<\/h2>\n<p>Termosmuggen passar in i de flesta muggh\u00e5llare och \u00e4r utrustad med ett Snap-In -st\u00e4nkskydd, som r\u00e4ddar din dryck vid pl\u00f6tsliga st\u00f6tar och tv\u00e4rnitar. St\u00e4nkskyddet \u00e4r en ny funktion som inte f\u00f6ljer med Fellow Carter Everywhere Mug -termosmuggen.<\/p>\n<ul>\n<li>Snap-In -st\u00e4nskyddet h\u00e5ller ditt kaffe i s\u00e4kerhet, innanf\u00f6r muggen.<\/li>\n<li>Termosmuggens breda \u00f6ppning ger dig en full\u00e4ndad kaffeupplevelse; du k\u00e4nner b\u00e5de kaffets arom och temperatur d\u00e5 du dricker.<\/li>\n<li>Den avsmalnande kanten p\u00e5 \u00f6ppningen efterliknar ett Cabernet-vinglas och g\u00f6r anv\u00e4ndningen av Fellow Carter termosmuggen extra bekv\u00e4m.<\/li>\n<li>Kaffet borde smaka bra. Den keramiska inre bel\u00e4ggningen h\u00e5ller ditt kaffe fritt fr\u00e5n fr\u00e4mmande lukter, oljor och all v\u00e4rldens bismaker.<\/li>\n<\/ul>","protected":false},"featured_media":38959,"template":"","meta":[],"product_brand":[],"product_cat":[52,40],"product_tag":[],"varumarke":[263],"produkttyp":[],"smaker":[177],"class_list":{"0":"post-31283","1":"product","2":"type-product","3":"status-publish","4":"has-post-thumbnail","6":"product_cat-koppar-muggar","7":"product_cat-tillbehor","8":"varumarke-fellow","9":"smaker-olika-farger","11":"first","12":"instock","13":"taxable","14":"shipping-taxable","15":"purchasable","16":"product-type-variable","17":"has-default-attributes"},"_links":{"self":[{"href":"https:\/\/www.gringonordic.se\/en\/wp-json\/wp\/v2\/product\/31283","targetHints":{"allow":["GET"]}}],"collection":[{"href":"https:\/\/www.gringonordic.se\/en\/wp-json\/wp\/v2\/product"}],"about":[{"href":"https:\/\/www.gringonordic.se\/en\/wp-json\/wp\/v2\/types\/product"}],"wp:featuredmedia":[{"embeddable":true,"href":"https:\/\/www.gringonordic.se\/en\/wp-json\/wp\/v2\/media\/38959"}],"wp:attachment":[{"href":"https:\/\/www.gringonordic.se\/en\/wp-json\/wp\/v2\/media?parent=31283"}],"wp:term":[{"taxonomy":"product_brand","embeddable":true,"href":"https:\/\/www.gringonordic.se\/en\/wp-json\/wp\/v2\/product_brand?post=31283"},{"taxonomy":"product_cat","embeddable":true,"href":"https:\/\/www.gringonordic.se\/en\/wp-json\/wp\/v2\/product_cat?post=31283"},{"taxonomy":"product_tag","embeddable":true,"href":"https:\/\/www.gringonordic.se\/en\/wp-json\/wp\/v2\/product_tag?post=31283"},{"taxonomy":"varumarke","embeddable":true,"href":"https:\/\/www.gringonordic.se\/en\/wp-json\/wp\/v2\/varumarke?post=31283"},{"taxonomy":"produkttyp","embeddable":true,"href":"https:\/\/www.gringonordic.se\/en\/wp-json\/wp\/v2\/produkttyp?post=31283"},{"taxonomy":"smaker","embeddable":true,"href":"https:\/\/www.gringonordic.se\/en\/wp-json\/wp\/v2\/smaker?post=31283"}],"curies":[{"name":"wp","href":"https:\/\/api.w.org\/{rel}","templated":true}]}}