{"id":3113,"date":"2022-01-11T12:08:45","date_gmt":"2022-01-11T12:08:45","guid":{"rendered":"https:\/\/www.gringonordic.se\/?post_type=product&#038;p=3113"},"modified":"2026-04-01T11:48:27","modified_gmt":"2026-04-01T09:48:27","slug":"lemon-chai","status":"publish","type":"product","link":"https:\/\/www.gringonordic.se\/en\/product\/lemon-chai\/","title":{"rendered":"Lemon Chai"},"content":{"rendered":"","protected":false},"excerpt":{"rendered":"<p>Lemon Chai \u00e4r ett v\u00e4rmande chai-te, d\u00e4r de klassiska kryddorna \u2013 kanel, ingef\u00e4ra, kardemumma och svartpeppar \u2013 blandas med en uppfriskande smak av citrus. Teet har en djup och kryddig bas, d\u00e4r kanelens s\u00f6tma och ingef\u00e4rans hetta kommer fram, men n\u00e4r du tar en klunk f\u00e5r du en frisk citruskick av lime. Den pigga smaken ger en perfekt balans, d\u00e4r syrligheten mildrar de kraftfulla kryddorna och skapar en h\u00e4rlig kontrast. Resultatet \u00e4r ett te som b\u00e5de \u00e4r fylligt, kryddigt och uppfriskande.<\/p>\n<p><strong>Ingredients:<\/strong><br \/>\nBlack &amp; Green Tea<br \/>\nCinnamon<br \/>\nCoriander<br \/>\nCardamom<br \/>\nGinger<br \/>\nTurmeric<br \/>\nLemon peel<br \/>\nPepper<br \/>\nNatural aroma<\/p>","protected":false},"featured_media":45587,"template":"","meta":[],"product_brand":[],"product_cat":[37,42],"product_tag":[],"varumarke":[],"produkttyp":[144],"smaker":[235],"class_list":{"0":"post-3113","1":"product","2":"type-product","3":"status-publish","4":"has-post-thumbnail","6":"product_cat-te","7":"product_cat-losvikt","8":"produkttyp-te-losvikt","9":"smaker-svart-gront-te","11":"first","12":"instock","13":"taxable","14":"shipping-taxable","15":"purchasable","16":"product-type-variable","17":"has-default-attributes"},"_links":{"self":[{"href":"https:\/\/www.gringonordic.se\/en\/wp-json\/wp\/v2\/product\/3113","targetHints":{"allow":["GET"]}}],"collection":[{"href":"https:\/\/www.gringonordic.se\/en\/wp-json\/wp\/v2\/product"}],"about":[{"href":"https:\/\/www.gringonordic.se\/en\/wp-json\/wp\/v2\/types\/product"}],"wp:featuredmedia":[{"embeddable":true,"href":"https:\/\/www.gringonordic.se\/en\/wp-json\/wp\/v2\/media\/45587"}],"wp:attachment":[{"href":"https:\/\/www.gringonordic.se\/en\/wp-json\/wp\/v2\/media?parent=3113"}],"wp:term":[{"taxonomy":"product_brand","embeddable":true,"href":"https:\/\/www.gringonordic.se\/en\/wp-json\/wp\/v2\/product_brand?post=3113"},{"taxonomy":"product_cat","embeddable":true,"href":"https:\/\/www.gringonordic.se\/en\/wp-json\/wp\/v2\/product_cat?post=3113"},{"taxonomy":"product_tag","embeddable":true,"href":"https:\/\/www.gringonordic.se\/en\/wp-json\/wp\/v2\/product_tag?post=3113"},{"taxonomy":"varumarke","embeddable":true,"href":"https:\/\/www.gringonordic.se\/en\/wp-json\/wp\/v2\/varumarke?post=3113"},{"taxonomy":"produkttyp","embeddable":true,"href":"https:\/\/www.gringonordic.se\/en\/wp-json\/wp\/v2\/produkttyp?post=3113"},{"taxonomy":"smaker","embeddable":true,"href":"https:\/\/www.gringonordic.se\/en\/wp-json\/wp\/v2\/smaker?post=3113"}],"curies":[{"name":"wp","href":"https:\/\/api.w.org\/{rel}","templated":true}]}}