{"id":3089,"date":"2022-01-11T10:29:37","date_gmt":"2022-01-11T10:29:37","guid":{"rendered":"https:\/\/www.gringonordic.se\/?post_type=product&#038;p=3089"},"modified":"2026-04-01T11:14:59","modified_gmt":"2026-04-01T09:14:59","slug":"earl-grey","status":"publish","type":"product","link":"https:\/\/www.gringonordic.se\/en\/product\/earl-grey\/","title":{"rendered":"Earl of Grey"},"content":{"rendered":"","protected":false},"excerpt":{"rendered":"<p>V\u00e5r ekologiska Earl Grey \u00e4r en elegant och sofistikerad blandning av svart te, baserat p\u00e5 Darjeeling &amp; Ceylon, med en distinkt doft och smak av bergamot \u2013 en citrusfrukt som ger teet dess karakt\u00e4ristiska friska, blommiga och aromatiska ton. Den ekologiska m\u00e4rkningen inneb\u00e4r att tebladen och bergamoten \u00e4r odlade utan kemiska bek\u00e4mpningsmedel eller konstg\u00f6dsel, vilket ger en ren och naturlig smakupplevelse.<\/p>\n<p><strong>Ingredients:<\/strong><br \/>\nBlack tea &amp; bergamot oil.<\/p>","protected":false},"featured_media":45589,"template":"","meta":[],"product_brand":[],"product_cat":[37,42],"product_tag":[],"varumarke":[],"produkttyp":[144],"smaker":[219],"class_list":{"0":"post-3089","1":"product","2":"type-product","3":"status-publish","4":"has-post-thumbnail","6":"product_cat-te","7":"product_cat-losvikt","8":"produkttyp-te-losvikt","9":"smaker-ekologiskt-svart-te","11":"first","12":"instock","13":"taxable","14":"shipping-taxable","15":"purchasable","16":"product-type-variable","17":"has-default-attributes"},"_links":{"self":[{"href":"https:\/\/www.gringonordic.se\/en\/wp-json\/wp\/v2\/product\/3089","targetHints":{"allow":["GET"]}}],"collection":[{"href":"https:\/\/www.gringonordic.se\/en\/wp-json\/wp\/v2\/product"}],"about":[{"href":"https:\/\/www.gringonordic.se\/en\/wp-json\/wp\/v2\/types\/product"}],"wp:featuredmedia":[{"embeddable":true,"href":"https:\/\/www.gringonordic.se\/en\/wp-json\/wp\/v2\/media\/45589"}],"wp:attachment":[{"href":"https:\/\/www.gringonordic.se\/en\/wp-json\/wp\/v2\/media?parent=3089"}],"wp:term":[{"taxonomy":"product_brand","embeddable":true,"href":"https:\/\/www.gringonordic.se\/en\/wp-json\/wp\/v2\/product_brand?post=3089"},{"taxonomy":"product_cat","embeddable":true,"href":"https:\/\/www.gringonordic.se\/en\/wp-json\/wp\/v2\/product_cat?post=3089"},{"taxonomy":"product_tag","embeddable":true,"href":"https:\/\/www.gringonordic.se\/en\/wp-json\/wp\/v2\/product_tag?post=3089"},{"taxonomy":"varumarke","embeddable":true,"href":"https:\/\/www.gringonordic.se\/en\/wp-json\/wp\/v2\/varumarke?post=3089"},{"taxonomy":"produkttyp","embeddable":true,"href":"https:\/\/www.gringonordic.se\/en\/wp-json\/wp\/v2\/produkttyp?post=3089"},{"taxonomy":"smaker","embeddable":true,"href":"https:\/\/www.gringonordic.se\/en\/wp-json\/wp\/v2\/smaker?post=3089"}],"curies":[{"name":"wp","href":"https:\/\/api.w.org\/{rel}","templated":true}]}}