{"id":3079,"date":"2022-01-10T22:08:00","date_gmt":"2022-01-10T22:08:00","guid":{"rendered":"https:\/\/www.gringonordic.se\/?post_type=product&#038;p=3079"},"modified":"2025-10-23T15:19:46","modified_gmt":"2025-10-23T13:19:46","slug":"popcorn-tea","status":"publish","type":"product","link":"https:\/\/www.gringonordic.se\/en\/product\/popcorn-tea\/","title":{"rendered":"Teapigs Popcorn Tea"},"content":{"rendered":"","protected":false},"excerpt":{"rendered":"<p>Gr\u00f6nt te med en mjuk och n\u00f6taktig underton. Beskrivs b\u00e4st som &#8220;Sugar Puffs in a cup&#8221;!<\/p>\n<p><strong>INGREDIENTS:<\/strong><br \/>\nGreen tea<br \/>\nRoasted rice<\/p>","protected":false},"featured_media":660,"template":"","meta":[],"product_brand":[],"product_cat":[37,43],"product_tag":[],"varumarke":[],"produkttyp":[215],"smaker":[214],"class_list":{"0":"post-3079","1":"product","2":"type-product","3":"status-publish","4":"has-post-thumbnail","6":"product_cat-te","7":"product_cat-pasar","8":"produkttyp-teapigs-tepasar","9":"smaker-15-pasar","11":"first","12":"instock","13":"taxable","14":"shipping-taxable","15":"purchasable","16":"product-type-simple"},"_links":{"self":[{"href":"https:\/\/www.gringonordic.se\/en\/wp-json\/wp\/v2\/product\/3079","targetHints":{"allow":["GET"]}}],"collection":[{"href":"https:\/\/www.gringonordic.se\/en\/wp-json\/wp\/v2\/product"}],"about":[{"href":"https:\/\/www.gringonordic.se\/en\/wp-json\/wp\/v2\/types\/product"}],"wp:featuredmedia":[{"embeddable":true,"href":"https:\/\/www.gringonordic.se\/en\/wp-json\/wp\/v2\/media\/660"}],"wp:attachment":[{"href":"https:\/\/www.gringonordic.se\/en\/wp-json\/wp\/v2\/media?parent=3079"}],"wp:term":[{"taxonomy":"product_brand","embeddable":true,"href":"https:\/\/www.gringonordic.se\/en\/wp-json\/wp\/v2\/product_brand?post=3079"},{"taxonomy":"product_cat","embeddable":true,"href":"https:\/\/www.gringonordic.se\/en\/wp-json\/wp\/v2\/product_cat?post=3079"},{"taxonomy":"product_tag","embeddable":true,"href":"https:\/\/www.gringonordic.se\/en\/wp-json\/wp\/v2\/product_tag?post=3079"},{"taxonomy":"varumarke","embeddable":true,"href":"https:\/\/www.gringonordic.se\/en\/wp-json\/wp\/v2\/varumarke?post=3079"},{"taxonomy":"produkttyp","embeddable":true,"href":"https:\/\/www.gringonordic.se\/en\/wp-json\/wp\/v2\/produkttyp?post=3079"},{"taxonomy":"smaker","embeddable":true,"href":"https:\/\/www.gringonordic.se\/en\/wp-json\/wp\/v2\/smaker?post=3079"}],"curies":[{"name":"wp","href":"https:\/\/api.w.org\/{rel}","templated":true}]}}