{"id":3075,"date":"2022-01-10T22:04:00","date_gmt":"2022-01-10T22:04:00","guid":{"rendered":"https:\/\/www.gringonordic.se\/?post_type=product&#038;p=3075"},"modified":"2025-10-23T15:39:53","modified_gmt":"2025-10-23T13:39:53","slug":"jasmin-pearls","status":"publish","type":"product","link":"https:\/\/www.gringonordic.se\/en\/product\/jasmin-pearls\/","title":{"rendered":"Teapigs Jasmine Pearls\u00a0"},"content":{"rendered":"","protected":false},"excerpt":{"rendered":"<p>Tebladen i Teapigs Jasmine Pearls gr\u00f6na te fr\u00e5n s\u00f6dra Kina rullas noggrant f\u00f6r hand till v\u00e4rdefulla p\u00e4rlor och smaks\u00e4tts sedan med f\u00e4rska jasminblommor. Teet absorberar Den h\u00e4rliga, naturliga, blommiga doften absorberas av det gr\u00f6na teet, som f\u00e5r en delikat och ren smak.<\/p>\n<p><strong>INGREDIENTS:<\/strong><br \/>\nRent gr\u00f6nt te fr\u00e5n Kina smaksatt med jasminblommor.<\/p>","protected":false},"featured_media":656,"template":"","meta":[],"product_brand":[],"product_cat":[37,43],"product_tag":[],"varumarke":[],"produkttyp":[215],"smaker":[214],"class_list":{"0":"post-3075","1":"product","2":"type-product","3":"status-publish","4":"has-post-thumbnail","6":"product_cat-te","7":"product_cat-pasar","8":"produkttyp-teapigs-tepasar","9":"smaker-15-pasar","11":"first","12":"instock","13":"taxable","14":"shipping-taxable","15":"purchasable","16":"product-type-variable","17":"has-default-attributes"},"_links":{"self":[{"href":"https:\/\/www.gringonordic.se\/en\/wp-json\/wp\/v2\/product\/3075","targetHints":{"allow":["GET"]}}],"collection":[{"href":"https:\/\/www.gringonordic.se\/en\/wp-json\/wp\/v2\/product"}],"about":[{"href":"https:\/\/www.gringonordic.se\/en\/wp-json\/wp\/v2\/types\/product"}],"wp:featuredmedia":[{"embeddable":true,"href":"https:\/\/www.gringonordic.se\/en\/wp-json\/wp\/v2\/media\/656"}],"wp:attachment":[{"href":"https:\/\/www.gringonordic.se\/en\/wp-json\/wp\/v2\/media?parent=3075"}],"wp:term":[{"taxonomy":"product_brand","embeddable":true,"href":"https:\/\/www.gringonordic.se\/en\/wp-json\/wp\/v2\/product_brand?post=3075"},{"taxonomy":"product_cat","embeddable":true,"href":"https:\/\/www.gringonordic.se\/en\/wp-json\/wp\/v2\/product_cat?post=3075"},{"taxonomy":"product_tag","embeddable":true,"href":"https:\/\/www.gringonordic.se\/en\/wp-json\/wp\/v2\/product_tag?post=3075"},{"taxonomy":"varumarke","embeddable":true,"href":"https:\/\/www.gringonordic.se\/en\/wp-json\/wp\/v2\/varumarke?post=3075"},{"taxonomy":"produkttyp","embeddable":true,"href":"https:\/\/www.gringonordic.se\/en\/wp-json\/wp\/v2\/produkttyp?post=3075"},{"taxonomy":"smaker","embeddable":true,"href":"https:\/\/www.gringonordic.se\/en\/wp-json\/wp\/v2\/smaker?post=3075"}],"curies":[{"name":"wp","href":"https:\/\/api.w.org\/{rel}","templated":true}]}}