{"id":29441,"date":"2023-08-29T15:52:17","date_gmt":"2023-08-29T13:52:17","guid":{"rendered":"https:\/\/www.gringonordic.se\/?post_type=product&#038;p=29441"},"modified":"2026-04-01T11:10:14","modified_gmt":"2026-04-01T09:10:14","slug":"original-brygg","status":"publish","type":"product","link":"https:\/\/www.gringonordic.se\/en\/product\/original-brygg\/","title":{"rendered":"Original Brygg"},"content":{"rendered":"","protected":false},"excerpt":{"rendered":"<p>G\u00f6rgott! Skulle manskapen ombord p\u00e5 Ostindiefararna ha utbrustit om de hade f\u00e5tt smaka Original Brygg. Vi har valt ut b\u00f6nor med stor omsorg och rostat dem l\u00e5ngsamt f\u00f6r att f\u00e5 till en traditionellt kraftfull och smakrik m\u00f6rkrost, med karakt\u00e4r av n\u00f6tter och m\u00f6rk choklad. Skepp o\u00b4hoj!<\/p>\n<p><strong>THE CURRENT BLEND CONSISTS OF<\/strong><br \/>\n\u2013 Brazil Fazenda IP<br \/>\n&#8211; Colombia Finca La Sierra<\/p>\n<p>&nbsp;<\/p>","protected":false},"featured_media":29455,"template":"","meta":[],"product_brand":[],"product_cat":[742,39],"product_tag":[],"varumarke":[],"produkttyp":[121],"smaker":[147,127,122],"class_list":{"0":"post-29441","1":"product","2":"type-product","3":"status-publish","4":"has-post-thumbnail","6":"product_cat-kafferosteriet-gotheborg","7":"product_cat-kaffe","8":"produkttyp-brygg","9":"smaker-balanserad","10":"smaker-chokladig","11":"smaker-smakrik","13":"first","14":"instock","15":"taxable","16":"shipping-taxable","17":"purchasable","18":"product-type-variable","19":"has-default-attributes"},"_links":{"self":[{"href":"https:\/\/www.gringonordic.se\/en\/wp-json\/wp\/v2\/product\/29441","targetHints":{"allow":["GET"]}}],"collection":[{"href":"https:\/\/www.gringonordic.se\/en\/wp-json\/wp\/v2\/product"}],"about":[{"href":"https:\/\/www.gringonordic.se\/en\/wp-json\/wp\/v2\/types\/product"}],"wp:featuredmedia":[{"embeddable":true,"href":"https:\/\/www.gringonordic.se\/en\/wp-json\/wp\/v2\/media\/29455"}],"wp:attachment":[{"href":"https:\/\/www.gringonordic.se\/en\/wp-json\/wp\/v2\/media?parent=29441"}],"wp:term":[{"taxonomy":"product_brand","embeddable":true,"href":"https:\/\/www.gringonordic.se\/en\/wp-json\/wp\/v2\/product_brand?post=29441"},{"taxonomy":"product_cat","embeddable":true,"href":"https:\/\/www.gringonordic.se\/en\/wp-json\/wp\/v2\/product_cat?post=29441"},{"taxonomy":"product_tag","embeddable":true,"href":"https:\/\/www.gringonordic.se\/en\/wp-json\/wp\/v2\/product_tag?post=29441"},{"taxonomy":"varumarke","embeddable":true,"href":"https:\/\/www.gringonordic.se\/en\/wp-json\/wp\/v2\/varumarke?post=29441"},{"taxonomy":"produkttyp","embeddable":true,"href":"https:\/\/www.gringonordic.se\/en\/wp-json\/wp\/v2\/produkttyp?post=29441"},{"taxonomy":"smaker","embeddable":true,"href":"https:\/\/www.gringonordic.se\/en\/wp-json\/wp\/v2\/smaker?post=29441"}],"curies":[{"name":"wp","href":"https:\/\/api.w.org\/{rel}","templated":true}]}}