{"id":29427,"date":"2023-08-29T15:23:59","date_gmt":"2023-08-29T13:23:59","guid":{"rendered":"https:\/\/www.gringonordic.se\/?post_type=product&#038;p=29427"},"modified":"2026-04-01T11:06:26","modified_gmt":"2026-04-01T09:06:26","slug":"monsun-malabar","status":"publish","type":"product","link":"https:\/\/www.gringonordic.se\/en\/product\/monsun-malabar\/","title":{"rendered":"Monsun Malabar"},"content":{"rendered":"","protected":false},"excerpt":{"rendered":"<p>Precis s\u00e5 h\u00e4r kan man t\u00e4nka sig att det f\u00f6rsta kaffet som skeppades fr\u00e5n Indien i slutet av 1600-talet smakade. Kaffeb\u00f6norna l\u00e5g d\u00e5 som nu exponerade f\u00f6r de fuktiga monsunvindarna, vilket ger kaffet sin speciella karakt\u00e4r: m\u00f6rkt, mjuk, milt och helt utan syra.<\/p>\n<p>&nbsp;<\/p>","protected":false},"featured_media":29454,"template":"","meta":[],"product_brand":[],"product_cat":[742,39],"product_tag":[],"varumarke":[],"produkttyp":[121],"smaker":[546,550,146],"class_list":{"0":"post-29427","1":"product","2":"type-product","3":"status-publish","4":"has-post-thumbnail","6":"product_cat-kafferosteriet-gotheborg","7":"product_cat-kaffe","8":"produkttyp-brygg","9":"smaker-kraftfull","10":"smaker-lag-syra","11":"smaker-mjuk","13":"first","14":"instock","15":"taxable","16":"shipping-taxable","17":"purchasable","18":"product-type-variable","19":"has-default-attributes"},"_links":{"self":[{"href":"https:\/\/www.gringonordic.se\/en\/wp-json\/wp\/v2\/product\/29427","targetHints":{"allow":["GET"]}}],"collection":[{"href":"https:\/\/www.gringonordic.se\/en\/wp-json\/wp\/v2\/product"}],"about":[{"href":"https:\/\/www.gringonordic.se\/en\/wp-json\/wp\/v2\/types\/product"}],"wp:featuredmedia":[{"embeddable":true,"href":"https:\/\/www.gringonordic.se\/en\/wp-json\/wp\/v2\/media\/29454"}],"wp:attachment":[{"href":"https:\/\/www.gringonordic.se\/en\/wp-json\/wp\/v2\/media?parent=29427"}],"wp:term":[{"taxonomy":"product_brand","embeddable":true,"href":"https:\/\/www.gringonordic.se\/en\/wp-json\/wp\/v2\/product_brand?post=29427"},{"taxonomy":"product_cat","embeddable":true,"href":"https:\/\/www.gringonordic.se\/en\/wp-json\/wp\/v2\/product_cat?post=29427"},{"taxonomy":"product_tag","embeddable":true,"href":"https:\/\/www.gringonordic.se\/en\/wp-json\/wp\/v2\/product_tag?post=29427"},{"taxonomy":"varumarke","embeddable":true,"href":"https:\/\/www.gringonordic.se\/en\/wp-json\/wp\/v2\/varumarke?post=29427"},{"taxonomy":"produkttyp","embeddable":true,"href":"https:\/\/www.gringonordic.se\/en\/wp-json\/wp\/v2\/produkttyp?post=29427"},{"taxonomy":"smaker","embeddable":true,"href":"https:\/\/www.gringonordic.se\/en\/wp-json\/wp\/v2\/smaker?post=29427"}],"curies":[{"name":"wp","href":"https:\/\/api.w.org\/{rel}","templated":true}]}}