{"id":29268,"date":"2023-08-22T15:18:54","date_gmt":"2023-08-22T13:18:54","guid":{"rendered":"https:\/\/www.gringonordic.se\/?post_type=product&#038;p=29268"},"modified":"2024-06-24T13:53:45","modified_gmt":"2024-06-24T11:53:45","slug":"aeropress-flow-control-filter-cap","status":"publish","type":"product","link":"https:\/\/www.gringonordic.se\/en\/product\/aeropress-flow-control-filter-cap\/","title":{"rendered":"Aeropress &#8211; Flow Control Filter Cap"},"content":{"rendered":"","protected":false},"excerpt":{"rendered":"<p class=\"p1\">Flow Control Filter Cap \u00e4r ett extra tillbeh\u00f6r till kaffebryggaren AeroPress. Den f\u00f6rhindrar att kaffet droppar, g\u00f6r att du kan skapa espressoliknande crema och experimentera med gr\u00f6vre malet kaffe.<\/p>\n<p>Du anv\u00e4nder den genom att s\u00e4tta den p\u00e5 din AeroPress Original, AeroPress Go eller AeroPress Clear. P\u00e5 s\u00e5 s\u00e4tt droppar det inte fr\u00e5n bryggaren, du har full kontroll och kan avg\u00f6ra exakt hur l\u00e4nge kaffet skall bryggas. Du kan \u00e4ven anv\u00e4nda gr\u00f6vre malet kaffe, f\u00f6r att f\u00e5 mer transparens och l\u00e4tthet i koppen.<\/p>\n<p class=\"p1\">Vid anv\u00e4ndning med ett pappersfilter och m\u00f6rkrostat kaffe anv\u00e4nder AeroPress Flow Control Filter Cap ett uppbyggt tryck f\u00f6r att skapa en espressoliknande crema.<\/p>\n<p>AeroPress Flow Control Filter Cap kan anv\u00e4ndas med AeroPress rostfritt st\u00e5lfilter eller AeroPress pappersmikrofilter (eller till och med b\u00e5da samtidigt) f\u00f6r att skapa en m\u00e4ngd olika l\u00e4ckra smakprofiler (filter s\u00e4ljs separat).<\/p>\n<p>Den \u00e4r kompatibel med AeroPress Original, AeroPress Go och AeroPress Clear. Ej kompatibel med AeroPress XL kaffebryggare.(Kaffepress ing\u00e5r ej.)<\/p>\n<p>Tillverkad i USA.<\/p>\n<p>Observera att pappers- eller metallfilter ing\u00e5r inte. AeroPress och glaset som visas p\u00e5 bilden \u00e4r inte en del av setet.<\/p>","protected":false},"featured_media":29270,"template":"","meta":[],"product_brand":[],"product_cat":[616,114,40],"product_tag":[],"varumarke":[262],"produkttyp":[157],"smaker":[180],"class_list":{"0":"post-29268","1":"product","2":"type-product","3":"status-publish","4":"has-post-thumbnail","6":"product_cat-kaffebryggare-manuella","7":"product_cat-kaffefilter","8":"product_cat-tillbehor","9":"varumarke-aeropress","10":"produkttyp-kaffebryggare-filter","11":"smaker-till-din-aeropress","13":"first","14":"instock","15":"taxable","16":"shipping-taxable","17":"purchasable","18":"product-type-simple"},"_links":{"self":[{"href":"https:\/\/www.gringonordic.se\/en\/wp-json\/wp\/v2\/product\/29268","targetHints":{"allow":["GET"]}}],"collection":[{"href":"https:\/\/www.gringonordic.se\/en\/wp-json\/wp\/v2\/product"}],"about":[{"href":"https:\/\/www.gringonordic.se\/en\/wp-json\/wp\/v2\/types\/product"}],"wp:featuredmedia":[{"embeddable":true,"href":"https:\/\/www.gringonordic.se\/en\/wp-json\/wp\/v2\/media\/29270"}],"wp:attachment":[{"href":"https:\/\/www.gringonordic.se\/en\/wp-json\/wp\/v2\/media?parent=29268"}],"wp:term":[{"taxonomy":"product_brand","embeddable":true,"href":"https:\/\/www.gringonordic.se\/en\/wp-json\/wp\/v2\/product_brand?post=29268"},{"taxonomy":"product_cat","embeddable":true,"href":"https:\/\/www.gringonordic.se\/en\/wp-json\/wp\/v2\/product_cat?post=29268"},{"taxonomy":"product_tag","embeddable":true,"href":"https:\/\/www.gringonordic.se\/en\/wp-json\/wp\/v2\/product_tag?post=29268"},{"taxonomy":"varumarke","embeddable":true,"href":"https:\/\/www.gringonordic.se\/en\/wp-json\/wp\/v2\/varumarke?post=29268"},{"taxonomy":"produkttyp","embeddable":true,"href":"https:\/\/www.gringonordic.se\/en\/wp-json\/wp\/v2\/produkttyp?post=29268"},{"taxonomy":"smaker","embeddable":true,"href":"https:\/\/www.gringonordic.se\/en\/wp-json\/wp\/v2\/smaker?post=29268"}],"curies":[{"name":"wp","href":"https:\/\/api.w.org\/{rel}","templated":true}]}}