{"id":29258,"date":"2023-08-22T11:28:04","date_gmt":"2023-08-22T09:28:04","guid":{"rendered":"https:\/\/www.gringonordic.se\/?post_type=product&#038;p=29258"},"modified":"2024-08-28T15:12:28","modified_gmt":"2024-08-28T13:12:28","slug":"aeropress-clear","status":"publish","type":"product","link":"https:\/\/www.gringonordic.se\/en\/product\/aeropress-clear\/","title":{"rendered":"Aeropress CLEAR"},"content":{"rendered":"","protected":false},"excerpt":{"rendered":"<p class=\"p1\">Aeropress Clear \u00e4r den nya versionen av v\u00e4rldens mest \u00e4lskade kaffepress &#8211; alla borde ha en, den kombinerar f\u00f6rdelarna fr\u00e5n French press, pour over och traditionell kaffebryggning. Den g\u00f6r dessutom bryggningen enkel och snabb.<\/p>\n<p class=\"p1\">Denna version \u00e4r gjord i kristallklar Tritan\u2122, vilket g\u00f6r bryggaren \u00e4nnu mer h\u00e5llbar \u00e4n vanlig polypropen. Materialet \u00e4r \u00e4ven l\u00e4tt att reng\u00f6ra, kan diskas i maskin och dessutom ger genomskinligheten \u00e4nnu mer kontroll \u00f6ver bryggprocessen.<\/p>\n<p>Genom att anv\u00e4nda Aeropress, f\u00e5r du upp till 250ml kaffe och hela processen tar bara ett par minuter. Aeropress \u00e4r unik tack vare sin storlek och vikt, vilket g\u00f6r att du kan brygga kaffe var som helst.<\/p>\n<p>I l\u00e5dan ligger: Aeropress Clear, 100 pappersfilter, omr\u00f6rare, kaffeskopa<\/p>","protected":false},"featured_media":29259,"template":"","meta":[],"product_brand":[],"product_cat":[616,40],"product_tag":[],"varumarke":[262],"produkttyp":[157],"smaker":[540],"class_list":{"0":"post-29258","1":"product","2":"type-product","3":"status-publish","4":"has-post-thumbnail","6":"product_cat-kaffebryggare-manuella","7":"product_cat-tillbehor","8":"product_shipping_class-udda-foremal","9":"varumarke-aeropress","10":"produkttyp-kaffebryggare-filter","11":"smaker-ny-klar-aeropress","13":"first","14":"instock","15":"taxable","16":"shipping-taxable","17":"purchasable","18":"product-type-simple"},"_links":{"self":[{"href":"https:\/\/www.gringonordic.se\/en\/wp-json\/wp\/v2\/product\/29258","targetHints":{"allow":["GET"]}}],"collection":[{"href":"https:\/\/www.gringonordic.se\/en\/wp-json\/wp\/v2\/product"}],"about":[{"href":"https:\/\/www.gringonordic.se\/en\/wp-json\/wp\/v2\/types\/product"}],"wp:featuredmedia":[{"embeddable":true,"href":"https:\/\/www.gringonordic.se\/en\/wp-json\/wp\/v2\/media\/29259"}],"wp:attachment":[{"href":"https:\/\/www.gringonordic.se\/en\/wp-json\/wp\/v2\/media?parent=29258"}],"wp:term":[{"taxonomy":"product_brand","embeddable":true,"href":"https:\/\/www.gringonordic.se\/en\/wp-json\/wp\/v2\/product_brand?post=29258"},{"taxonomy":"product_cat","embeddable":true,"href":"https:\/\/www.gringonordic.se\/en\/wp-json\/wp\/v2\/product_cat?post=29258"},{"taxonomy":"product_tag","embeddable":true,"href":"https:\/\/www.gringonordic.se\/en\/wp-json\/wp\/v2\/product_tag?post=29258"},{"taxonomy":"varumarke","embeddable":true,"href":"https:\/\/www.gringonordic.se\/en\/wp-json\/wp\/v2\/varumarke?post=29258"},{"taxonomy":"produkttyp","embeddable":true,"href":"https:\/\/www.gringonordic.se\/en\/wp-json\/wp\/v2\/produkttyp?post=29258"},{"taxonomy":"smaker","embeddable":true,"href":"https:\/\/www.gringonordic.se\/en\/wp-json\/wp\/v2\/smaker?post=29258"}],"curies":[{"name":"wp","href":"https:\/\/api.w.org\/{rel}","templated":true}]}}