{"id":2899,"date":"2022-01-10T10:29:28","date_gmt":"2022-01-10T10:29:28","guid":{"rendered":"https:\/\/www.gringonordic.se\/?post_type=product&#038;p=2899"},"modified":"2026-04-01T10:13:03","modified_gmt":"2026-04-01T08:13:03","slug":"prime-brew-ekologiskt","status":"publish","type":"product","link":"https:\/\/www.gringonordic.se\/en\/product\/prime-brew-ekologiskt\/","title":{"rendered":"Prime Brew - Organic"},"content":{"rendered":"","protected":false},"excerpt":{"rendered":"<p class=\"p1\">Hos Prime Brew kan du f\u00f6rv\u00e4nta dig en fin s\u00f6tma fr\u00e5n h\u00f6gv\u00e4xta och ekologiska kaffeb\u00f6nor fr\u00e4mst fr\u00e5n Etiopien och Peru. Valet av b\u00f6nor ger Prime Brew en tropiskt fruktig smak, med toner av s\u00f6ta b\u00e4r. Kroppen \u00e4r medelfyllig och kr\u00e4mig, helt utan bitterhet.<\/p>\n<p class=\"p1\">Organically Certified<\/p>\n<p class=\"p1\"><strong>CURRENT BLEND<\/strong><br \/>\n&#8211; Peru Nueva Florida<br \/>\n&#8211; Etiopien Guji Ambella Natural<br \/>\n&#8211; Etiopien Suke Quto Washed<\/p>\n<p class=\"p1\"><strong>THE ROASTING PROFILE ON THE PRIME<br \/>\n<\/strong>Prime has a slightly lighter roasting, which highlights the coffee's natural properties. The gentle roasting gives the coffee complexity and highlights the beans' natural sweetness, fruitiness and richness of taste. The lighter roasting also gives the coffee a soft fullness.<\/p>\n<p class=\"p1\">Organically certified (SE-EKO-04)<\/p>","protected":false},"featured_media":444,"template":"","meta":[],"product_brand":[],"product_cat":[44,39],"product_tag":[101],"varumarke":[],"produkttyp":[121],"smaker":[124,123,122],"class_list":{"0":"post-2899","1":"product","2":"type-product","3":"status-publish","4":"has-post-thumbnail","6":"product_cat-bryggkaffe","7":"product_cat-kaffe","8":"product_tag-fruktigt-smakrikt","9":"produkttyp-brygg","10":"smaker-elegant","11":"smaker-fruktig","12":"smaker-smakrik","14":"first","15":"instock","16":"taxable","17":"shipping-taxable","18":"purchasable","19":"product-type-variable","20":"has-default-attributes"},"_links":{"self":[{"href":"https:\/\/www.gringonordic.se\/en\/wp-json\/wp\/v2\/product\/2899","targetHints":{"allow":["GET"]}}],"collection":[{"href":"https:\/\/www.gringonordic.se\/en\/wp-json\/wp\/v2\/product"}],"about":[{"href":"https:\/\/www.gringonordic.se\/en\/wp-json\/wp\/v2\/types\/product"}],"wp:featuredmedia":[{"embeddable":true,"href":"https:\/\/www.gringonordic.se\/en\/wp-json\/wp\/v2\/media\/444"}],"wp:attachment":[{"href":"https:\/\/www.gringonordic.se\/en\/wp-json\/wp\/v2\/media?parent=2899"}],"wp:term":[{"taxonomy":"product_brand","embeddable":true,"href":"https:\/\/www.gringonordic.se\/en\/wp-json\/wp\/v2\/product_brand?post=2899"},{"taxonomy":"product_cat","embeddable":true,"href":"https:\/\/www.gringonordic.se\/en\/wp-json\/wp\/v2\/product_cat?post=2899"},{"taxonomy":"product_tag","embeddable":true,"href":"https:\/\/www.gringonordic.se\/en\/wp-json\/wp\/v2\/product_tag?post=2899"},{"taxonomy":"varumarke","embeddable":true,"href":"https:\/\/www.gringonordic.se\/en\/wp-json\/wp\/v2\/varumarke?post=2899"},{"taxonomy":"produkttyp","embeddable":true,"href":"https:\/\/www.gringonordic.se\/en\/wp-json\/wp\/v2\/produkttyp?post=2899"},{"taxonomy":"smaker","embeddable":true,"href":"https:\/\/www.gringonordic.se\/en\/wp-json\/wp\/v2\/smaker?post=2899"}],"curies":[{"name":"wp","href":"https:\/\/api.w.org\/{rel}","templated":true}]}}