{"id":2873,"date":"2022-01-10T08:14:00","date_gmt":"2022-01-10T08:14:00","guid":{"rendered":"https:\/\/www.gringonordic.se\/?post_type=product&#038;p=2873"},"modified":"2023-06-30T11:14:16","modified_gmt":"2023-06-30T09:14:16","slug":"kaffekvarn-wilfa-black","status":"publish","type":"product","link":"https:\/\/www.gringonordic.se\/en\/product\/kaffekvarn-wilfa-black\/","title":{"rendered":"Kaffekvarn Wilfa Black"},"content":{"rendered":"","protected":false},"excerpt":{"rendered":"<p class=\"p1\">Vi har jobbat med Wilfa i m\u00e5nga \u00e5r nu och enligt oss \u00e4r det den perfekta f\u00f6rsta kaffekvarnen! Denna elektriska kvarn har h\u00f6g kvalitet p\u00e5 det koniska malverket och ger dig perfekt nymalet kaffe varje g\u00e5ng. Du kan enkelt v\u00e4lja mellan 5 olika malningsgrader; kokkaffe, filterkaffe, presskaffe, mocka och aeropress.<\/p>\n<p>A new improved motor with lower speed provides low heat output so that the aroma and taste of the coffee is best preserved. The grinder also has a timer function for the correct amount of coffee each time and hidden cord storage!<\/p>\n<p>Wilfa kaffekvarn Black \u00e4r en extremt prisv\u00e4rd kaffekvarn med justerbara inst\u00e4llningar som \u00e4r l\u00e4mpliga f\u00f6r att brygga alla typer av filter kaffe, fr\u00e5n mokabryggare till grov presskanna.<\/p>\n<p>Wilfa Black GWS-130B<br \/>\nSize: W155 x D200 x H312mm<br \/>\nCapacity: 250g<\/p>","protected":false},"featured_media":884,"template":"","meta":[],"product_brand":[],"product_cat":[58,40],"product_tag":[],"varumarke":[267],"produkttyp":[203],"smaker":[],"class_list":{"0":"post-2873","1":"product","2":"type-product","3":"status-publish","4":"has-post-thumbnail","6":"product_cat-elektriska","7":"product_cat-tillbehor","8":"varumarke-wilfa","9":"produkttyp-kaffekvarnar-elektriska","11":"first","12":"instock","13":"taxable","14":"shipping-taxable","15":"purchasable","16":"product-type-simple"},"_links":{"self":[{"href":"https:\/\/www.gringonordic.se\/en\/wp-json\/wp\/v2\/product\/2873","targetHints":{"allow":["GET"]}}],"collection":[{"href":"https:\/\/www.gringonordic.se\/en\/wp-json\/wp\/v2\/product"}],"about":[{"href":"https:\/\/www.gringonordic.se\/en\/wp-json\/wp\/v2\/types\/product"}],"wp:featuredmedia":[{"embeddable":true,"href":"https:\/\/www.gringonordic.se\/en\/wp-json\/wp\/v2\/media\/884"}],"wp:attachment":[{"href":"https:\/\/www.gringonordic.se\/en\/wp-json\/wp\/v2\/media?parent=2873"}],"wp:term":[{"taxonomy":"product_brand","embeddable":true,"href":"https:\/\/www.gringonordic.se\/en\/wp-json\/wp\/v2\/product_brand?post=2873"},{"taxonomy":"product_cat","embeddable":true,"href":"https:\/\/www.gringonordic.se\/en\/wp-json\/wp\/v2\/product_cat?post=2873"},{"taxonomy":"product_tag","embeddable":true,"href":"https:\/\/www.gringonordic.se\/en\/wp-json\/wp\/v2\/product_tag?post=2873"},{"taxonomy":"varumarke","embeddable":true,"href":"https:\/\/www.gringonordic.se\/en\/wp-json\/wp\/v2\/varumarke?post=2873"},{"taxonomy":"produkttyp","embeddable":true,"href":"https:\/\/www.gringonordic.se\/en\/wp-json\/wp\/v2\/produkttyp?post=2873"},{"taxonomy":"smaker","embeddable":true,"href":"https:\/\/www.gringonordic.se\/en\/wp-json\/wp\/v2\/smaker?post=2873"}],"curies":[{"name":"wp","href":"https:\/\/api.w.org\/{rel}","templated":true}]}}