{"id":2865,"date":"2022-01-10T08:01:00","date_gmt":"2022-01-10T08:01:00","guid":{"rendered":"https:\/\/www.gringonordic.se\/?post_type=product&#038;p=2865"},"modified":"2022-04-08T09:47:10","modified_gmt":"2022-04-08T09:47:10","slug":"cafelat-rengoringsborste","status":"publish","type":"product","link":"https:\/\/www.gringonordic.se\/en\/product\/cafelat-rengoringsborste\/","title":{"rendered":"Cafelat Cleaning Brush"},"content":{"rendered":"","protected":false},"excerpt":{"rendered":"<p class=\"p1\">Cafelats reng\u00f6ringsborste \u00e4r utformad f\u00f6r att reng\u00f6ra ditt grupphuvud p\u00e5 din espressomaskin, s\u00e4rskilt de omr\u00e5den runt packningen som \u00e4r sv\u00e5ra att n\u00e5. Borsten \u00e4r flexibel och passar de flesta vanliga kommersiella espressomaskiner och &#8220;l\u00e5ser&#8221; in i gruppen precis som ett portafilter.<\/p>\n<p>Each box is delivered with a replacement brush in natural fiber. Complete instructions on how to use and replace brushes are included.<\/p>","protected":false},"featured_media":847,"template":"","meta":[],"product_brand":[],"product_cat":[55,40],"product_tag":[],"varumarke":[255],"produkttyp":[197],"smaker":[202],"class_list":{"0":"post-2865","1":"product","2":"type-product","3":"status-publish","4":"has-post-thumbnail","6":"product_cat-rengoringsprodukter","7":"product_cat-tillbehor","8":"varumarke-cafelat","9":"produkttyp-rengoringsprodukter","10":"smaker-grupphuvud-58-mm","12":"first","13":"instock","14":"taxable","15":"shipping-taxable","16":"purchasable","17":"product-type-simple"},"_links":{"self":[{"href":"https:\/\/www.gringonordic.se\/en\/wp-json\/wp\/v2\/product\/2865","targetHints":{"allow":["GET"]}}],"collection":[{"href":"https:\/\/www.gringonordic.se\/en\/wp-json\/wp\/v2\/product"}],"about":[{"href":"https:\/\/www.gringonordic.se\/en\/wp-json\/wp\/v2\/types\/product"}],"wp:featuredmedia":[{"embeddable":true,"href":"https:\/\/www.gringonordic.se\/en\/wp-json\/wp\/v2\/media\/847"}],"wp:attachment":[{"href":"https:\/\/www.gringonordic.se\/en\/wp-json\/wp\/v2\/media?parent=2865"}],"wp:term":[{"taxonomy":"product_brand","embeddable":true,"href":"https:\/\/www.gringonordic.se\/en\/wp-json\/wp\/v2\/product_brand?post=2865"},{"taxonomy":"product_cat","embeddable":true,"href":"https:\/\/www.gringonordic.se\/en\/wp-json\/wp\/v2\/product_cat?post=2865"},{"taxonomy":"product_tag","embeddable":true,"href":"https:\/\/www.gringonordic.se\/en\/wp-json\/wp\/v2\/product_tag?post=2865"},{"taxonomy":"varumarke","embeddable":true,"href":"https:\/\/www.gringonordic.se\/en\/wp-json\/wp\/v2\/varumarke?post=2865"},{"taxonomy":"produkttyp","embeddable":true,"href":"https:\/\/www.gringonordic.se\/en\/wp-json\/wp\/v2\/produkttyp?post=2865"},{"taxonomy":"smaker","embeddable":true,"href":"https:\/\/www.gringonordic.se\/en\/wp-json\/wp\/v2\/smaker?post=2865"}],"curies":[{"name":"wp","href":"https:\/\/api.w.org\/{rel}","templated":true}]}}