{"id":2861,"date":"2022-01-10T07:58:00","date_gmt":"2022-01-10T07:58:00","guid":{"rendered":"https:\/\/www.gringonordic.se\/?post_type=product&#038;p=2861"},"modified":"2022-11-17T10:14:31","modified_gmt":"2022-11-17T10:14:31","slug":"rengoringsborste-bryggrupp","status":"publish","type":"product","link":"https:\/\/www.gringonordic.se\/en\/product\/rengoringsborste-bryggrupp\/","title":{"rendered":"Borste till reng\u00f6ring av brygghuvud"},"content":{"rendered":"","protected":false},"excerpt":{"rendered":"<p>Borste som \u00e4r bra n\u00e4r man ska reng\u00f6ra packning och duschhuvud till espressomaskin.<\/p>\n<p>Borsten \u00e4r gjord i nylon.<\/p>","protected":false},"featured_media":842,"template":"","meta":[],"product_brand":[],"product_cat":[55,40],"product_tag":[],"varumarke":[],"produkttyp":[197],"smaker":[],"class_list":{"0":"post-2861","1":"product","2":"type-product","3":"status-publish","4":"has-post-thumbnail","6":"product_cat-rengoringsprodukter","7":"product_cat-tillbehor","8":"produkttyp-rengoringsprodukter","10":"first","11":"instock","12":"taxable","13":"shipping-taxable","14":"purchasable","15":"product-type-simple"},"_links":{"self":[{"href":"https:\/\/www.gringonordic.se\/en\/wp-json\/wp\/v2\/product\/2861","targetHints":{"allow":["GET"]}}],"collection":[{"href":"https:\/\/www.gringonordic.se\/en\/wp-json\/wp\/v2\/product"}],"about":[{"href":"https:\/\/www.gringonordic.se\/en\/wp-json\/wp\/v2\/types\/product"}],"wp:featuredmedia":[{"embeddable":true,"href":"https:\/\/www.gringonordic.se\/en\/wp-json\/wp\/v2\/media\/842"}],"wp:attachment":[{"href":"https:\/\/www.gringonordic.se\/en\/wp-json\/wp\/v2\/media?parent=2861"}],"wp:term":[{"taxonomy":"product_brand","embeddable":true,"href":"https:\/\/www.gringonordic.se\/en\/wp-json\/wp\/v2\/product_brand?post=2861"},{"taxonomy":"product_cat","embeddable":true,"href":"https:\/\/www.gringonordic.se\/en\/wp-json\/wp\/v2\/product_cat?post=2861"},{"taxonomy":"product_tag","embeddable":true,"href":"https:\/\/www.gringonordic.se\/en\/wp-json\/wp\/v2\/product_tag?post=2861"},{"taxonomy":"varumarke","embeddable":true,"href":"https:\/\/www.gringonordic.se\/en\/wp-json\/wp\/v2\/varumarke?post=2861"},{"taxonomy":"produkttyp","embeddable":true,"href":"https:\/\/www.gringonordic.se\/en\/wp-json\/wp\/v2\/produkttyp?post=2861"},{"taxonomy":"smaker","embeddable":true,"href":"https:\/\/www.gringonordic.se\/en\/wp-json\/wp\/v2\/smaker?post=2861"}],"curies":[{"name":"wp","href":"https:\/\/api.w.org\/{rel}","templated":true}]}}