{"id":28320,"date":"2023-07-11T20:15:21","date_gmt":"2023-07-11T18:15:21","guid":{"rendered":"https:\/\/www.gringonordic.se\/?post_type=product&#038;p=28320"},"modified":"2025-03-19T10:40:54","modified_gmt":"2025-03-19T09:40:54","slug":"varia-aku-digital-vag","status":"publish","type":"product","link":"https:\/\/www.gringonordic.se\/en\/product\/varia-aku-digital-vag\/","title":{"rendered":"Varia AKU- Digital V\u00e5g"},"content":{"rendered":"","protected":false},"excerpt":{"rendered":"<p>AKU \u00e4r den perfekt kaffev\u00e5gen f\u00f6r b\u00e5de hemmet och caf\u00e9et och \u00e4r utrustad med b\u00e5de auto tare och timing modes f\u00f6r att ge full kontroll \u00f6ver varje bryggning.<\/p>\n<p>L\u00e4gena f\u00f6r automatisk tarering och timing \u00e4r skr\u00e4ddarsydda speciellt f\u00f6r espressobryggning, s\u00e5 att du enkelt kan uppn\u00e5 konsekventa resultat. \u00c5 andra sidan ger de manuella l\u00e4gena dig fullst\u00e4ndig kontroll \u00f6ver varje variabel, vilket ger dig m\u00f6jlighet att brygga ditt kaffe precis som du vill ha det.<\/p>\n<p>Den tydliga 9-siffriga LED-sk\u00e4rmen f\u00f6rb\u00e4ttrar anv\u00e4ndarupplevelsen ytterligare, vilket g\u00f6r det enkelt att l\u00e4sa och justera olika m\u00e4tningsfunktioner.<\/p>\n<p>AKU har en k\u00e4nslighet p\u00e5 ca 0,1 g genom hela v\u00e4gningen och har en klar 9-siffrig LED-display.<\/p>\n<p>Vattenresistent<\/p>\n<p>Kan v\u00e4ga upp till 3,1kg<\/p>\n<p>Medf\u00f6ljer 1x silikon\u00f6verdrag<\/p>\n<p>Non-slip silikonf\u00f6tter<\/p>\n<p>M\u00e5tt: 120x110x19mm<\/p>","protected":false},"featured_media":28324,"template":"","meta":[],"product_brand":[],"product_cat":[40,524],"product_tag":[],"varumarke":[521],"produkttyp":[525],"smaker":[650],"class_list":{"0":"post-28320","1":"product","2":"type-product","3":"status-publish","4":"has-post-thumbnail","6":"product_cat-tillbehor","7":"product_cat-vagar","8":"varumarke-varia","9":"produkttyp-vagar","10":"smaker-digital-precisionsvag","12":"first","13":"instock","14":"taxable","15":"shipping-taxable","16":"purchasable","17":"product-type-variable","18":"has-default-attributes"},"_links":{"self":[{"href":"https:\/\/www.gringonordic.se\/en\/wp-json\/wp\/v2\/product\/28320","targetHints":{"allow":["GET"]}}],"collection":[{"href":"https:\/\/www.gringonordic.se\/en\/wp-json\/wp\/v2\/product"}],"about":[{"href":"https:\/\/www.gringonordic.se\/en\/wp-json\/wp\/v2\/types\/product"}],"wp:featuredmedia":[{"embeddable":true,"href":"https:\/\/www.gringonordic.se\/en\/wp-json\/wp\/v2\/media\/28324"}],"wp:attachment":[{"href":"https:\/\/www.gringonordic.se\/en\/wp-json\/wp\/v2\/media?parent=28320"}],"wp:term":[{"taxonomy":"product_brand","embeddable":true,"href":"https:\/\/www.gringonordic.se\/en\/wp-json\/wp\/v2\/product_brand?post=28320"},{"taxonomy":"product_cat","embeddable":true,"href":"https:\/\/www.gringonordic.se\/en\/wp-json\/wp\/v2\/product_cat?post=28320"},{"taxonomy":"product_tag","embeddable":true,"href":"https:\/\/www.gringonordic.se\/en\/wp-json\/wp\/v2\/product_tag?post=28320"},{"taxonomy":"varumarke","embeddable":true,"href":"https:\/\/www.gringonordic.se\/en\/wp-json\/wp\/v2\/varumarke?post=28320"},{"taxonomy":"produkttyp","embeddable":true,"href":"https:\/\/www.gringonordic.se\/en\/wp-json\/wp\/v2\/produkttyp?post=28320"},{"taxonomy":"smaker","embeddable":true,"href":"https:\/\/www.gringonordic.se\/en\/wp-json\/wp\/v2\/smaker?post=28320"}],"curies":[{"name":"wp","href":"https:\/\/api.w.org\/{rel}","templated":true}]}}