{"id":28280,"date":"2023-07-11T11:07:43","date_gmt":"2023-07-11T09:07:43","guid":{"rendered":"https:\/\/www.gringonordic.se\/?post_type=product&#038;p=28280"},"modified":"2026-03-04T08:14:27","modified_gmt":"2026-03-04T07:14:27","slug":"varia-vs3-2nd-generation","status":"publish","type":"product","link":"https:\/\/www.gringonordic.se\/en\/product\/varia-vs3-2nd-generation\/","title":{"rendered":"Varia VS3 (2nd Generation) &#8211; Kaffekvarn f\u00f6r Espresso &#038; Brygg"},"content":{"rendered":"","protected":false},"excerpt":{"rendered":"<p>Varia VS3 \u00e4r en riktigt solid kvarn, som passar till alla bryggmetoder, den kan t ex mala v\u00e4ldigt fint (perfekt f\u00f6r espresso). Konstruktionen \u00e4r gedigen och kvarnen ger en extrem k\u00e4nsla av kvalitet. Mycket kvarn f\u00f6r pengarna helt enkelt.<\/p>\n<p><strong>N\u00c5GRA VIKTIGA FUNKTIONER:<\/strong><\/p>\n<ul>\n<li>Koniska malskivor i rostfritt st\u00e5l, som levererar en l\u00e5g hastighet p\u00e5 190 varv per minut. Den bibeh\u00e5ller konsekvent precision, och har en inbyggd s\u00e4kerhetsmekanism f\u00f6r \u00f6vervridningsskydd, s\u00e5 malskivorna inte riskerar skadas ifall man maler f\u00f6r fint.<\/li>\n<li>Antistatisk design. Den antistatiska designen inneb\u00e4r att metalldelar \u00e4r behandlade med antistatisk ytbehandling, vilket s\u00e4kerst\u00e4ller minimal statisk retention och s\u00e4kerst\u00e4ller att kaffe endast kommer i kontakt med metall under hela processen, fr\u00e5n beh\u00e5llaren till doseringskoppen.<\/li>\n<li>VS3 l\u00e5ter dig f\u00e5 exakt den malning du vill ha, med stegl\u00f6s justering som man\u00f6vreras genom att vrida 30g-beh\u00e5llaren i \u00f6nskad riktning. Med praktiskt taget o\u00e4ndliga partikelstorleksalternativ har du full kontroll \u00f6ver din malning.<\/li>\n<li>Kvarnen har halkfria silikonf\u00f6tter, vilket s\u00e4kerst\u00e4ller att den stannar p\u00e5 plats medan du maler ditt kaffe.<\/li>\n<li>Varia VS3 har en stegl\u00f6s justering. Beh\u00e5llaren kan vridas i \u00f6nskad riktning. Som ett resultat av den stegl\u00f6sa monteringen kan Varia VS3 uppn\u00e5 praktiskt taget o\u00e4ndliga malningsstorlekar, vilket ger dig full tillg\u00e5ng till att experimentera med dina bryggningar.Varje f\u00f6rskjutning av graderna representerar en relativ vertikal gradf\u00f6rskjutning p\u00e5 20 mikron eller 0,02 mm per steg.<\/li>\n<li>Pressgjuten rymdgodk\u00e4nd aluminiumlegering och alla kritiska delar \u00e4r CNC-bearbetade (bearbetade med datornumerisk styrning) till 0,02 mm precisionstoleranser som ger absolut noggrannhet och stabilitet vid justeringar och slipning.<\/li>\n<\/ul>\n<p><strong>SPECIFICATIONS:<\/strong><\/p>\n<ul>\n<li>Malverk: 48 mm koniskt (38 mm innerdiameter) i rostfritt st\u00e5l, h\u00e5rdhet HRC58. Rekommenderas att bytas vid ca 150 kilo malet kaffe.<\/li>\n<li>Maximal rekommenderad kontinuerlig malningstid: 60 sekunder +90 sekunder vila<\/li>\n<li>Malningsinst\u00e4llning: Stegl\u00f6s justering \/ (20 mikron) relativ vertikal gradf\u00f6rskjutning eller 0,02 mm per steg.<\/li>\n<li>Malningshastighet: Espressoinst\u00e4llning: 24 sekunder, Filter #0-inst\u00e4llning: 15 sekunder<\/li>\n<li>Beh\u00e5llarens kapacitet: 30g<\/li>\n<li>Konstruktionsmaterial: ADC12 pressgjuten och bearbetad aluminium<\/li>\n<li>Motor: Ny typ 100W DC-motor \/ 190RPM Ingen belastning hastighet &#8211; Full v\u00e4xell\u00e5da i rostfritt st\u00e5l<\/li>\n<li>Sp\u00e4nning: 100-240V<\/li>\n<li>Vridmoment: 28kg.cm<\/li>\n<li>M\u00e5tt: 147 x 90 x 310 mm<\/li>\n<li>Vikt: 3,2 kg<\/li>\n<\/ul>\n<p><strong>ING\u00c5R I KARTONGEN:<\/strong><\/p>\n<ul>\n<li>1 x VS3-kaffekvarn (supernovamalverk i rostfritt st\u00e5l ing\u00e5r)<\/li>\n<li>1 x Anv\u00e4ndarmanual<\/li>\n<li>1 x likstr\u00f6msadapter (Inkluderar vald n\u00e4tsladd och kontakt)<\/li>\n<li>1 x Magnetisk doseringskopp<\/li>\n<li>1 x silikonb\u00e4lg f\u00f6r kaffebeh\u00e5llaren<\/li>\n<li>1 x 5 ml RDT sprayflaska (f\u00f6r att minimera statiskt kaffe)<\/li>\n<li>x Reng\u00f6ringsborst<\/li>\n<li>1 x Ers\u00e4ttningsset med 4 x malningsfj\u00e4drar<\/li>\n<li>\u00a0x insexnyckel f\u00f6r borrhusskruvar<\/li>\n<\/ul>\n<p>&nbsp;<\/p>","protected":false},"featured_media":28284,"template":"","meta":[],"product_brand":[762],"product_cat":[58,40],"product_tag":[],"varumarke":[521],"produkttyp":[203],"smaker":[],"class_list":{"0":"post-28280","1":"product","2":"type-product","3":"status-publish","4":"has-post-thumbnail","6":"product_brand-varia","7":"product_cat-elektriska","8":"product_cat-tillbehor","9":"varumarke-varia","10":"produkttyp-kaffekvarnar-elektriska","12":"first","13":"instock","14":"taxable","15":"shipping-taxable","16":"purchasable","17":"product-type-simple"},"_links":{"self":[{"href":"https:\/\/www.gringonordic.se\/en\/wp-json\/wp\/v2\/product\/28280","targetHints":{"allow":["GET"]}}],"collection":[{"href":"https:\/\/www.gringonordic.se\/en\/wp-json\/wp\/v2\/product"}],"about":[{"href":"https:\/\/www.gringonordic.se\/en\/wp-json\/wp\/v2\/types\/product"}],"wp:featuredmedia":[{"embeddable":true,"href":"https:\/\/www.gringonordic.se\/en\/wp-json\/wp\/v2\/media\/28284"}],"wp:attachment":[{"href":"https:\/\/www.gringonordic.se\/en\/wp-json\/wp\/v2\/media?parent=28280"}],"wp:term":[{"taxonomy":"product_brand","embeddable":true,"href":"https:\/\/www.gringonordic.se\/en\/wp-json\/wp\/v2\/product_brand?post=28280"},{"taxonomy":"product_cat","embeddable":true,"href":"https:\/\/www.gringonordic.se\/en\/wp-json\/wp\/v2\/product_cat?post=28280"},{"taxonomy":"product_tag","embeddable":true,"href":"https:\/\/www.gringonordic.se\/en\/wp-json\/wp\/v2\/product_tag?post=28280"},{"taxonomy":"varumarke","embeddable":true,"href":"https:\/\/www.gringonordic.se\/en\/wp-json\/wp\/v2\/varumarke?post=28280"},{"taxonomy":"produkttyp","embeddable":true,"href":"https:\/\/www.gringonordic.se\/en\/wp-json\/wp\/v2\/produkttyp?post=28280"},{"taxonomy":"smaker","embeddable":true,"href":"https:\/\/www.gringonordic.se\/en\/wp-json\/wp\/v2\/smaker?post=28280"}],"curies":[{"name":"wp","href":"https:\/\/api.w.org\/{rel}","templated":true}]}}