{"id":28257,"date":"2023-07-11T09:43:45","date_gmt":"2023-07-11T07:43:45","guid":{"rendered":"https:\/\/www.gringonordic.se\/?post_type=product&#038;p=28257"},"modified":"2025-07-06T19:51:37","modified_gmt":"2025-07-06T17:51:37","slug":"hario-cold-brew-bottle-750-ml","status":"publish","type":"product","link":"https:\/\/www.gringonordic.se\/en\/product\/hario-cold-brew-bottle-750-ml\/","title":{"rendered":"Hario Cold Brew Bottle 750 ml"},"content":{"rendered":"","protected":false},"excerpt":{"rendered":"<header>Med en Cold brew bottle f\u00e5r\u00a0du ett fylligt smakrikt iste, tack vare att det kalla vattnet inte extraherar koffeinet i samma grad som varmt vatten. Tebladens teanin och c-vitamin f\u00e5r huvudrollen och munk\u00e4nslan blir lenare och s\u00f6tare.<\/header>\n<p>Det avtagbara silikonlocket med inbyggt filtret separerar effektivt bort teblad och andra ingredienser s\u00e5 dom inte hamnar i glaset. Medans breda \u00f6ppningen p\u00e5 glasbeh\u00e5llaren g\u00f6r allt l\u00e4tt att reng\u00f6ra f\u00f6r en ny bryggning.<\/p>","protected":false},"featured_media":28260,"template":"","meta":[],"product_brand":[],"product_cat":[518,40],"product_tag":[],"varumarke":[264],"produkttyp":[523],"smaker":[691],"class_list":{"0":"post-28257","1":"product","2":"type-product","3":"status-publish","4":"has-post-thumbnail","6":"product_cat-tebryggning","7":"product_cat-tillbehor","8":"varumarke-hario","9":"produkttyp-tebryggning","10":"smaker-green-cold-brew","12":"first","13":"instock","14":"taxable","15":"shipping-taxable","16":"purchasable","17":"product-type-simple"},"_links":{"self":[{"href":"https:\/\/www.gringonordic.se\/en\/wp-json\/wp\/v2\/product\/28257","targetHints":{"allow":["GET"]}}],"collection":[{"href":"https:\/\/www.gringonordic.se\/en\/wp-json\/wp\/v2\/product"}],"about":[{"href":"https:\/\/www.gringonordic.se\/en\/wp-json\/wp\/v2\/types\/product"}],"wp:featuredmedia":[{"embeddable":true,"href":"https:\/\/www.gringonordic.se\/en\/wp-json\/wp\/v2\/media\/28260"}],"wp:attachment":[{"href":"https:\/\/www.gringonordic.se\/en\/wp-json\/wp\/v2\/media?parent=28257"}],"wp:term":[{"taxonomy":"product_brand","embeddable":true,"href":"https:\/\/www.gringonordic.se\/en\/wp-json\/wp\/v2\/product_brand?post=28257"},{"taxonomy":"product_cat","embeddable":true,"href":"https:\/\/www.gringonordic.se\/en\/wp-json\/wp\/v2\/product_cat?post=28257"},{"taxonomy":"product_tag","embeddable":true,"href":"https:\/\/www.gringonordic.se\/en\/wp-json\/wp\/v2\/product_tag?post=28257"},{"taxonomy":"varumarke","embeddable":true,"href":"https:\/\/www.gringonordic.se\/en\/wp-json\/wp\/v2\/varumarke?post=28257"},{"taxonomy":"produkttyp","embeddable":true,"href":"https:\/\/www.gringonordic.se\/en\/wp-json\/wp\/v2\/produkttyp?post=28257"},{"taxonomy":"smaker","embeddable":true,"href":"https:\/\/www.gringonordic.se\/en\/wp-json\/wp\/v2\/smaker?post=28257"}],"curies":[{"name":"wp","href":"https:\/\/api.w.org\/{rel}","templated":true}]}}