{"id":2707,"date":"2022-01-07T14:32:36","date_gmt":"2022-01-07T14:32:36","guid":{"rendered":"https:\/\/www.gringonordic.se\/?post_type=product&#038;p=2707"},"modified":"2025-03-19T16:34:53","modified_gmt":"2025-03-19T15:34:53","slug":"hario-pappersfilter-v60","status":"publish","type":"product","link":"https:\/\/www.gringonordic.se\/en\/product\/hario-pappersfilter-v60\/","title":{"rendered":"Hario paper filter V60"},"content":{"rendered":"","protected":false},"excerpt":{"rendered":"<p class=\"p1\">Pappersfilter fr\u00e5n Hario som \u00e4r perfekt till din V60 dripper. Dessa kaffefilter \u00e4r konformade vilket \u00e4r bra f\u00f6r flera anledningar. Bland annat s\u00e5 blir lufttillstr\u00f6mningen under bryggningen b\u00e4ttre vilket tillsammans r\u00e4fflorna p\u00e5 insidan av V60 ger ett optimalt resultat. Om du bl\u00f6ter filtret med varmt vatten innan du s\u00e4tter i det i din V60 slipper du f\u00e5 en bismak av papper i ditt kaffe.<\/p>\n<p class=\"p1\">Dessa filter kommer i en f\u00f6rpackning med 100 stycken.<\/p>","protected":false},"featured_media":47737,"template":"","meta":[],"product_brand":[],"product_cat":[114,40],"product_tag":[],"varumarke":[264],"produkttyp":[238],"smaker":[239],"class_list":{"0":"post-2707","1":"product","2":"type-product","3":"status-publish","4":"has-post-thumbnail","6":"product_cat-kaffefilter","7":"product_cat-tillbehor","8":"varumarke-hario","9":"produkttyp-kaffefilter","10":"smaker-v01-v02","12":"first","13":"instock","14":"taxable","15":"shipping-taxable","16":"purchasable","17":"product-type-variable","18":"has-default-attributes"},"_links":{"self":[{"href":"https:\/\/www.gringonordic.se\/en\/wp-json\/wp\/v2\/product\/2707","targetHints":{"allow":["GET"]}}],"collection":[{"href":"https:\/\/www.gringonordic.se\/en\/wp-json\/wp\/v2\/product"}],"about":[{"href":"https:\/\/www.gringonordic.se\/en\/wp-json\/wp\/v2\/types\/product"}],"wp:featuredmedia":[{"embeddable":true,"href":"https:\/\/www.gringonordic.se\/en\/wp-json\/wp\/v2\/media\/47737"}],"wp:attachment":[{"href":"https:\/\/www.gringonordic.se\/en\/wp-json\/wp\/v2\/media?parent=2707"}],"wp:term":[{"taxonomy":"product_brand","embeddable":true,"href":"https:\/\/www.gringonordic.se\/en\/wp-json\/wp\/v2\/product_brand?post=2707"},{"taxonomy":"product_cat","embeddable":true,"href":"https:\/\/www.gringonordic.se\/en\/wp-json\/wp\/v2\/product_cat?post=2707"},{"taxonomy":"product_tag","embeddable":true,"href":"https:\/\/www.gringonordic.se\/en\/wp-json\/wp\/v2\/product_tag?post=2707"},{"taxonomy":"varumarke","embeddable":true,"href":"https:\/\/www.gringonordic.se\/en\/wp-json\/wp\/v2\/varumarke?post=2707"},{"taxonomy":"produkttyp","embeddable":true,"href":"https:\/\/www.gringonordic.se\/en\/wp-json\/wp\/v2\/produkttyp?post=2707"},{"taxonomy":"smaker","embeddable":true,"href":"https:\/\/www.gringonordic.se\/en\/wp-json\/wp\/v2\/smaker?post=2707"}],"curies":[{"name":"wp","href":"https:\/\/api.w.org\/{rel}","templated":true}]}}