{"id":2686,"date":"2022-01-07T13:53:00","date_gmt":"2022-01-07T13:53:00","guid":{"rendered":"https:\/\/www.gringonordic.se\/?post_type=product&#038;p=2686"},"modified":"2024-06-24T14:13:22","modified_gmt":"2024-06-24T12:13:22","slug":"kalita-server-500-ml","status":"publish","type":"product","link":"https:\/\/www.gringonordic.se\/en\/product\/kalita-server-500-ml\/","title":{"rendered":"Kalita Server"},"content":{"rendered":"","protected":false},"excerpt":{"rendered":"<p class=\"p1\">G\u00f6r din manuella kaffebryggning komplett med denna serveringskanna i tunnt men h\u00e5llbart glas fr\u00e5n Kalita. Rymmer 300 eller 500 ml kaffe, passar till bryggfilter i 155 eller 185-storlek i Wave-serien.<\/p>","protected":false},"featured_media":6686,"template":"","meta":[],"product_brand":[],"product_cat":[40,616],"product_tag":[],"varumarke":[265],"produkttyp":[618],"smaker":[394],"class_list":{"0":"post-2686","1":"product","2":"type-product","3":"status-publish","4":"has-post-thumbnail","6":"product_cat-tillbehor","7":"product_cat-kaffebryggare-manuella","8":"varumarke-kalita","9":"produkttyp-kaffebryggare-manuella","10":"smaker-300-500-ml","12":"first","13":"instock","14":"taxable","15":"shipping-taxable","16":"purchasable","17":"product-type-variable","18":"has-default-attributes"},"_links":{"self":[{"href":"https:\/\/www.gringonordic.se\/en\/wp-json\/wp\/v2\/product\/2686","targetHints":{"allow":["GET"]}}],"collection":[{"href":"https:\/\/www.gringonordic.se\/en\/wp-json\/wp\/v2\/product"}],"about":[{"href":"https:\/\/www.gringonordic.se\/en\/wp-json\/wp\/v2\/types\/product"}],"wp:featuredmedia":[{"embeddable":true,"href":"https:\/\/www.gringonordic.se\/en\/wp-json\/wp\/v2\/media\/6686"}],"wp:attachment":[{"href":"https:\/\/www.gringonordic.se\/en\/wp-json\/wp\/v2\/media?parent=2686"}],"wp:term":[{"taxonomy":"product_brand","embeddable":true,"href":"https:\/\/www.gringonordic.se\/en\/wp-json\/wp\/v2\/product_brand?post=2686"},{"taxonomy":"product_cat","embeddable":true,"href":"https:\/\/www.gringonordic.se\/en\/wp-json\/wp\/v2\/product_cat?post=2686"},{"taxonomy":"product_tag","embeddable":true,"href":"https:\/\/www.gringonordic.se\/en\/wp-json\/wp\/v2\/product_tag?post=2686"},{"taxonomy":"varumarke","embeddable":true,"href":"https:\/\/www.gringonordic.se\/en\/wp-json\/wp\/v2\/varumarke?post=2686"},{"taxonomy":"produkttyp","embeddable":true,"href":"https:\/\/www.gringonordic.se\/en\/wp-json\/wp\/v2\/produkttyp?post=2686"},{"taxonomy":"smaker","embeddable":true,"href":"https:\/\/www.gringonordic.se\/en\/wp-json\/wp\/v2\/smaker?post=2686"}],"curies":[{"name":"wp","href":"https:\/\/api.w.org\/{rel}","templated":true}]}}