{"id":2644,"date":"2022-01-07T11:23:00","date_gmt":"2022-01-07T11:23:00","guid":{"rendered":"https:\/\/www.gringonordic.se\/?post_type=product&#038;p=2644"},"modified":"2024-09-06T09:37:13","modified_gmt":"2024-09-06T07:37:13","slug":"chemex-kaffebryggare","status":"publish","type":"product","link":"https:\/\/www.gringonordic.se\/en\/product\/chemex-kaffebryggare\/","title":{"rendered":"Chemex Coffee Maker"},"content":{"rendered":"","protected":false},"excerpt":{"rendered":"<p><strong>Den klassiska Chemex-kannan.\u00a0<\/strong><\/p>\n<p>Imponerande och stilfull \u00e4r tv\u00e5 ord som ofta h\u00f6rs i samband med Chemex.\u00a0Enkelhet i funktion och visuell elegans kombineras f\u00f6r bryggning av fylligt och smakrikt kaffe.\u00a0Chemex Classic Series kaffebryggare \u00e4r b\u00e5de elegant och m\u00e5ngsidigt.<\/p>\n<p>Features<br \/>\nAlla kannor levereras med den karakt\u00e4ristiska tr\u00e4kragen med l\u00e4derband.De kan tv\u00e4ttas i diskmaskinen, men ta bort tr\u00e4kragen f\u00f6rst.<b><\/b><\/p>\n<p>Observera: 1 cup motsvarar 1,5 dl.<\/p>","protected":false},"featured_media":713,"template":"","meta":[],"product_brand":[],"product_cat":[616,40],"product_tag":[],"varumarke":[266],"produkttyp":[157],"smaker":[377],"class_list":{"0":"post-2644","1":"product","2":"type-product","3":"status-publish","4":"has-post-thumbnail","6":"product_cat-kaffebryggare-manuella","7":"product_cat-tillbehor","8":"varumarke-chemex","9":"produkttyp-kaffebryggare-filter","10":"smaker-3-8-koppar","12":"first","13":"instock","14":"taxable","15":"shipping-taxable","16":"purchasable","17":"product-type-variable","18":"has-default-attributes"},"_links":{"self":[{"href":"https:\/\/www.gringonordic.se\/en\/wp-json\/wp\/v2\/product\/2644","targetHints":{"allow":["GET"]}}],"collection":[{"href":"https:\/\/www.gringonordic.se\/en\/wp-json\/wp\/v2\/product"}],"about":[{"href":"https:\/\/www.gringonordic.se\/en\/wp-json\/wp\/v2\/types\/product"}],"wp:featuredmedia":[{"embeddable":true,"href":"https:\/\/www.gringonordic.se\/en\/wp-json\/wp\/v2\/media\/713"}],"wp:attachment":[{"href":"https:\/\/www.gringonordic.se\/en\/wp-json\/wp\/v2\/media?parent=2644"}],"wp:term":[{"taxonomy":"product_brand","embeddable":true,"href":"https:\/\/www.gringonordic.se\/en\/wp-json\/wp\/v2\/product_brand?post=2644"},{"taxonomy":"product_cat","embeddable":true,"href":"https:\/\/www.gringonordic.se\/en\/wp-json\/wp\/v2\/product_cat?post=2644"},{"taxonomy":"product_tag","embeddable":true,"href":"https:\/\/www.gringonordic.se\/en\/wp-json\/wp\/v2\/product_tag?post=2644"},{"taxonomy":"varumarke","embeddable":true,"href":"https:\/\/www.gringonordic.se\/en\/wp-json\/wp\/v2\/varumarke?post=2644"},{"taxonomy":"produkttyp","embeddable":true,"href":"https:\/\/www.gringonordic.se\/en\/wp-json\/wp\/v2\/produkttyp?post=2644"},{"taxonomy":"smaker","embeddable":true,"href":"https:\/\/www.gringonordic.se\/en\/wp-json\/wp\/v2\/smaker?post=2644"}],"curies":[{"name":"wp","href":"https:\/\/api.w.org\/{rel}","templated":true}]}}