{"id":2641,"date":"2022-01-07T11:10:18","date_gmt":"2022-01-07T11:10:18","guid":{"rendered":"https:\/\/www.gringonordic.se\/?post_type=product&#038;p=2641"},"modified":"2025-04-22T23:00:58","modified_gmt":"2025-04-22T21:00:58","slug":"huskee-cup-lid","status":"publish","type":"product","link":"https:\/\/www.gringonordic.se\/en\/product\/huskee-cup-lid\/","title":{"rendered":"Huskee Cup &#038; Lid 175 ml"},"content":{"rendered":"","protected":false},"excerpt":{"rendered":"<p>Take away mugg inklusive lock &#8211; fr\u00e5n Huskee,\u00a0tillverkad utav restprodukter fr\u00e5n kaffeproduktion. Muggarna \u00e4r inte bara snygga och h\u00e5ller v\u00e4rmen v\u00e4l, de \u00e4r dessutom goda att dricka ur, r\u00e5materialet &#8211; restprodukt fr\u00e5n kaffeproduktionen &#8211; g\u00f6r muggarna lite mjukare i texturen \u00e4n t ex plast.<\/p>\n<p>FACTS ABOUT THE PRODUCT:<\/p>\n<p>&#8211; Kafferester som r\u00e5material (s\u00e5 kallad husk).<br \/>\n&#8211; H\u00e5llbara &#8211; de anv\u00e4nds i m\u00e5nga kaffebarer v\u00e4rlden \u00f6ver.<\/p>\n<p>&#8211; Locket har en\u00a0ventil som sitter i en triangul\u00e4r form p\u00e5 locket. \u00d6ppningen\u00a0\u00f6kar aromen i din drickupplevelse, samtidigt som den m\u00f6jligg\u00f6r den perfekta h\u00e4llhastigheten.<br \/>\n&#8211; H\u00e5ller kaffet varmare l\u00e4ngre utan att br\u00e4nna h\u00e4nderna.<br \/>\n&#8211; Kan diskas i diskmaskin.<br \/>\n&#8211; Torkar snabbt efter diskning, de smarta r\u00e4nnorna p\u00e5 botten g\u00f6r att vattnet snabbt\u00a0rinner av efter tv\u00e4tt.<br \/>\n&#8211; Kopparna \u00e4r stapelbara.<br \/>\n&#8211; Huskee finns i tv\u00e5 f\u00e4rger, naturlig och kolf\u00e4rgad.<br \/>\n&#8211; S\u00e4ljs i antingen f\u00f6rpackningar med 4 eller en-f\u00f6rpackning med lock.<\/p>\n<p><strong>&#8211; 4 olika storlekar, 3 oz (90 ml), 6 oz (175 ml), 8 oz (235 ml) och 12 oz (350 ml)<\/strong><\/p>","protected":false},"featured_media":768,"template":"","meta":[],"product_brand":[],"product_cat":[52,40],"product_tag":[],"varumarke":[274],"produkttyp":[158],"smaker":[396],"class_list":{"0":"post-2641","1":"product","2":"type-product","3":"status-publish","4":"has-post-thumbnail","6":"product_cat-koppar-muggar","7":"product_cat-tillbehor","8":"varumarke-huskee","9":"produkttyp-koppar-muggar","10":"smaker-6-oz-175-ml","12":"first","13":"instock","14":"taxable","15":"shipping-taxable","16":"purchasable","17":"product-type-variable","18":"has-default-attributes"},"_links":{"self":[{"href":"https:\/\/www.gringonordic.se\/en\/wp-json\/wp\/v2\/product\/2641","targetHints":{"allow":["GET"]}}],"collection":[{"href":"https:\/\/www.gringonordic.se\/en\/wp-json\/wp\/v2\/product"}],"about":[{"href":"https:\/\/www.gringonordic.se\/en\/wp-json\/wp\/v2\/types\/product"}],"wp:featuredmedia":[{"embeddable":true,"href":"https:\/\/www.gringonordic.se\/en\/wp-json\/wp\/v2\/media\/768"}],"wp:attachment":[{"href":"https:\/\/www.gringonordic.se\/en\/wp-json\/wp\/v2\/media?parent=2641"}],"wp:term":[{"taxonomy":"product_brand","embeddable":true,"href":"https:\/\/www.gringonordic.se\/en\/wp-json\/wp\/v2\/product_brand?post=2641"},{"taxonomy":"product_cat","embeddable":true,"href":"https:\/\/www.gringonordic.se\/en\/wp-json\/wp\/v2\/product_cat?post=2641"},{"taxonomy":"product_tag","embeddable":true,"href":"https:\/\/www.gringonordic.se\/en\/wp-json\/wp\/v2\/product_tag?post=2641"},{"taxonomy":"varumarke","embeddable":true,"href":"https:\/\/www.gringonordic.se\/en\/wp-json\/wp\/v2\/varumarke?post=2641"},{"taxonomy":"produkttyp","embeddable":true,"href":"https:\/\/www.gringonordic.se\/en\/wp-json\/wp\/v2\/produkttyp?post=2641"},{"taxonomy":"smaker","embeddable":true,"href":"https:\/\/www.gringonordic.se\/en\/wp-json\/wp\/v2\/smaker?post=2641"}],"curies":[{"name":"wp","href":"https:\/\/api.w.org\/{rel}","templated":true}]}}