{"id":25978,"date":"2023-04-13T10:03:02","date_gmt":"2023-04-13T09:03:02","guid":{"rendered":"https:\/\/www.gringonordic.se\/?post_type=product&#038;p=25978"},"modified":"2024-10-28T12:37:47","modified_gmt":"2024-10-28T11:37:47","slug":"presskanna-bialetti-1-liter-8-koppar","status":"publish","type":"product","link":"https:\/\/www.gringonordic.se\/en\/product\/presskanna-bialetti-1-liter-8-koppar\/","title":{"rendered":"Presskanna Bialetti SMART"},"content":{"rendered":"","protected":false},"excerpt":{"rendered":"<p class=\"p1\">Klassisk French Press fr\u00e5n Italienska Bialetti f\u00f6r smidigt tillberedning av gott kaffe eller \u00f6rtte. Locket och handtaget \u00e4r i plast med en silikonbas som g\u00f6r att kannan st\u00e5r stadigt. Beh\u00e5llaren \u00e4r gjord av borosilikatglas och rymmer antingen 350 ml eller 1000 ml (tre eller \u00e5tta koppar).<\/p>\n<p>Alfonso Bialetti, \u00e4ven kallad \u201dden lilla mannen med mustaschen\u201d, uppfann espressokannan redan 1933. Sedan dess har Bialetti varit ett starkt varum\u00e4rke \u00f6ver hela v\u00e4rlden och en symbol p\u00e5 italiensk design och kvalitet.<\/p>","protected":false},"featured_media":25983,"template":"","meta":[],"product_brand":[],"product_cat":[40,616],"product_tag":[],"varumarke":[376],"produkttyp":[618],"smaker":[585],"class_list":{"0":"post-25978","1":"product","2":"type-product","3":"status-publish","4":"has-post-thumbnail","6":"product_cat-tillbehor","7":"product_cat-kaffebryggare-manuella","8":"varumarke-bialetti","9":"produkttyp-kaffebryggare-manuella","10":"smaker-350-ml-1000-ml","12":"first","13":"instock","14":"taxable","15":"shipping-taxable","16":"purchasable","17":"product-type-variable","18":"has-default-attributes"},"_links":{"self":[{"href":"https:\/\/www.gringonordic.se\/en\/wp-json\/wp\/v2\/product\/25978","targetHints":{"allow":["GET"]}}],"collection":[{"href":"https:\/\/www.gringonordic.se\/en\/wp-json\/wp\/v2\/product"}],"about":[{"href":"https:\/\/www.gringonordic.se\/en\/wp-json\/wp\/v2\/types\/product"}],"wp:featuredmedia":[{"embeddable":true,"href":"https:\/\/www.gringonordic.se\/en\/wp-json\/wp\/v2\/media\/25983"}],"wp:attachment":[{"href":"https:\/\/www.gringonordic.se\/en\/wp-json\/wp\/v2\/media?parent=25978"}],"wp:term":[{"taxonomy":"product_brand","embeddable":true,"href":"https:\/\/www.gringonordic.se\/en\/wp-json\/wp\/v2\/product_brand?post=25978"},{"taxonomy":"product_cat","embeddable":true,"href":"https:\/\/www.gringonordic.se\/en\/wp-json\/wp\/v2\/product_cat?post=25978"},{"taxonomy":"product_tag","embeddable":true,"href":"https:\/\/www.gringonordic.se\/en\/wp-json\/wp\/v2\/product_tag?post=25978"},{"taxonomy":"varumarke","embeddable":true,"href":"https:\/\/www.gringonordic.se\/en\/wp-json\/wp\/v2\/varumarke?post=25978"},{"taxonomy":"produkttyp","embeddable":true,"href":"https:\/\/www.gringonordic.se\/en\/wp-json\/wp\/v2\/produkttyp?post=25978"},{"taxonomy":"smaker","embeddable":true,"href":"https:\/\/www.gringonordic.se\/en\/wp-json\/wp\/v2\/smaker?post=25978"}],"curies":[{"name":"wp","href":"https:\/\/api.w.org\/{rel}","templated":true}]}}