{"id":25283,"date":"2023-03-10T15:34:03","date_gmt":"2023-03-10T14:34:03","guid":{"rendered":"https:\/\/www.gringonordic.se\/?post_type=product&#038;p=25283"},"modified":"2025-06-12T08:21:02","modified_gmt":"2025-06-12T06:21:02","slug":"huskee-cup-xs-4-pack-3-oz-espresso-set","status":"publish","type":"product","link":"https:\/\/www.gringonordic.se\/en\/product\/huskee-cup-xs-4-pack-3-oz-espresso-set\/","title":{"rendered":"Huskee Cup XS &#8211; 4 pack -3 Oz- Espresso Set"},"content":{"rendered":"","protected":false},"excerpt":{"rendered":"<p>Den senaste Take away muggen fr\u00e5n Huskee, som gjord f\u00f6r espresso.<\/p>\n<p>Huskee \u00e4r tillverkad utav restprodukter fr\u00e5n kaffeproduktion. Muggarna \u00e4r inte bara snygga och h\u00e5ller v\u00e4rmen v\u00e4l, de \u00e4r dessutom goda att dricka ur, r\u00e5materialet &#8211; restprodukt fr\u00e5n kaffeproduktionen &#8211; g\u00f6r muggarna lite mjukare i texturen \u00e4n t ex plast.<\/p>\n<p>FACTS ABOUT THE PRODUCT:<\/p>\n<p class=\"translation-block\">\u2013 Kafferester som r\u00e5material (s\u00e5 kallad husk).<br>\r\n\u2013 H\u00e5llbara \u2013 de anv\u00e4nds i m\u00e5nga kaffebarer v\u00e4rlden \u00f6ver..<br>\r\n\u2013 H\u00e5ller kaffet varmare l\u00e4ngre utan att br\u00e4nna h\u00e4nderna.<br>\r\n\u2013 Kan diskas i diskmaskin.<br>\r\n\u2013 Torkar snabbt efter diskning, de smarta r\u00e4nnorna p\u00e5 botten g\u00f6r att vattnet snabbt&nbsp;rinner av efter tv\u00e4tt.<br>\r\n\u2013 Kopparna \u00e4r stapelbara.<br>\r\n\u2013 Huskee finns i tv\u00e5 f\u00e4rger, naturlig och kolf\u00e4rgad.<br>\r\n\u2013 S\u00e4ljs i antingen f\u00f6rpackningar med 4 muggar eller en-f\u00f6rpackning med lock.<\/p>\n<p><strong>&#8211; 4 olika storlekar, 3 oz (90 ml), 6 oz (175 ml), 8 oz (235 ml) och 12 oz (350 ml)<\/strong><\/p>","protected":false},"featured_media":777,"template":"","meta":[],"product_brand":[],"product_cat":[52,40],"product_tag":[],"varumarke":[274],"produkttyp":[158],"smaker":[493],"class_list":{"0":"post-25283","1":"product","2":"type-product","3":"status-publish","4":"has-post-thumbnail","6":"product_cat-koppar-muggar","7":"product_cat-tillbehor","8":"varumarke-huskee","9":"produkttyp-koppar-muggar","10":"smaker-3oz-9cl-4-pack","12":"first","13":"instock","14":"taxable","15":"shipping-taxable","16":"purchasable","17":"product-type-variable","18":"has-default-attributes"},"_links":{"self":[{"href":"https:\/\/www.gringonordic.se\/en\/wp-json\/wp\/v2\/product\/25283","targetHints":{"allow":["GET"]}}],"collection":[{"href":"https:\/\/www.gringonordic.se\/en\/wp-json\/wp\/v2\/product"}],"about":[{"href":"https:\/\/www.gringonordic.se\/en\/wp-json\/wp\/v2\/types\/product"}],"wp:featuredmedia":[{"embeddable":true,"href":"https:\/\/www.gringonordic.se\/en\/wp-json\/wp\/v2\/media\/777"}],"wp:attachment":[{"href":"https:\/\/www.gringonordic.se\/en\/wp-json\/wp\/v2\/media?parent=25283"}],"wp:term":[{"taxonomy":"product_brand","embeddable":true,"href":"https:\/\/www.gringonordic.se\/en\/wp-json\/wp\/v2\/product_brand?post=25283"},{"taxonomy":"product_cat","embeddable":true,"href":"https:\/\/www.gringonordic.se\/en\/wp-json\/wp\/v2\/product_cat?post=25283"},{"taxonomy":"product_tag","embeddable":true,"href":"https:\/\/www.gringonordic.se\/en\/wp-json\/wp\/v2\/product_tag?post=25283"},{"taxonomy":"varumarke","embeddable":true,"href":"https:\/\/www.gringonordic.se\/en\/wp-json\/wp\/v2\/varumarke?post=25283"},{"taxonomy":"produkttyp","embeddable":true,"href":"https:\/\/www.gringonordic.se\/en\/wp-json\/wp\/v2\/produkttyp?post=25283"},{"taxonomy":"smaker","embeddable":true,"href":"https:\/\/www.gringonordic.se\/en\/wp-json\/wp\/v2\/smaker?post=25283"}],"curies":[{"name":"wp","href":"https:\/\/api.w.org\/{rel}","templated":true}]}}