{"id":24103,"date":"2023-01-16T09:33:46","date_gmt":"2023-01-16T09:33:46","guid":{"rendered":"https:\/\/www.gringonordic.se\/?post_type=product&#038;p=24103"},"modified":"2026-03-12T14:32:36","modified_gmt":"2026-03-12T13:32:36","slug":"t-shirt-rooaster-gra","status":"publish","type":"product","link":"https:\/\/www.gringonordic.se\/en\/product\/t-shirt-rooaster-gra\/","title":{"rendered":"T-Shirt Rooaster Grey"},"content":{"rendered":"","protected":false},"excerpt":{"rendered":"<p>Rooaster &#8211; en m\u00e5ste ha t-shirt fr\u00e5n oss p\u00e5 Gringo Nordic. Gjord fr\u00e5n 100 % ekologisk bomull och tryckt lokalt i G\u00f6teborg.<\/p>\n<p>&nbsp;<\/p>\n<p>&nbsp;<\/p>","protected":false},"featured_media":24098,"template":"","meta":[],"product_brand":[],"product_cat":[115,40],"product_tag":[],"varumarke":[],"produkttyp":[298],"smaker":[],"class_list":{"0":"post-24103","1":"product","2":"type-product","3":"status-publish","4":"has-post-thumbnail","6":"product_cat-gringo-merch","7":"product_cat-tillbehor","8":"produkttyp-gringo-merch","10":"first","11":"instock","12":"taxable","13":"shipping-taxable","14":"purchasable","15":"product-type-variable","16":"has-default-attributes"},"_links":{"self":[{"href":"https:\/\/www.gringonordic.se\/en\/wp-json\/wp\/v2\/product\/24103","targetHints":{"allow":["GET"]}}],"collection":[{"href":"https:\/\/www.gringonordic.se\/en\/wp-json\/wp\/v2\/product"}],"about":[{"href":"https:\/\/www.gringonordic.se\/en\/wp-json\/wp\/v2\/types\/product"}],"wp:featuredmedia":[{"embeddable":true,"href":"https:\/\/www.gringonordic.se\/en\/wp-json\/wp\/v2\/media\/24098"}],"wp:attachment":[{"href":"https:\/\/www.gringonordic.se\/en\/wp-json\/wp\/v2\/media?parent=24103"}],"wp:term":[{"taxonomy":"product_brand","embeddable":true,"href":"https:\/\/www.gringonordic.se\/en\/wp-json\/wp\/v2\/product_brand?post=24103"},{"taxonomy":"product_cat","embeddable":true,"href":"https:\/\/www.gringonordic.se\/en\/wp-json\/wp\/v2\/product_cat?post=24103"},{"taxonomy":"product_tag","embeddable":true,"href":"https:\/\/www.gringonordic.se\/en\/wp-json\/wp\/v2\/product_tag?post=24103"},{"taxonomy":"varumarke","embeddable":true,"href":"https:\/\/www.gringonordic.se\/en\/wp-json\/wp\/v2\/varumarke?post=24103"},{"taxonomy":"produkttyp","embeddable":true,"href":"https:\/\/www.gringonordic.se\/en\/wp-json\/wp\/v2\/produkttyp?post=24103"},{"taxonomy":"smaker","embeddable":true,"href":"https:\/\/www.gringonordic.se\/en\/wp-json\/wp\/v2\/smaker?post=24103"}],"curies":[{"name":"wp","href":"https:\/\/api.w.org\/{rel}","templated":true}]}}