{"id":24045,"date":"2023-01-13T09:52:22","date_gmt":"2023-01-13T09:52:22","guid":{"rendered":"https:\/\/www.gringonordic.se\/?post_type=product&#038;p=24045"},"modified":"2023-01-13T10:14:02","modified_gmt":"2023-01-13T10:14:02","slug":"timemore-kaffekvarn-chestnut-esp","status":"publish","type":"product","link":"https:\/\/www.gringonordic.se\/en\/product\/timemore-kaffekvarn-chestnut-esp\/","title":{"rendered":"Timemore &#8211; Kaffekvarn Chestnut ESP"},"content":{"rendered":"","protected":false},"excerpt":{"rendered":"<p>Timemore Chestnut ESP \u00e4r en f\u00f6rb\u00e4ttrad manuell kvarn baserad p\u00e5 originalmodellerna fr\u00e5n detta m\u00e4rke. Den \u00e4r dock nu \u00e4ven avsedd f\u00f6r malning av kaffe till espresso, utrustad med st\u00e5lkoniska stenar i storlek 42 mm.<\/p>\n<p>Delarna \u00e4r helt tillverkade av metall och \u00e4r utrustad med en fast central axel, som \u00e4r fixerad med tv\u00e5 lager. Detta garanterar konsekvent malning, vilket ocks\u00e5 st\u00f6der den korrekta sk\u00e4rpan hos S2C typ E&amp;B (espresso och brygg) malskivor. Tack vare detta l\u00e4mpar sig kvarnen f\u00f6r att mala kaffe till en fin grovhet och utm\u00e4rker sig \u00e4ven med en mer exakt grovhetsinst\u00e4llning. Formen p\u00e5 handtaget har ocks\u00e5 nyligen f\u00f6rb\u00e4ttrats, tack vare vilket du inte l\u00e4ngre beh\u00f6ver ut\u00f6va mycket fysisk kraft vid malning, och den grova strukturen p\u00e5 kvarnkroppen hj\u00e4lper ocks\u00e5 till med ett b\u00e4ttre grepp.<\/p>\n<ul>\n<li>42mm st\u00e5lkoniska stena<\/li>\n<li>L\u00e4mplig f\u00f6r filter- och espressomalning<\/li>\n<li>Exakt malningsinst\u00e4llning &#8211; fr\u00e5n espresso till french press.<\/li>\n<li>Elegant design<\/li>\n<li>Beh\u00e5llarens volym 35-40g<\/li>\n<li>Vikt 600 gram<\/li>\n<li>H\u00f6jd 17 cm<\/li>\n<\/ul>","protected":false},"featured_media":24046,"template":"","meta":[],"product_brand":[],"product_cat":[57,40],"product_tag":[],"varumarke":[261],"produkttyp":[176],"smaker":[],"class_list":{"0":"post-24045","1":"product","2":"type-product","3":"status-publish","4":"has-post-thumbnail","6":"product_cat-manuella","7":"product_cat-tillbehor","8":"varumarke-timemore","9":"produkttyp-kaffekvarn-manuell","11":"first","12":"instock","13":"taxable","14":"shipping-taxable","15":"purchasable","16":"product-type-simple"},"_links":{"self":[{"href":"https:\/\/www.gringonordic.se\/en\/wp-json\/wp\/v2\/product\/24045","targetHints":{"allow":["GET"]}}],"collection":[{"href":"https:\/\/www.gringonordic.se\/en\/wp-json\/wp\/v2\/product"}],"about":[{"href":"https:\/\/www.gringonordic.se\/en\/wp-json\/wp\/v2\/types\/product"}],"wp:featuredmedia":[{"embeddable":true,"href":"https:\/\/www.gringonordic.se\/en\/wp-json\/wp\/v2\/media\/24046"}],"wp:attachment":[{"href":"https:\/\/www.gringonordic.se\/en\/wp-json\/wp\/v2\/media?parent=24045"}],"wp:term":[{"taxonomy":"product_brand","embeddable":true,"href":"https:\/\/www.gringonordic.se\/en\/wp-json\/wp\/v2\/product_brand?post=24045"},{"taxonomy":"product_cat","embeddable":true,"href":"https:\/\/www.gringonordic.se\/en\/wp-json\/wp\/v2\/product_cat?post=24045"},{"taxonomy":"product_tag","embeddable":true,"href":"https:\/\/www.gringonordic.se\/en\/wp-json\/wp\/v2\/product_tag?post=24045"},{"taxonomy":"varumarke","embeddable":true,"href":"https:\/\/www.gringonordic.se\/en\/wp-json\/wp\/v2\/varumarke?post=24045"},{"taxonomy":"produkttyp","embeddable":true,"href":"https:\/\/www.gringonordic.se\/en\/wp-json\/wp\/v2\/produkttyp?post=24045"},{"taxonomy":"smaker","embeddable":true,"href":"https:\/\/www.gringonordic.se\/en\/wp-json\/wp\/v2\/smaker?post=24045"}],"curies":[{"name":"wp","href":"https:\/\/api.w.org\/{rel}","templated":true}]}}