{"id":23335,"date":"2022-12-08T13:56:15","date_gmt":"2022-12-08T13:56:15","guid":{"rendered":"https:\/\/www.gringonordic.se\/?post_type=product&#038;p=23335"},"modified":"2024-06-24T14:22:19","modified_gmt":"2024-06-24T12:22:19","slug":"fellow-clara-french-press-valnot","status":"publish","type":"product","link":"https:\/\/www.gringonordic.se\/en\/product\/fellow-clara-french-press-valnot\/","title":{"rendered":"Fellow Clara French Press Valn\u00f6t"},"content":{"rendered":"","protected":false},"excerpt":{"rendered":"<p>Kanske den snyggaste och b\u00e4sta presskannan p\u00e5 marknaden, den f\u00f6rgyller vilket k\u00f6k som helst. Och brygger dessutom grymt gott kaffe.<\/p>\n<p>Clara \u00e4r l\u00e4tt att anv\u00e4nda, har du ingen v\u00e5g? Inga problem. Fyll p\u00e5 malet kaffe upp till kaffelinjen och varmt vatten upp till vattenlinjen. En av f\u00f6rdelarna med denna bryggare \u00e4r filtret som tar fram de rena och komplexa smakerna. Den isolerande dubbelv\u00e4ggen h\u00e5ller en j\u00e4mn temperatur l\u00e4nge.<\/p>\n<p>Clara \u00e4r enkel att reng\u00f6ra, tack vare pressobryggarens non-stick yta.<\/p>\n<p>Kapacitet: 710 ml<br \/>\nM\u00e5tt (LxBxH): 170 x 115 x 200 mm<br \/>\nVikt: 784,5 g<\/p>","protected":false},"featured_media":23342,"template":"","meta":[],"product_brand":[],"product_cat":[40,616],"product_tag":[],"varumarke":[263],"produkttyp":[618],"smaker":[480],"class_list":{"0":"post-23335","1":"product","2":"type-product","3":"status-publish","4":"has-post-thumbnail","6":"product_cat-tillbehor","7":"product_cat-kaffebryggare-manuella","8":"varumarke-fellow","9":"produkttyp-kaffebryggare-manuella","10":"smaker-valnot-700-ml","12":"first","13":"outofstock","14":"taxable","15":"shipping-taxable","16":"purchasable","17":"product-type-simple"},"_links":{"self":[{"href":"https:\/\/www.gringonordic.se\/en\/wp-json\/wp\/v2\/product\/23335","targetHints":{"allow":["GET"]}}],"collection":[{"href":"https:\/\/www.gringonordic.se\/en\/wp-json\/wp\/v2\/product"}],"about":[{"href":"https:\/\/www.gringonordic.se\/en\/wp-json\/wp\/v2\/types\/product"}],"wp:featuredmedia":[{"embeddable":true,"href":"https:\/\/www.gringonordic.se\/en\/wp-json\/wp\/v2\/media\/23342"}],"wp:attachment":[{"href":"https:\/\/www.gringonordic.se\/en\/wp-json\/wp\/v2\/media?parent=23335"}],"wp:term":[{"taxonomy":"product_brand","embeddable":true,"href":"https:\/\/www.gringonordic.se\/en\/wp-json\/wp\/v2\/product_brand?post=23335"},{"taxonomy":"product_cat","embeddable":true,"href":"https:\/\/www.gringonordic.se\/en\/wp-json\/wp\/v2\/product_cat?post=23335"},{"taxonomy":"product_tag","embeddable":true,"href":"https:\/\/www.gringonordic.se\/en\/wp-json\/wp\/v2\/product_tag?post=23335"},{"taxonomy":"varumarke","embeddable":true,"href":"https:\/\/www.gringonordic.se\/en\/wp-json\/wp\/v2\/varumarke?post=23335"},{"taxonomy":"produkttyp","embeddable":true,"href":"https:\/\/www.gringonordic.se\/en\/wp-json\/wp\/v2\/produkttyp?post=23335"},{"taxonomy":"smaker","embeddable":true,"href":"https:\/\/www.gringonordic.se\/en\/wp-json\/wp\/v2\/smaker?post=23335"}],"curies":[{"name":"wp","href":"https:\/\/api.w.org\/{rel}","templated":true}]}}