{"id":23321,"date":"2022-12-08T13:32:06","date_gmt":"2022-12-08T13:32:06","guid":{"rendered":"https:\/\/www.gringonordic.se\/?post_type=product&#038;p=23321"},"modified":"2024-06-24T13:59:11","modified_gmt":"2024-06-24T11:59:11","slug":"hario-v60-porslinsfilter-01","status":"publish","type":"product","link":"https:\/\/www.gringonordic.se\/en\/product\/hario-v60-porslinsfilter-01\/","title":{"rendered":"Hario V60 Porslinsfilter 01"},"content":{"rendered":"","protected":false},"excerpt":{"rendered":"<p>Hario V60 &#8211; 01 Ceramic Coffee Dripper har ett keramiskt konliknande filter med virvelradialt dr\u00e4neringsm\u00f6nster och en \u00f6ppen \u00e4nde, vilket g\u00f6r att kaffet kan droppa\/droppa n\u00e4r det beh\u00f6ver ge ett st\u00f6rre djup och karakt\u00e4r under extraktion. Det konformade pappersfiltret tillf\u00f6r djup till kaffelagret, s\u00e5 att vattnet rinner till mitten, vilket f\u00f6rl\u00e4nger den tid det \u00e4r i kontakt med det malda kaffet.<\/p>\n<p>Anv\u00e4nd cirka 15-20 gram kaffe per kopp kaffe. Prova dig fram p\u00e5 malningsgrad, en bra total bryggtid ligger ofta p\u00e5 mellan 3-4 minuter.<\/p>","protected":false},"featured_media":23331,"template":"","meta":[],"product_brand":[],"product_cat":[616,40],"product_tag":[],"varumarke":[264],"produkttyp":[157],"smaker":[177],"class_list":{"0":"post-23321","1":"product","2":"type-product","3":"status-publish","4":"has-post-thumbnail","6":"product_cat-kaffebryggare-manuella","7":"product_cat-tillbehor","8":"varumarke-hario","9":"produkttyp-kaffebryggare-filter","10":"smaker-olika-farger","12":"first","13":"instock","14":"taxable","15":"shipping-taxable","16":"purchasable","17":"product-type-variable","18":"has-default-attributes"},"_links":{"self":[{"href":"https:\/\/www.gringonordic.se\/en\/wp-json\/wp\/v2\/product\/23321","targetHints":{"allow":["GET"]}}],"collection":[{"href":"https:\/\/www.gringonordic.se\/en\/wp-json\/wp\/v2\/product"}],"about":[{"href":"https:\/\/www.gringonordic.se\/en\/wp-json\/wp\/v2\/types\/product"}],"wp:featuredmedia":[{"embeddable":true,"href":"https:\/\/www.gringonordic.se\/en\/wp-json\/wp\/v2\/media\/23331"}],"wp:attachment":[{"href":"https:\/\/www.gringonordic.se\/en\/wp-json\/wp\/v2\/media?parent=23321"}],"wp:term":[{"taxonomy":"product_brand","embeddable":true,"href":"https:\/\/www.gringonordic.se\/en\/wp-json\/wp\/v2\/product_brand?post=23321"},{"taxonomy":"product_cat","embeddable":true,"href":"https:\/\/www.gringonordic.se\/en\/wp-json\/wp\/v2\/product_cat?post=23321"},{"taxonomy":"product_tag","embeddable":true,"href":"https:\/\/www.gringonordic.se\/en\/wp-json\/wp\/v2\/product_tag?post=23321"},{"taxonomy":"varumarke","embeddable":true,"href":"https:\/\/www.gringonordic.se\/en\/wp-json\/wp\/v2\/varumarke?post=23321"},{"taxonomy":"produkttyp","embeddable":true,"href":"https:\/\/www.gringonordic.se\/en\/wp-json\/wp\/v2\/produkttyp?post=23321"},{"taxonomy":"smaker","embeddable":true,"href":"https:\/\/www.gringonordic.se\/en\/wp-json\/wp\/v2\/smaker?post=23321"}],"curies":[{"name":"wp","href":"https:\/\/api.w.org\/{rel}","templated":true}]}}