{"id":23184,"date":"2022-12-06T09:04:59","date_gmt":"2022-12-06T09:04:59","guid":{"rendered":"https:\/\/www.gringonordic.se\/?post_type=product&#038;p=23184"},"modified":"2024-10-22T11:31:52","modified_gmt":"2024-10-22T09:31:52","slug":"chemex-kaffebryggare-glashandtag","status":"publish","type":"product","link":"https:\/\/www.gringonordic.se\/en\/product\/chemex-kaffebryggare-glashandtag\/","title":{"rendered":"Chemex Kaffebryggare Glashandtag"},"content":{"rendered":"","protected":false},"excerpt":{"rendered":"<p><strong>Den klassiska Chemex-kannan, med glasandtag.\u00a0<\/strong><\/p>\n<p>Imponerande och stilfull \u00e4r tv\u00e5 ord som ofta h\u00f6rs i samband med Chemex.\u00a0Enkelhet i funktion och visuell elegans kombineras f\u00f6r bryggning av fylligt och smakrikt kaffe.<\/p>\n<p>Features<br \/>\nAlla kannor levereras med handtag inbyggt ist\u00e4llet f\u00f6r tr\u00e4 (perfekt om du vill diska den i maskin). <b><\/b><\/p>\n<p>Observera: 1 cup motsvarar 1,5 dl.<\/p>","protected":false},"featured_media":23189,"template":"","meta":[],"product_brand":[],"product_cat":[616,40],"product_tag":[],"varumarke":[266],"produkttyp":[157],"smaker":[377],"class_list":{"0":"post-23184","1":"product","2":"type-product","3":"status-publish","4":"has-post-thumbnail","6":"product_cat-kaffebryggare-manuella","7":"product_cat-tillbehor","8":"varumarke-chemex","9":"produkttyp-kaffebryggare-filter","10":"smaker-3-8-koppar","12":"first","13":"instock","14":"taxable","15":"shipping-taxable","16":"purchasable","17":"product-type-variable","18":"has-default-attributes"},"_links":{"self":[{"href":"https:\/\/www.gringonordic.se\/en\/wp-json\/wp\/v2\/product\/23184","targetHints":{"allow":["GET"]}}],"collection":[{"href":"https:\/\/www.gringonordic.se\/en\/wp-json\/wp\/v2\/product"}],"about":[{"href":"https:\/\/www.gringonordic.se\/en\/wp-json\/wp\/v2\/types\/product"}],"wp:featuredmedia":[{"embeddable":true,"href":"https:\/\/www.gringonordic.se\/en\/wp-json\/wp\/v2\/media\/23189"}],"wp:attachment":[{"href":"https:\/\/www.gringonordic.se\/en\/wp-json\/wp\/v2\/media?parent=23184"}],"wp:term":[{"taxonomy":"product_brand","embeddable":true,"href":"https:\/\/www.gringonordic.se\/en\/wp-json\/wp\/v2\/product_brand?post=23184"},{"taxonomy":"product_cat","embeddable":true,"href":"https:\/\/www.gringonordic.se\/en\/wp-json\/wp\/v2\/product_cat?post=23184"},{"taxonomy":"product_tag","embeddable":true,"href":"https:\/\/www.gringonordic.se\/en\/wp-json\/wp\/v2\/product_tag?post=23184"},{"taxonomy":"varumarke","embeddable":true,"href":"https:\/\/www.gringonordic.se\/en\/wp-json\/wp\/v2\/varumarke?post=23184"},{"taxonomy":"produkttyp","embeddable":true,"href":"https:\/\/www.gringonordic.se\/en\/wp-json\/wp\/v2\/produkttyp?post=23184"},{"taxonomy":"smaker","embeddable":true,"href":"https:\/\/www.gringonordic.se\/en\/wp-json\/wp\/v2\/smaker?post=23184"}],"curies":[{"name":"wp","href":"https:\/\/api.w.org\/{rel}","templated":true}]}}