{"id":22534,"date":"2022-11-17T09:57:39","date_gmt":"2022-11-17T09:57:39","guid":{"rendered":"https:\/\/www.gringonordic.se\/?post_type=product&#038;p=22534"},"modified":"2022-11-17T10:11:58","modified_gmt":"2022-11-17T10:11:58","slug":"angborste-for-rengoring-av-espressogrupp","status":"publish","type":"product","link":"https:\/\/www.gringonordic.se\/en\/product\/angborste-for-rengoring-av-espressogrupp\/","title":{"rendered":"\u00c5ngborste f\u00f6r reng\u00f6ring av espressogrupp"},"content":{"rendered":"","protected":false},"excerpt":{"rendered":"<p>Produktutvecklingen inom kaffeprylar \u00e4r intensiv, men m\u00e5nga nya produkter fyller kanske inget reellt behov. D\u00e4rf\u00f6r \u00e4r det extra kul n\u00e4r det dyker upp en produkt som verkligen g\u00f6r skillnad. Funktionen p\u00e5 detta reng\u00f6ringsverktyg \u00e4r lika enkel som genial; genom att koppla ihop en reng\u00f6ringsborste med \u00e5ngr\u00f6ret p\u00e5 espressomaskinen s\u00e5 blir det s\u00e5 mycket enklare att f\u00e5 en fr\u00e4sch och ren bryggrupp. <\/p>\n<p>Verktyget best\u00e5r av ett flexibelt silikonr\u00f6r, som avslutas med en rostfri st\u00e5lstav och en liten borste som kan verka direkt p\u00e5 ih\u00e5llande fl\u00e4ckar och kafferester som oljor och fett. R\u00f6ret \u00e4r tillr\u00e4ckligt l\u00e5ngt f\u00f6r att du enkelt ska kunna arbeta p\u00e5 alla kaffemaskinsgrupper och det \u00e4r kopplat till borststaven tack vare ett bekv\u00e4mt handtag som ocks\u00e5 undviker risk f\u00f6r br\u00e4nnskador. <\/p>\n<p>Borsten passar alla typer av espressomaskiner (tack vare universaladaptern).<\/p>\n<p>Maximal reng\u00f6ring med minimal anstr\u00e4ngning!<\/p>","protected":false},"featured_media":22536,"template":"","meta":[],"product_brand":[],"product_cat":[55,40],"product_tag":[],"varumarke":[],"produkttyp":[197],"smaker":[],"class_list":{"0":"post-22534","1":"product","2":"type-product","3":"status-publish","4":"has-post-thumbnail","6":"product_cat-rengoringsprodukter","7":"product_cat-tillbehor","8":"produkttyp-rengoringsprodukter","10":"first","11":"instock","12":"taxable","13":"shipping-taxable","14":"purchasable","15":"product-type-simple"},"_links":{"self":[{"href":"https:\/\/www.gringonordic.se\/en\/wp-json\/wp\/v2\/product\/22534","targetHints":{"allow":["GET"]}}],"collection":[{"href":"https:\/\/www.gringonordic.se\/en\/wp-json\/wp\/v2\/product"}],"about":[{"href":"https:\/\/www.gringonordic.se\/en\/wp-json\/wp\/v2\/types\/product"}],"wp:featuredmedia":[{"embeddable":true,"href":"https:\/\/www.gringonordic.se\/en\/wp-json\/wp\/v2\/media\/22536"}],"wp:attachment":[{"href":"https:\/\/www.gringonordic.se\/en\/wp-json\/wp\/v2\/media?parent=22534"}],"wp:term":[{"taxonomy":"product_brand","embeddable":true,"href":"https:\/\/www.gringonordic.se\/en\/wp-json\/wp\/v2\/product_brand?post=22534"},{"taxonomy":"product_cat","embeddable":true,"href":"https:\/\/www.gringonordic.se\/en\/wp-json\/wp\/v2\/product_cat?post=22534"},{"taxonomy":"product_tag","embeddable":true,"href":"https:\/\/www.gringonordic.se\/en\/wp-json\/wp\/v2\/product_tag?post=22534"},{"taxonomy":"varumarke","embeddable":true,"href":"https:\/\/www.gringonordic.se\/en\/wp-json\/wp\/v2\/varumarke?post=22534"},{"taxonomy":"produkttyp","embeddable":true,"href":"https:\/\/www.gringonordic.se\/en\/wp-json\/wp\/v2\/produkttyp?post=22534"},{"taxonomy":"smaker","embeddable":true,"href":"https:\/\/www.gringonordic.se\/en\/wp-json\/wp\/v2\/smaker?post=22534"}],"curies":[{"name":"wp","href":"https:\/\/api.w.org\/{rel}","templated":true}]}}