{"id":991,"date":"2021-12-12T15:14:46","date_gmt":"2021-12-12T15:14:46","guid":{"rendered":"https:\/\/www.gringonordic.se\/?page_id=991"},"modified":"2024-06-14T09:33:08","modified_gmt":"2024-06-14T07:33:08","slug":"anvandarvillkor","status":"publish","type":"page","link":"https:\/\/www.gringonordic.se\/en\/anvandarvillkor\/","title":{"rendered":"TERMS OF USE"},"content":{"rendered":"\t\t<div data-elementor-type=\"wp-page\" data-elementor-id=\"991\" class=\"elementor elementor-991\" data-elementor-post-type=\"page\">\n\t\t\t\t<div class=\"elementor-element elementor-element-dd49b78 e-flex e-con-boxed e-con e-parent\" data-id=\"dd49b78\" data-element_type=\"container\" data-settings=\"{&quot;jet_parallax_layout_list&quot;:[{&quot;jet_parallax_layout_image&quot;:{&quot;url&quot;:&quot;&quot;,&quot;id&quot;:&quot;&quot;,&quot;size&quot;:&quot;&quot;},&quot;_id&quot;:&quot;4410d32&quot;,&quot;jet_parallax_layout_image_tablet&quot;:{&quot;url&quot;:&quot;&quot;,&quot;id&quot;:&quot;&quot;,&quot;size&quot;:&quot;&quot;},&quot;jet_parallax_layout_image_mobile&quot;:{&quot;url&quot;:&quot;&quot;,&quot;id&quot;:&quot;&quot;,&quot;size&quot;:&quot;&quot;},&quot;jet_parallax_layout_speed&quot;:{&quot;unit&quot;:&quot;%&quot;,&quot;size&quot;:50,&quot;sizes&quot;:[]},&quot;jet_parallax_layout_type&quot;:&quot;scroll&quot;,&quot;jet_parallax_layout_direction&quot;:&quot;1&quot;,&quot;jet_parallax_layout_fx_direction&quot;:null,&quot;jet_parallax_layout_z_index&quot;:&quot;&quot;,&quot;jet_parallax_layout_bg_x&quot;:50,&quot;jet_parallax_layout_bg_x_tablet&quot;:&quot;&quot;,&quot;jet_parallax_layout_bg_x_mobile&quot;:&quot;&quot;,&quot;jet_parallax_layout_bg_y&quot;:50,&quot;jet_parallax_layout_bg_y_tablet&quot;:&quot;&quot;,&quot;jet_parallax_layout_bg_y_mobile&quot;:&quot;&quot;,&quot;jet_parallax_layout_bg_size&quot;:&quot;auto&quot;,&quot;jet_parallax_layout_bg_size_tablet&quot;:&quot;&quot;,&quot;jet_parallax_layout_bg_size_mobile&quot;:&quot;&quot;,&quot;jet_parallax_layout_animation_prop&quot;:&quot;transform&quot;,&quot;jet_parallax_layout_on&quot;:[&quot;desktop&quot;,&quot;tablet&quot;]}]}\">\n\t\t\t\t\t<div class=\"e-con-inner\">\n\t\t\t\t<div class=\"elementor-element elementor-element-1009fdd elementor-widget elementor-widget-heading\" data-id=\"1009fdd\" data-element_type=\"widget\" data-widget_type=\"heading.default\">\n\t\t\t\t<div class=\"elementor-widget-container\">\n\t\t\t\t\t<h1 class=\"elementor-heading-title elementor-size-default\">ANV\u00c4NDARVILLKOR<\/h1>\t\t\t\t<\/div>\n\t\t\t\t<\/div>\n\t\t\t\t<div class=\"elementor-element elementor-element-773ccc8 elementor-widget-divider--view-line elementor-widget elementor-widget-divider\" data-id=\"773ccc8\" data-element_type=\"widget\" data-widget_type=\"divider.default\">\n\t\t\t\t<div class=\"elementor-widget-container\">\n\t\t\t\t\t\t\t<div class=\"elementor-divider\">\n\t\t\t<span class=\"elementor-divider-separator\">\n\t\t\t\t\t\t<\/span>\n\t\t<\/div>\n\t\t\t\t\t\t<\/div>\n\t\t\t\t<\/div>\n\t\t\t\t<div class=\"elementor-element elementor-element-6451320 elementor-widget elementor-widget-text-editor\" data-id=\"6451320\" data-element_type=\"widget\" data-widget_type=\"text-editor.default\">\n\t\t\t\t<div class=\"elementor-widget-container\">\n\t\t\t\t\t\t\t\t\t<p>F\u00f6r att genomf\u00f6ra k\u00f6p p\u00e5 gringonordic.se kr\u00e4vs det att du \u00e4r 18 \u00e5r och har en giltig svensk ID-handling. Om du \u00e4r under 18 \u00e5r beh\u00f6ver du ett samtycke till ditt k\u00f6p fr\u00e5n v\u00e5rdnadshavare. Genom best\u00e4llning p\u00e5 gringonordic.se godk\u00e4nner du de vid den tiden publicerade villkor enligt nedan och intygar att de uppgifter du l\u00e4mnar om dig sj\u00e4lv \u00e4r korrekta.<\/p>\n<p><strong>F\u00f6retagsinformation:&nbsp;<\/strong><\/p>\n<p>Gringo Nordic Coffee Roasters AB<br>Varholmagatan 12<br>414 74 G\u00f6teborg, SVERIGE<br>Tel: 031-12 08 80<br>E-post: <a href=\"mailto:hej@gringonordic.se\">hej@gringonordic.se<\/a><br>Organisationsnummer: 559131-1328<\/p>\n<p><b>BEST\u00c4LLNING<\/b><\/p>\n<p>Best\u00e4llning g\u00f6rs p\u00e5 gringonordic.se. Om du har fr\u00e5gor om hur du best\u00e4ller \u00e4r du v\u00e4lkommen att ringa till v\u00e5r kundservice p\u00e5 031-12 08 80 eller genom att maila till&nbsp;<a style=\"background-color: #ffffff;\" href=\"mailto:hej@gringonordic.se\">hej@gringonordic.se<\/a>. Genomf\u00f6rd best\u00e4llning inneb\u00e4r att du&nbsp;godk\u00e4nner v\u00e5ra&nbsp;k\u00f6pvillkor&nbsp;och samtycker till att vi&nbsp;sparar dina personuppgifter (se l\u00e4ngre ner).&nbsp;Avtal om k\u00f6p&nbsp;sker n\u00e4r vi bekr\u00e4ftat best\u00e4llningen och skickat en orderbekr\u00e4ftelse till den mailadress du angivit.<\/p>\n<p>Vi f\u00f6rbeh\u00e5ller oss r\u00e4tten att korrigera ordrar om leverans av n\u00e5gon anledning inte kan ske, och om du har gjort fler best\u00e4llningar, f\u00f6rbeh\u00e5ller vi oss r\u00e4tten att sl\u00e5 ihop dina ordrar och leverera dem i ett paket. Om vi p\u00e5 Gringo Nordic av n\u00e5gon anledning inte har m\u00f6jlighet att leverera din best\u00e4llning kommer vi att kontakta dig omg\u00e5ende. Skulle detta intr\u00e4ffa kommer vi att erbjuda dig en ny l\u00f6sning f\u00f6rutsatt att detta \u00e4r m\u00f6jligt.<\/p>\n<p>Om du av n\u00e5gon anledning skulle vilja \u00e4ndra eller avbest\u00e4lla din best\u00e4llning vill vi att du kontaktar oss omg\u00e5ende p\u00e5 031-12 08 eller genom att maila till&nbsp;<a style=\"background-color: #ffffff;\" href=\"mailto:hej@gringonordic.se\">hej@gringonordic.se<\/a>&nbsp;\u00c4ndring av order eller avbest\u00e4llning av order ska meddelas till Gringo Nordic innan best\u00e4llning packas.<\/p>\n<p>Gringo Nordic f\u00f6rbeh\u00e5ller sig r\u00e4tten att h\u00e4va avtalet i det fall kunden handlat i ond tro p\u00e5 grund av felaktigheter som kunden k\u00e4nt till eller borde ha insett, s\u00e5som felaktiga uppgifter om pris eller kvantitet p\u00e5 webbplatsen. I det fall h\u00e4vningsf\u00f6rbeh\u00e5llet g\u00f6rs g\u00e4llande har kunden inte r\u00e4tt till skadest\u00e5nd eller annan kompensation fr\u00e5n Gringo Nordic.<\/p>\n<p><b>PRISER&nbsp;<\/b><b>OCH PRODUKTINFORMATION<\/b><\/p>\n<p>Samtliga priser anges i svenska kronor inklusive moms. Eventuell fraktkostnad tillkommer, beroende p\u00e5 vilket fraktalternativ du v\u00e4ljer.<\/p>\n<p>Eventuella erbjudanden och kampanjer som marknadsf\u00f6rs g\u00e4ller s\u00e5 l\u00e5ngt lagret r\u00e4cker om inte n\u00e5gra andra villkor redovisas i anslutning till erbjudandet.<\/p>\n<p>Gringo Nordic reserverar sig f\u00f6r eventuella fel i pris- och produktinformation eller i \u00f6vrigt p\u00e5 hemsidan. Vid eventuella felaktigheter f\u00f6rbeh\u00e5ller vi oss r\u00e4tten att korrigera detta i efterhand. Vi reserverar oss f\u00f6r prisjusteringar, slutf\u00f6rs\u00e4ljning, lagerdifferenser, tekniska problem, \u00e4ndringar av tekniska specifikationer och eventuella typografiska fel p\u00e5 v\u00e5r sida eller i v\u00e5ra annonser.<\/p>\n<p>Samtliga&nbsp;produkter&nbsp;p\u00e5 hemsidan&nbsp;\u00e4r fr\u00e4mst anpassade f\u00f6r den&nbsp;svenska&nbsp;marknaden. Det inneb\u00e4r bland annat att produkterna uppfyller svenska milj\u00f6krav och s\u00e4kerhetsf\u00f6reskrifter. Normalt medf\u00f6ljer&nbsp;bruksanvisning p\u00e5 svenska om det kr\u00e4vs f\u00f6r&nbsp;anv\u00e4ndning av&nbsp;produkt.&nbsp;Eventuella tekniska specifikationer, s\u00e4rskilda krav p\u00e5 tillbeh\u00f6rsutrustning samt information om begr\u00e4nsningar och plomberingar framg\u00e5r p\u00e5 respektive produktsida i den m\u00e5n det \u00e4r&nbsp;n\u00f6dv\u00e4ndigt.<\/p>\n<p><b>BETALNING<\/b><\/p>\n<p>Vi anv\u00e4nder Stripe inklusive Klarna Checkout som betall\u00f6sning. Se nedan vilka betalalternativ som finns tillg\u00e4ngliga.<\/p>\n<p>Genom att klicka p\u00e5 &#8220;Slutf\u00f6r k\u00f6p&#8221; godk\u00e4nner du v\u00e5ra samt&nbsp;<strong><a title=\"Klarnas k\u00f6pvillkor\" href=\"https:\/\/www.klarna.com\/se\/villkor\/\" target=\"_blank\" rel=\"noopener\">Klarnas k\u00f6pvillkor<\/a><\/strong>.<\/p>\n<p><strong>Kortbetalning via Stripe<\/strong><\/p>\n<p>S\u00e4ker kortbetalning med VISA och MasterCard, Maestro samt American Express. Det tillkommer inga extra kreditkortsavgifter f\u00f6r dig som kund n\u00e4r du betalar med kort p\u00e5 gringonordic.se.<\/p>\n<p>Kreditkortsbetalningar <a title=\"https:\/\/stripe.com\/docs\/security\/stripe\" href=\"https:\/\/stripe.com\/docs\/security\/stripe\" target=\"_blank\" rel=\"noopener\"><strong>hanteras av Stripe<\/strong><\/a>&nbsp;och \u00e4r certifierade och krypterade med&nbsp;<strong>AES-256<\/strong>. Stripe anv\u00e4nder 3D Secure n\u00e4r den utf\u00e4rdande banken kr\u00e4ver det f\u00f6r att en transaktion ska godk\u00e4nnas korrekt.<\/p>\n<p>3D Secure \u00e4r ett extra s\u00e4kerhetslager f\u00f6r kredit- och betalkortstransaktioner online. Det l\u00e4gger till ett autentiseringssteg f\u00f6r onlinebetalningar genom att omdirigera anv\u00e4ndaren till kortutf\u00e4randens dom\u00e4n och sedan tillbaka till webbutikens dom\u00e4n f\u00f6r att slutf\u00f6ra betalningen.<\/p>\n<p><strong>F\u00e5 f\u00f6rst, betala sen med Klarna<\/strong><\/p>\n<p><b>Faktura<\/b><\/p>\n<p>Betalning mot Klarna faktura med 14 dagars betaltid. Ingen fakturaavgift tillkommer. Fakturan skickas i samband med att ordern skickas fr\u00e5n v\u00e5rt lager. Faktureringsadressen beh\u00f6ver vara registrerad p\u00e5 dig, det vill s\u00e4ga din folkbordf\u00f6rda adress.<\/p>\n<p>Vid f\u00f6rsenad betalning tillkommer&nbsp;p\u00e5minnelseavgift 60 kr samt dr\u00f6jsm\u00e5lsr\u00e4nta per dag. Den ligger p\u00e5 24% plus g\u00e4llande referensr\u00e4nta. Vid utebliven betalning g\u00e5r \u00e4rendet vidare till n\u00e5gon av Klarnas inkassobolag&nbsp;och lagstadgade inkassoavgifter tillkommer.<\/p>\n<p><b>Delbetalning<\/b><\/p>\n<p>Du kan delbetala din faktura via Klarna konto. Delbetala fr\u00e5n 1\/24 av orderbeloppet, dock minst 50 kr i m\u00e5naden. Du kan n\u00e4r som helst betala av hela den kvarvarande skulden. D\u00e5 avslutas automatiskt ditt konto hos Klarna. Fullst\u00e4ndiga villkor hittar du hos Klarna.<\/p>\n<p><b>Klarna Direkt<\/b><\/p>\n<p>Med Klarna Direkt betalar du enkelt direkt i kassan med mobilt bank-ID. Pengarna dras&nbsp;1-2&nbsp;dagar efter att vi skickat dina varor. Aktivera tj\u00e4nsten genom att logga in hos klarna.se och registrera ditt konto.<\/p>\n<p><strong>Kreditpr\u00f6vning och personuppgiftshantering hos Klarna<\/strong><\/p>\n<p>Klarna&nbsp;Checkout&nbsp;presenterar viss information f\u00f6r dig s\u00e5 snart du \u00e4r identifierad.&nbsp;N\u00e4r en kreditupplysning tas, verifieras din identitet med hj\u00e4lp av de uppgifter du har l\u00e4mnat med syfte att utv\u00e4rdera din kreditv\u00e4nlighet.&nbsp;Kreditupplysningar som tas av Klarna&nbsp;\u00e4r inte synliga f\u00f6r andra banker eller l\u00e5ngivare och p\u00e5verkar inte ditt kreditbetyg p\u00e5 n\u00e5got s\u00e4tt.<\/p>\n<p>Klarna&nbsp;<b>tar inte<\/b>&nbsp;n\u00e5gon kreditupplysning p\u00e5 dig n\u00e4r du:<\/p>\n<ul>\n<li>Registrerar dig f\u00f6r att anv\u00e4nda Klarna<\/li>\n<li>H\u00e4mtar Klarna-appen.\n<\/li>\n<\/ul>\n<p><br>Klarna <strong>tar en<\/strong> kreditupplysning, som inte p\u00e5verkar ditt kreditbetyg, n\u00e4r du:<\/p>\n<ul>\n<li>V\u00e4ljer att \u201cbetala senare\u201d, inom 14 dagar<\/li>\n<li>Ans\u00f6ker om Klarnakortet<\/li>\n<li>Anv\u00e4nder \u201cKlarna Direkt\u201d<\/li>\n<li>V\u00e4ljer att \u201cdela upp\u201d din betalning<\/li>\n<li>F\u00f6redrar att \u201cbetala i m\u00e5nad X\u201d<\/li>\n<li>Om en kreditupplysning tas f\u00e5r du en kopia av kreditrapporten via e-post eller i brev.\n<\/li>\n<\/ul>\n<p><br>Personuppgifter hanteras i enlighet med g\u00e4llande lagstiftning. Klarna behandlar personuppgifter i syfte att utf\u00f6ra kundanalys, identifikation, kreditkontroll och marknadsf\u00f6ring. Personnummer anv\u00e4nds som kundnummer i kundhanteringssyfte.<\/p>\n<p>Mer information och fullst\u00e4ndiga villkor om Klarnas betals\u00e4tt hittar du hos klarna.se. F\u00f6r information om din betalning kontakta Klarnas kundservice. Du kan \u00e4ven se dina fakturor och dess betalstatus p\u00e5 klarna.se under Mina sidor.<\/p>\n<p><strong>KLARNAS DATASKYDDSPOLICY<\/strong><br>F\u00f6r att kunna erbjuda dig Klarnas betalmetoder kan vi i kassan komma att dela dina personuppgifter i form av kontaktuppgifter och orderinformation med Klarna, f\u00f6r att Klarna ska kunna bed\u00f6ma om du kan v\u00e4lja betalmetoderna, samt f\u00f6r att anpassa dem f\u00f6r dig. Dina personuppgifter som delas behandlas enligt <a href=\"https:\/\/cdn.klarna.com\/1.0\/shared\/content\/legal\/terms\/0\/sv_se\/privacy\" target=\"_blank\" rel=\"noopener\">Klarnas egen dataskyddsinformation<\/a>.<\/p>\n<p><b>PERSONUPPGIFTER<br><\/b>I samband med din best\u00e4llning godk\u00e4nner du att vi lagrar och anv\u00e4nder dina uppgifter med syfte att fullf\u00f6lja och tillhandah\u00e5lla den service som du kan f\u00f6rv\u00e4nta dig av oss. Gringo Nordic ansvarar f\u00f6r att uppgifterna lagras och behandlas i enighet med dataskyddsf\u00f6rordningen.<\/p>\n<p>Informationen som du l\u00e4mnar om dig sj\u00e4lv anv\u00e4nds av Gringo Nordic AB och v\u00e5ra samarbetspartners f\u00f6r betalning och leverans samt i marknadsf\u00f6ringssyfte fr\u00e5n Gringo Nordics&nbsp;sida.<\/p>\n<p>L\u00e4s mer om hur vi behandlar dina personuppgifter i v\u00e5r Integritetspolicy.<\/p>\t\t\t\t\t\t\t\t<\/div>\n\t\t\t\t<\/div>\n\t\t\t\t\t<\/div>\n\t\t\t\t<\/div>\n\t\t\t\t<\/div>\n\t\t","protected":false},"excerpt":{"rendered":"<p>ANV\u00c4NDARVILLKOR F\u00f6r att genomf\u00f6ra k\u00f6p p\u00e5 gringonordic.se kr\u00e4vs det att du \u00e4r 18 \u00e5r och har en giltig svensk ID-handling. Om du \u00e4r under 18 \u00e5r beh\u00f6ver du ett samtycke till ditt k\u00f6p fr\u00e5n v\u00e5rdnadshavare. Genom best\u00e4llning p\u00e5 gringonordic.se godk\u00e4nner du de vid den tiden publicerade villkor enligt nedan och intygar att de uppgifter du [&hellip;]<\/p>\n","protected":false},"author":1,"featured_media":0,"parent":0,"menu_order":0,"comment_status":"closed","ping_status":"closed","template":"elementor_header_footer","meta":{"footnotes":""},"class_list":["post-991","page","type-page","status-publish","hentry"],"_links":{"self":[{"href":"https:\/\/www.gringonordic.se\/en\/wp-json\/wp\/v2\/pages\/991","targetHints":{"allow":["GET"]}}],"collection":[{"href":"https:\/\/www.gringonordic.se\/en\/wp-json\/wp\/v2\/pages"}],"about":[{"href":"https:\/\/www.gringonordic.se\/en\/wp-json\/wp\/v2\/types\/page"}],"author":[{"embeddable":true,"href":"https:\/\/www.gringonordic.se\/en\/wp-json\/wp\/v2\/users\/1"}],"replies":[{"embeddable":true,"href":"https:\/\/www.gringonordic.se\/en\/wp-json\/wp\/v2\/comments?post=991"}],"version-history":[{"count":0,"href":"https:\/\/www.gringonordic.se\/en\/wp-json\/wp\/v2\/pages\/991\/revisions"}],"wp:attachment":[{"href":"https:\/\/www.gringonordic.se\/en\/wp-json\/wp\/v2\/media?parent=991"}],"curies":[{"name":"wp","href":"https:\/\/api.w.org\/{rel}","templated":true}]}}