{"id":4610,"date":"2022-02-17T17:13:05","date_gmt":"2022-02-17T17:13:05","guid":{"rendered":"https:\/\/www.gringonordic.se\/?page_id=4610"},"modified":"2024-06-14T12:10:14","modified_gmt":"2024-06-14T10:10:14","slug":"nordic-coffee-tools","status":"publish","type":"page","link":"https:\/\/www.gringonordic.se\/en\/nordic-coffee-tools\/","title":{"rendered":"Nordic Coffee Tools"},"content":{"rendered":"<div data-elementor-type=\"wp-page\" data-elementor-id=\"4610\" class=\"elementor elementor-4610\" data-elementor-post-type=\"page\">\n\t\t\t\t<div class=\"elementor-element elementor-element-c829d0d e-con-full e-flex e-con e-parent\" data-id=\"c829d0d\" data-element_type=\"container\" data-settings=\"{&quot;jet_parallax_layout_list&quot;:[]}\">\n\t\t<div class=\"elementor-element elementor-element-13ad340 e-con-full e-flex e-con e-child\" data-id=\"13ad340\" data-element_type=\"container\" data-settings=\"{&quot;jet_parallax_layout_list&quot;:[]}\">\n\t\t\t\t<div class=\"elementor-element elementor-element-6658337 elementor-widget elementor-widget-image\" data-id=\"6658337\" data-element_type=\"widget\" data-widget_type=\"image.default\">\n\t\t\t\t<div class=\"elementor-widget-container\">\n\t\t\t\t\t\t\t\t\t\t\t\t\t\t\t<img fetchpriority=\"high\" decoding=\"async\" width=\"800\" height=\"800\" src=\"https:\/\/www.gringonordic.se\/wp-content\/uploads\/2022\/02\/Nordic_Coffee_Tools_1.jpg\" class=\"attachment-large size-large wp-image-4602\" alt=\"\" srcset=\"https:\/\/www.gringonordic.se\/wp-content\/uploads\/2022\/02\/Nordic_Coffee_Tools_1.jpg 800w, https:\/\/www.gringonordic.se\/wp-content\/uploads\/2022\/02\/Nordic_Coffee_Tools_1-300x300.jpg 300w, https:\/\/www.gringonordic.se\/wp-content\/uploads\/2022\/02\/Nordic_Coffee_Tools_1-150x150.jpg 150w, https:\/\/www.gringonordic.se\/wp-content\/uploads\/2022\/02\/Nordic_Coffee_Tools_1-768x768.jpg 768w, https:\/\/www.gringonordic.se\/wp-content\/uploads\/2022\/02\/Nordic_Coffee_Tools_1-12x12.jpg 12w, https:\/\/www.gringonordic.se\/wp-content\/uploads\/2022\/02\/Nordic_Coffee_Tools_1-100x100.jpg 100w\" sizes=\"(max-width: 800px) 100vw, 800px\" \/>\t\t\t\t\t\t\t\t\t\t\t\t\t\t\t<\/div>\n\t\t\t\t<\/div>\n\t\t\t\t<\/div>\n\t\t<div class=\"elementor-element elementor-element-2b9208b e-con-full e-flex e-con e-child\" data-id=\"2b9208b\" data-element_type=\"container\" data-settings=\"{&quot;jet_parallax_layout_list&quot;:[]}\">\n\t\t\t\t<div class=\"elementor-element elementor-element-6ea9f14 elementor-widget elementor-widget-heading\" data-id=\"6ea9f14\" data-element_type=\"widget\" data-widget_type=\"heading.default\">\n\t\t\t\t<div class=\"elementor-widget-container\">\n\t\t\t\t\t<h2 class=\"elementor-heading-title elementor-size-default\">Nordic Coffee Tools<\/h2>\t\t\t\t<\/div>\n\t\t\t\t<\/div>\n\t\t\t\t<div class=\"elementor-element elementor-element-2d160d4 elementor-widget elementor-widget-text-editor\" data-id=\"2d160d4\" data-element_type=\"widget\" data-widget_type=\"text-editor.default\">\n\t\t\t\t<div class=\"elementor-widget-container\">\n\t\t\t\t\t\t\t\t\t<p class=\"p1\">Anders Thor har vi k\u00e4nt sedan specialkaffets vagga, han har varit en central del i v\u00e5r bransch i m\u00e5nga \u00e5r och har jobbat med professionella kaffemaskiner i alla former de senaste 15 \u00e5ren. Hans f\u00f6retag Nordic Coffee Tools importerar den coolaste maskin vi vet, Kees Vand Der Westen, som st\u00e4ndigt utmanar b\u00e5de hur en espressomaskin kan se ut, och vad den kan leverera. Men hos honom hittar vi \u00e4ven de prisv\u00e4rda maskinerna fr\u00e5n Nuova SImonelli, de \u00e4r riktiga arbetsh\u00e4star.<br \/><br \/>Anders kompanjon \u00e4r Jack, baristan och kaffen\u00f6rden som efter 10 \u00e5r bakom kaffebaren ville testa p\u00e5 n\u00e5got nytt. V\u00e4ljer du maskiner fr\u00e5n de h\u00e4r grabbarna, s\u00e5 lovar vi att du \u00e4r i trygga h\u00e4nder.<\/p>\t\t\t\t\t\t\t\t<\/div>\n\t\t\t\t<\/div>\n\t\t\t\t<div class=\"elementor-element elementor-element-edd30d5 elementor-align-left elementor-widget elementor-widget-button\" data-id=\"edd30d5\" data-element_type=\"widget\" data-widget_type=\"button.default\">\n\t\t\t\t<div class=\"elementor-widget-container\">\n\t\t\t\t\t\t\t\t\t<div class=\"elementor-button-wrapper\">\n\t\t\t\t\t<a class=\"elementor-button elementor-button-link elementor-size-sm\" href=\"https:\/\/nordiccoffeetools.com\/\" target=\"_blank\" rel=\"noopener\">\n\t\t\t\t\t\t<span class=\"elementor-button-content-wrapper\">\n\t\t\t\t\t\t\t\t\t<span class=\"elementor-button-text\">nordiccoffeetools.com<\/span>\n\t\t\t\t\t<\/span>\n\t\t\t\t\t<\/a>\n\t\t\t\t<\/div>\n\t\t\t\t\t\t\t\t<\/div>\n\t\t\t\t<\/div>\n\t\t\t\t<div class=\"elementor-element elementor-element-e055d95 elementor-align-left elementor-widget elementor-widget-button\" data-id=\"e055d95\" data-element_type=\"widget\" data-widget_type=\"button.default\">\n\t\t\t\t<div class=\"elementor-widget-container\">\n\t\t\t\t\t\t\t\t\t<div class=\"elementor-button-wrapper\">\n\t\t\t\t\t<a class=\"elementor-button elementor-button-link elementor-size-sm\" href=\"https:\/\/www.gringonordic.se\/en\/gringo-friends\/\" target=\"_blank\">\n\t\t\t\t\t\t<span class=\"elementor-button-content-wrapper\">\n\t\t\t\t\t\t\t\t\t<span class=\"elementor-button-text\">TILLBAKA<\/span>\n\t\t\t\t\t<\/span>\n\t\t\t\t\t<\/a>\n\t\t\t\t<\/div>\n\t\t\t\t\t\t\t\t<\/div>\n\t\t\t\t<\/div>\n\t\t\t\t<\/div>\n\t\t\t\t<\/div>\n\t\t\t\t<\/div>","protected":false},"excerpt":{"rendered":"<p>Nordic Coffee Tools Anders Thor har vi k\u00e4nt sedan specialkaffets vagga, han har varit en central del i v\u00e5r bransch i m\u00e5nga \u00e5r och har jobbat med professionella kaffemaskiner i alla former de senaste 15 \u00e5ren. Hans f\u00f6retag Nordic Coffee Tools importerar den coolaste maskin vi vet, Kees Vand Der Westen, som st\u00e4ndigt utmanar b\u00e5de [&hellip;]<\/p>\n","protected":false},"author":1,"featured_media":0,"parent":0,"menu_order":0,"comment_status":"closed","ping_status":"closed","template":"","meta":{"footnotes":""},"class_list":["post-4610","page","type-page","status-publish","hentry"],"_links":{"self":[{"href":"https:\/\/www.gringonordic.se\/en\/wp-json\/wp\/v2\/pages\/4610","targetHints":{"allow":["GET"]}}],"collection":[{"href":"https:\/\/www.gringonordic.se\/en\/wp-json\/wp\/v2\/pages"}],"about":[{"href":"https:\/\/www.gringonordic.se\/en\/wp-json\/wp\/v2\/types\/page"}],"author":[{"embeddable":true,"href":"https:\/\/www.gringonordic.se\/en\/wp-json\/wp\/v2\/users\/1"}],"replies":[{"embeddable":true,"href":"https:\/\/www.gringonordic.se\/en\/wp-json\/wp\/v2\/comments?post=4610"}],"version-history":[{"count":0,"href":"https:\/\/www.gringonordic.se\/en\/wp-json\/wp\/v2\/pages\/4610\/revisions"}],"wp:attachment":[{"href":"https:\/\/www.gringonordic.se\/en\/wp-json\/wp\/v2\/media?parent=4610"}],"curies":[{"name":"wp","href":"https:\/\/api.w.org\/{rel}","templated":true}]}}