{"id":4556,"date":"2022-02-09T19:22:55","date_gmt":"2022-02-09T19:22:55","guid":{"rendered":"https:\/\/www.gringonordic.se\/?page_id=4556"},"modified":"2024-06-14T14:28:55","modified_gmt":"2024-06-14T12:28:55","slug":"mojo","status":"publish","type":"page","link":"https:\/\/www.gringonordic.se\/en\/mojo\/","title":{"rendered":"Mojo"},"content":{"rendered":"<div data-elementor-type=\"wp-page\" data-elementor-id=\"4556\" class=\"elementor elementor-4556\" data-elementor-post-type=\"page\">\n\t\t\t\t<div class=\"elementor-element elementor-element-22f8254 e-con-full e-flex e-con e-parent\" data-id=\"22f8254\" data-element_type=\"container\" data-settings=\"{&quot;jet_parallax_layout_list&quot;:[]}\">\n\t\t<div class=\"elementor-element elementor-element-fd74ae2 e-con-full e-flex e-con e-child\" data-id=\"fd74ae2\" data-element_type=\"container\" data-settings=\"{&quot;jet_parallax_layout_list&quot;:[]}\">\n\t\t\t\t<div class=\"elementor-element elementor-element-c9745e2 elementor-widget elementor-widget-image\" data-id=\"c9745e2\" data-element_type=\"widget\" data-widget_type=\"image.default\">\n\t\t\t\t<div class=\"elementor-widget-container\">\n\t\t\t\t\t\t\t\t\t\t\t\t\t\t\t<img fetchpriority=\"high\" decoding=\"async\" width=\"800\" height=\"800\" src=\"https:\/\/www.gringonordic.se\/wp-content\/uploads\/2022\/02\/mojo.jpg\" class=\"attachment-large size-large wp-image-4455\" alt=\"\" srcset=\"https:\/\/www.gringonordic.se\/wp-content\/uploads\/2022\/02\/mojo.jpg 800w, https:\/\/www.gringonordic.se\/wp-content\/uploads\/2022\/02\/mojo-300x300.jpg 300w, https:\/\/www.gringonordic.se\/wp-content\/uploads\/2022\/02\/mojo-150x150.jpg 150w, https:\/\/www.gringonordic.se\/wp-content\/uploads\/2022\/02\/mojo-768x768.jpg 768w, https:\/\/www.gringonordic.se\/wp-content\/uploads\/2022\/02\/mojo-12x12.jpg 12w, https:\/\/www.gringonordic.se\/wp-content\/uploads\/2022\/02\/mojo-100x100.jpg 100w\" sizes=\"(max-width: 800px) 100vw, 800px\" \/>\t\t\t\t\t\t\t\t\t\t\t\t\t\t\t<\/div>\n\t\t\t\t<\/div>\n\t\t\t\t<\/div>\n\t\t<div class=\"elementor-element elementor-element-c3dee1e e-con-full e-flex e-con e-child\" data-id=\"c3dee1e\" data-element_type=\"container\" data-settings=\"{&quot;jet_parallax_layout_list&quot;:[]}\">\n\t\t\t\t<div class=\"elementor-element elementor-element-aacea0c elementor-widget elementor-widget-heading\" data-id=\"aacea0c\" data-element_type=\"widget\" data-widget_type=\"heading.default\">\n\t\t\t\t<div class=\"elementor-widget-container\">\n\t\t\t\t\t<h2 class=\"elementor-heading-title elementor-size-default\">Team Mojo<\/h2>\t\t\t\t<\/div>\n\t\t\t\t<\/div>\n\t\t\t\t<div class=\"elementor-element elementor-element-dc1994f elementor-widget elementor-widget-text-editor\" data-id=\"dc1994f\" data-element_type=\"widget\" data-widget_type=\"text-editor.default\">\n\t\t\t\t<div class=\"elementor-widget-container\">\n\t\t\t\t\t\t\t\t\t<p class=\"p1\">Team Mojo leds av v\u00e5r kompis Aki och han har verkligen samlat ett grymt g\u00e4ng kring sig, h\u00e4r \u00e4r det verkligen laget f\u00f6re jaget som g\u00e4ller. F\u00e5 f\u00f6retag lever s\u00e5 v\u00e4l upp till sin payoff \u201d<span class=\"s1\">Vi fixar det, med gl\u00e4dje!\u201d som just Team Mojo; h\u00e4r existerar inga problem, allt g\u00e5r att l\u00f6sa!<\/span><\/p><p class=\"p2\">Deras drivkraft att g\u00f6ra saker annorlunda och alltid hitta l\u00f6sningar, tillsammans med starka varum\u00e4rken s\u00e5som Faema, La Cimbali, Bunn och inte minst Dalla Corte, g\u00f6r att de \u00e4r en sj\u00e4lvklar partner till Gringo, vi \u00e4r en stolt \u00e5terf\u00f6rs\u00e4ljare av de maskiner som de representerar. Oavsett om du beh\u00f6ver en maskin till ditt kaf\u00e9, f\u00f6retag eller en riktigt vass espressomaskin hem, s\u00e5 \u00e4r Mojo \u00e4n sj\u00e4lvklar partner. Tillsammans ser vi till att du f\u00e5r r\u00e4tt maskin, r\u00e4tt service och att kaffet smakar fantastiskt.<\/p>\t\t\t\t\t\t\t\t<\/div>\n\t\t\t\t<\/div>\n\t\t\t\t<div class=\"elementor-element elementor-element-33b0648 elementor-align-left elementor-widget elementor-widget-button\" data-id=\"33b0648\" data-element_type=\"widget\" data-widget_type=\"button.default\">\n\t\t\t\t<div class=\"elementor-widget-container\">\n\t\t\t\t\t\t\t\t\t<div class=\"elementor-button-wrapper\">\n\t\t\t\t\t<a class=\"elementor-button elementor-button-link elementor-size-sm\" href=\"http:\/\/www.mojosverige.se\/\" target=\"_blank\" rel=\"noopener\">\n\t\t\t\t\t\t<span class=\"elementor-button-content-wrapper\">\n\t\t\t\t\t\t\t\t\t<span class=\"elementor-button-text\">mojosverige.se<\/span>\n\t\t\t\t\t<\/span>\n\t\t\t\t\t<\/a>\n\t\t\t\t<\/div>\n\t\t\t\t\t\t\t\t<\/div>\n\t\t\t\t<\/div>\n\t\t\t\t<div class=\"elementor-element elementor-element-0b9d3e0 elementor-align-left elementor-widget elementor-widget-button\" data-id=\"0b9d3e0\" data-element_type=\"widget\" data-widget_type=\"button.default\">\n\t\t\t\t<div class=\"elementor-widget-container\">\n\t\t\t\t\t\t\t\t\t<div class=\"elementor-button-wrapper\">\n\t\t\t\t\t<a class=\"elementor-button elementor-button-link elementor-size-sm\" href=\"https:\/\/www.gringonordic.se\/en\/gringo-friends\/\" target=\"_blank\">\n\t\t\t\t\t\t<span class=\"elementor-button-content-wrapper\">\n\t\t\t\t\t\t\t\t\t<span class=\"elementor-button-text\">TILLBAKA<\/span>\n\t\t\t\t\t<\/span>\n\t\t\t\t\t<\/a>\n\t\t\t\t<\/div>\n\t\t\t\t\t\t\t\t<\/div>\n\t\t\t\t<\/div>\n\t\t\t\t<\/div>\n\t\t\t\t<\/div>\n\t\t\t\t<\/div>","protected":false},"excerpt":{"rendered":"<p>Team Mojo Team Mojo leds av v\u00e5r kompis Aki och han har verkligen samlat ett grymt g\u00e4ng kring sig, h\u00e4r \u00e4r det verkligen laget f\u00f6re jaget som g\u00e4ller. F\u00e5 f\u00f6retag lever s\u00e5 v\u00e4l upp till sin payoff \u201dVi fixar det, med gl\u00e4dje!\u201d som just Team Mojo; h\u00e4r existerar inga problem, allt g\u00e5r att l\u00f6sa! Deras [&hellip;]<\/p>\n","protected":false},"author":1,"featured_media":0,"parent":0,"menu_order":0,"comment_status":"closed","ping_status":"closed","template":"","meta":{"footnotes":""},"class_list":["post-4556","page","type-page","status-publish","hentry"],"_links":{"self":[{"href":"https:\/\/www.gringonordic.se\/en\/wp-json\/wp\/v2\/pages\/4556","targetHints":{"allow":["GET"]}}],"collection":[{"href":"https:\/\/www.gringonordic.se\/en\/wp-json\/wp\/v2\/pages"}],"about":[{"href":"https:\/\/www.gringonordic.se\/en\/wp-json\/wp\/v2\/types\/page"}],"author":[{"embeddable":true,"href":"https:\/\/www.gringonordic.se\/en\/wp-json\/wp\/v2\/users\/1"}],"replies":[{"embeddable":true,"href":"https:\/\/www.gringonordic.se\/en\/wp-json\/wp\/v2\/comments?post=4556"}],"version-history":[{"count":0,"href":"https:\/\/www.gringonordic.se\/en\/wp-json\/wp\/v2\/pages\/4556\/revisions"}],"wp:attachment":[{"href":"https:\/\/www.gringonordic.se\/en\/wp-json\/wp\/v2\/media?parent=4556"}],"curies":[{"name":"wp","href":"https:\/\/api.w.org\/{rel}","templated":true}]}}