{"id":4505,"date":"2022-02-09T15:23:02","date_gmt":"2022-02-09T15:23:02","guid":{"rendered":"https:\/\/www.gringonordic.se\/?page_id=4505"},"modified":"2024-06-14T15:42:11","modified_gmt":"2024-06-14T13:42:11","slug":"rreble","status":"publish","type":"page","link":"https:\/\/www.gringonordic.se\/en\/rreble\/","title":{"rendered":"rReble"},"content":{"rendered":"<div data-elementor-type=\"wp-page\" data-elementor-id=\"4505\" class=\"elementor elementor-4505\" data-elementor-post-type=\"page\">\n\t\t\t\t<div class=\"elementor-element elementor-element-798aee7 e-con-full e-flex e-con e-parent\" data-id=\"798aee7\" data-element_type=\"container\" data-settings=\"{&quot;jet_parallax_layout_list&quot;:[]}\">\n\t\t<div class=\"elementor-element elementor-element-e29843e e-con-full e-flex e-con e-child\" data-id=\"e29843e\" data-element_type=\"container\" data-settings=\"{&quot;jet_parallax_layout_list&quot;:[]}\">\n\t\t\t\t<div class=\"elementor-element elementor-element-7c099dc elementor-widget elementor-widget-image\" data-id=\"7c099dc\" data-element_type=\"widget\" data-widget_type=\"image.default\">\n\t\t\t\t<div class=\"elementor-widget-container\">\n\t\t\t\t\t\t\t\t\t\t\t\t\t\t\t<img fetchpriority=\"high\" decoding=\"async\" width=\"800\" height=\"800\" src=\"https:\/\/www.gringonordic.se\/wp-content\/uploads\/2022\/02\/rRebel_1.jpg\" class=\"attachment-large size-large wp-image-4456\" alt=\"\" srcset=\"https:\/\/www.gringonordic.se\/wp-content\/uploads\/2022\/02\/rRebel_1.jpg 800w, https:\/\/www.gringonordic.se\/wp-content\/uploads\/2022\/02\/rRebel_1-300x300.jpg 300w, https:\/\/www.gringonordic.se\/wp-content\/uploads\/2022\/02\/rRebel_1-150x150.jpg 150w, https:\/\/www.gringonordic.se\/wp-content\/uploads\/2022\/02\/rRebel_1-768x768.jpg 768w, https:\/\/www.gringonordic.se\/wp-content\/uploads\/2022\/02\/rRebel_1-12x12.jpg 12w, https:\/\/www.gringonordic.se\/wp-content\/uploads\/2022\/02\/rRebel_1-100x100.jpg 100w\" sizes=\"(max-width: 800px) 100vw, 800px\" \/>\t\t\t\t\t\t\t\t\t\t\t\t\t\t\t<\/div>\n\t\t\t\t<\/div>\n\t\t\t\t<\/div>\n\t\t<div class=\"elementor-element elementor-element-0916ed2 e-con-full e-flex e-con e-child\" data-id=\"0916ed2\" data-element_type=\"container\" data-settings=\"{&quot;jet_parallax_layout_list&quot;:[]}\">\n\t\t\t\t<div class=\"elementor-element elementor-element-cdbb582 elementor-widget elementor-widget-heading\" data-id=\"cdbb582\" data-element_type=\"widget\" data-widget_type=\"heading.default\">\n\t\t\t\t<div class=\"elementor-widget-container\">\n\t\t\t\t\t<h2 class=\"elementor-heading-title elementor-size-default\">rRebel<\/h2>\t\t\t\t<\/div>\n\t\t\t\t<\/div>\n\t\t\t\t<div class=\"elementor-element elementor-element-57d0f89 elementor-widget elementor-widget-text-editor\" data-id=\"57d0f89\" data-element_type=\"widget\" data-widget_type=\"text-editor.default\">\n\t\t\t\t<div class=\"elementor-widget-container\">\n\t\t\t\t\t\t\t\t\t<p class=\"p1\">rRebel drivs av v\u00e5ra kompisar Nebo och Victor, tv\u00e5 av de mest kunniga, trevliga och sympatiska m\u00e4nniskor som vi k\u00e4nner. De har dessutom \u00e4ran att f\u00e5 f\u00f6retr\u00e4da bland annat La Marzocco och Mahlk\u00f6nig, tv\u00e5 varum\u00e4rken som vi sj\u00e4lva anv\u00e4nder p\u00e5 rosteriet.<\/p><p class=\"p1\">Som officiell import\u00f6r distribuerar de n\u00e5gra av v\u00e4rldens finaste kaffe- och espressomaskiner till kaffeindustrin i Sverige, och som serviceorganisation ser de till att din utrustnings drifts\u00e4kerhet, precision och livsl\u00e4ngd bibeh\u00e5lls.<\/p><p class=\"p1\">Vi \u00e4r glada att agera som \u00e5terf\u00f6rs\u00e4ljare av de maskiner som rRebel importerar. Ibland tar vi deras hj\u00e4lp vid installation, ibland g\u00f6r vi det sj\u00e4lva. Det viktiga \u00e4r att du alltid skall k\u00e4nna att du har f\u00e5tt precis r\u00e4tt maskiner f\u00f6r dig och den service och utbildning du beh\u00f6ver f\u00f6r att skapa magiska kaffeupplevelser till dig och dina kunder.<\/p>\t\t\t\t\t\t\t\t<\/div>\n\t\t\t\t<\/div>\n\t\t\t\t<div class=\"elementor-element elementor-element-98c9220 elementor-align-left elementor-widget elementor-widget-button\" data-id=\"98c9220\" data-element_type=\"widget\" data-widget_type=\"button.default\">\n\t\t\t\t<div class=\"elementor-widget-container\">\n\t\t\t\t\t\t\t\t\t<div class=\"elementor-button-wrapper\">\n\t\t\t\t\t<a class=\"elementor-button elementor-button-link elementor-size-sm\" href=\"https:\/\/www.rrebel.se\/\" target=\"_blank\" rel=\"noopener\">\n\t\t\t\t\t\t<span class=\"elementor-button-content-wrapper\">\n\t\t\t\t\t\t\t\t\t<span class=\"elementor-button-text\">rrebel.se<\/span>\n\t\t\t\t\t<\/span>\n\t\t\t\t\t<\/a>\n\t\t\t\t<\/div>\n\t\t\t\t\t\t\t\t<\/div>\n\t\t\t\t<\/div>\n\t\t\t\t<div class=\"elementor-element elementor-element-d1c50d4 elementor-align-left elementor-widget elementor-widget-button\" data-id=\"d1c50d4\" data-element_type=\"widget\" data-widget_type=\"button.default\">\n\t\t\t\t<div class=\"elementor-widget-container\">\n\t\t\t\t\t\t\t\t\t<div class=\"elementor-button-wrapper\">\n\t\t\t\t\t<a class=\"elementor-button elementor-button-link elementor-size-sm\" href=\"https:\/\/www.gringonordic.se\/en\/gringo-friends\/\" target=\"_blank\">\n\t\t\t\t\t\t<span class=\"elementor-button-content-wrapper\">\n\t\t\t\t\t\t\t\t\t<span class=\"elementor-button-text\">TILLBAKA<\/span>\n\t\t\t\t\t<\/span>\n\t\t\t\t\t<\/a>\n\t\t\t\t<\/div>\n\t\t\t\t\t\t\t\t<\/div>\n\t\t\t\t<\/div>\n\t\t\t\t<\/div>\n\t\t\t\t<\/div>\n\t\t\t\t<\/div>","protected":false},"excerpt":{"rendered":"<p>rRebel rRebel drivs av v\u00e5ra kompisar Nebo och Victor, tv\u00e5 av de mest kunniga, trevliga och sympatiska m\u00e4nniskor som vi k\u00e4nner. De har dessutom \u00e4ran att f\u00e5 f\u00f6retr\u00e4da bland annat La Marzocco och Mahlk\u00f6nig, tv\u00e5 varum\u00e4rken som vi sj\u00e4lva anv\u00e4nder p\u00e5 rosteriet. Som officiell import\u00f6r distribuerar de n\u00e5gra av v\u00e4rldens finaste kaffe- och espressomaskiner till [&hellip;]<\/p>\n","protected":false},"author":1,"featured_media":0,"parent":0,"menu_order":0,"comment_status":"closed","ping_status":"closed","template":"","meta":{"footnotes":""},"class_list":["post-4505","page","type-page","status-publish","hentry"],"_links":{"self":[{"href":"https:\/\/www.gringonordic.se\/en\/wp-json\/wp\/v2\/pages\/4505","targetHints":{"allow":["GET"]}}],"collection":[{"href":"https:\/\/www.gringonordic.se\/en\/wp-json\/wp\/v2\/pages"}],"about":[{"href":"https:\/\/www.gringonordic.se\/en\/wp-json\/wp\/v2\/types\/page"}],"author":[{"embeddable":true,"href":"https:\/\/www.gringonordic.se\/en\/wp-json\/wp\/v2\/users\/1"}],"replies":[{"embeddable":true,"href":"https:\/\/www.gringonordic.se\/en\/wp-json\/wp\/v2\/comments?post=4505"}],"version-history":[{"count":0,"href":"https:\/\/www.gringonordic.se\/en\/wp-json\/wp\/v2\/pages\/4505\/revisions"}],"wp:attachment":[{"href":"https:\/\/www.gringonordic.se\/en\/wp-json\/wp\/v2\/media?parent=4505"}],"curies":[{"name":"wp","href":"https:\/\/api.w.org\/{rel}","templated":true}]}}