{"id":382,"date":"2021-11-25T13:14:13","date_gmt":"2021-11-25T13:14:13","guid":{"rendered":"https:\/\/www.gringonordic.se\/?page_id=382"},"modified":"2026-03-07T09:48:13","modified_gmt":"2026-03-07T08:48:13","slug":"kontakt","status":"publish","type":"page","link":"https:\/\/www.gringonordic.se\/en\/kontakt\/","title":{"rendered":"CONTACT"},"content":{"rendered":"\t\t<div data-elementor-type=\"wp-page\" data-elementor-id=\"382\" class=\"elementor elementor-382\" data-elementor-post-type=\"page\">\n\t\t\t\t<div class=\"elementor-element elementor-element-a86a666 e-flex e-con-boxed e-con e-parent\" data-id=\"a86a666\" data-element_type=\"container\" data-settings=\"{&quot;jet_parallax_layout_list&quot;:[{&quot;jet_parallax_layout_image&quot;:{&quot;url&quot;:&quot;&quot;,&quot;id&quot;:&quot;&quot;,&quot;size&quot;:&quot;&quot;},&quot;_id&quot;:&quot;1240686&quot;,&quot;jet_parallax_layout_image_tablet&quot;:{&quot;url&quot;:&quot;&quot;,&quot;id&quot;:&quot;&quot;,&quot;size&quot;:&quot;&quot;},&quot;jet_parallax_layout_image_mobile&quot;:{&quot;url&quot;:&quot;&quot;,&quot;id&quot;:&quot;&quot;,&quot;size&quot;:&quot;&quot;},&quot;jet_parallax_layout_speed&quot;:{&quot;unit&quot;:&quot;%&quot;,&quot;size&quot;:50,&quot;sizes&quot;:[]},&quot;jet_parallax_layout_type&quot;:&quot;scroll&quot;,&quot;jet_parallax_layout_direction&quot;:&quot;1&quot;,&quot;jet_parallax_layout_fx_direction&quot;:null,&quot;jet_parallax_layout_z_index&quot;:&quot;&quot;,&quot;jet_parallax_layout_bg_x&quot;:50,&quot;jet_parallax_layout_bg_x_tablet&quot;:&quot;&quot;,&quot;jet_parallax_layout_bg_x_mobile&quot;:&quot;&quot;,&quot;jet_parallax_layout_bg_y&quot;:50,&quot;jet_parallax_layout_bg_y_tablet&quot;:&quot;&quot;,&quot;jet_parallax_layout_bg_y_mobile&quot;:&quot;&quot;,&quot;jet_parallax_layout_bg_size&quot;:&quot;auto&quot;,&quot;jet_parallax_layout_bg_size_tablet&quot;:&quot;&quot;,&quot;jet_parallax_layout_bg_size_mobile&quot;:&quot;&quot;,&quot;jet_parallax_layout_animation_prop&quot;:&quot;transform&quot;,&quot;jet_parallax_layout_on&quot;:[&quot;desktop&quot;,&quot;tablet&quot;]}]}\">\n\t\t\t\t\t<div class=\"e-con-inner\">\n\t\t\t\t<div class=\"elementor-element elementor-element-67f71a4 elementor-widget elementor-widget-image\" data-id=\"67f71a4\" data-element_type=\"widget\" data-widget_type=\"image.default\">\n\t\t\t\t<div class=\"elementor-widget-container\">\n\t\t\t\t\t\t\t\t\t\t\t\t\t\t\t<img fetchpriority=\"high\" decoding=\"async\" width=\"1500\" height=\"828\" src=\"https:\/\/www.gringonordic.se\/wp-content\/uploads\/2021\/11\/Goodhonest_illis.jpg\" class=\"attachment-full size-full wp-image-381\" alt=\"\" srcset=\"https:\/\/www.gringonordic.se\/wp-content\/uploads\/2021\/11\/Goodhonest_illis.jpg 1500w, https:\/\/www.gringonordic.se\/wp-content\/uploads\/2021\/11\/Goodhonest_illis-1000x552.jpg 1000w, https:\/\/www.gringonordic.se\/wp-content\/uploads\/2021\/11\/Goodhonest_illis-300x166.jpg 300w, https:\/\/www.gringonordic.se\/wp-content\/uploads\/2021\/11\/Goodhonest_illis-1024x565.jpg 1024w, https:\/\/www.gringonordic.se\/wp-content\/uploads\/2021\/11\/Goodhonest_illis-768x424.jpg 768w\" sizes=\"(max-width: 1500px) 100vw, 1500px\" \/>\t\t\t\t\t\t\t\t\t\t\t\t\t\t\t<\/div>\n\t\t\t\t<\/div>\n\t\t\t\t<div class=\"elementor-element elementor-element-908a95c elementor-widget elementor-widget-text-editor\" data-id=\"908a95c\" data-element_type=\"widget\" data-widget_type=\"text-editor.default\">\n\t\t\t\t<div class=\"elementor-widget-container\">\n\t\t\t\t\t\t\t\t\t<p><b>\u00d6PPETTIDER<\/b><\/p>\n<p>Rosteriet \u00e4r \u00f6ppet m\u00e5ndag-fredag 8-16.00. Alltid st\u00e4ngt p\u00e5 helgdagar\/r\u00f6da dagar. &nbsp;Butiken \u00e4r ocks\u00e5 \u00f6ppen ifall du vill handla, ta en kaffe i v\u00e5r kaffebar eller har best\u00e4llt kaffe.&nbsp;<\/p>\n<p>En L\u00d6RDAG i varje m\u00e5nad (n\u00e4sta g\u00e5ng \u00e4r 28\/3 2026) har vi \u00f6ppet 11-15 med hembakt fika, sittplatser i rosteriet och gratis <span style=\"font-family: var( --e-global-typography-fd0379b-font-family ), Sans-serif; font-size: var( --e-global-typography-fd0379b-font-size ); letter-spacing: var( --e-global-typography-fd0379b-letter-spacing ); word-spacing: var( --e-global-typography-fd0379b-word-spacing ); color: var( --e-global-color-d999cd2 );\">drop- in kaffeprovning kl.12&amp;kl.14. Alla \u00e4r v\u00e4lkomna!<\/span><\/p>\n<p>Samma helg som l\u00f6rdags\u00f6ppet har vi ocks\u00e5 s\u00f6ndags\u00f6ppet: Kaffe &amp; Vinyl 11-15. D\u00e5 spelar vi vinylskivor och dricker kaffe. &nbsp;Fika finns!<\/p>\n<p>\u00c4r ni en grupp kollegor eller v\u00e4nner om minst 8 personer som vill komma och l\u00e4ra er mer om kaffe och smaker ? D\u00e5 planerar vi in en kaffen\u00f6rdkv\u00e4ll hos oss! H\u00f6r av er till hej@gringonordic.se&nbsp;<\/p>\n<p><b style=\"font-family: var( --e-global-typography-fd0379b-font-family ), Sans-serif; font-size: var( --e-global-typography-fd0379b-font-size ); letter-spacing: var( --e-global-typography-fd0379b-letter-spacing ); word-spacing: var( --e-global-typography-fd0379b-word-spacing ); color: var( --e-global-color-d999cd2 );\">ROSTNING<\/b><\/p>\n<p>Vi har en flexibel produktion och rostar de flesta dagar i veckan f\u00f6r att s\u00e4kerst\u00e4lla att du alltid f\u00e5r ett f\u00e4rskrostat kaffe. V\u00e5ra blandningar &#8211; Brew &amp; Espresso &#8211; \u00e4r packade i p\u00e5sar om 500 gram eller i 5 kiloss\u00e4ck. Alla Single Origin \u00e4r packade i p\u00e5sar om 250 gram, och n\u00e5gra av dem finns \u00e4ven som 5-kilo. Vill du att vi maler kaffet till dig &#8211; skriv i meddelanderaden n\u00e4r du best\u00e4ller!<\/p>\n<p><b>ARBETA H\u00c4R<\/b><br>Just nu har vi inga lediga tj\u00e4nster, men har du erfarenhet av att jobba med kaffe och m\u00e4nniskor, d\u00e5 f\u00e5r du g\u00e4rna skicka in din intresseanm\u00e4lan. Vi uppskattar passionerade, professionella och beg\u00e5vade personer som vill arbeta i samarbete med sina kollegor f\u00f6r att skapa den b\u00e4sta m\u00f6jliga arbetsmilj\u00f6n. Vi gillar m\u00e4nniskor som \u00e4r modiga, sn\u00e4lla positiva och \u00f6dmjuka i lika proportion och som alltid s\u00e4tter laget f\u00f6rst. Maila i s\u00e5 fall till <a href=\"mailto:hej@gringonordic.se\">hej@gringonordic.se<\/a><\/p>\n<p><b>\u00c5TERF\u00d6RS\u00c4LJARE<\/b><br>Vill du servera, s\u00e4lja eller p\u00e5 annat s\u00e4tt presentera v\u00e5ra kaffe? &#8211; Grymt, h\u00f6r av dig genast. Vi \u00e4r ett specialkafferosteri d\u00e4r transparens och \u00e4kta kvalitet ska genomsyra allt vi g\u00f6r, s\u00e5 sj\u00e4lvklart vill vi jobba med f\u00f6retag och m\u00e4nniskor som tycker att gott kaffe \u00e4r viktigt. Vi vill g\u00e4rna tr\u00e4ffa dig och ska g\u00f6ra v\u00e5rt yttersta f\u00f6r att f\u00e5 dig att k\u00e4nna dig riktigt hemma hos oss. Oavsett om du har ett befintligt f\u00f6retag eller ska \u00f6ppna ett kaf\u00e9, restaurang eller en butik och letar efter v\u00e4gledning n\u00e4r det g\u00e4ller koncept, maskiner och kaffe, s\u00e5 diskuterar vi g\u00e4rna hur vi kan arbeta tillsammans. Skicka ett mail till hej@gringonordic.se&nbsp;<\/p>\n<p>F\u00f6r att best\u00e4lla skicka ett mail till&nbsp;<a href=\"mailto:order@gringonordic.se\">order@gringonordic.se<\/a>&nbsp;eller ring oss p\u00e5 031-120880. Vi ser fram emot att f\u00e5 tr\u00e4ffa dig!<\/p>\t\t\t\t\t\t\t\t<\/div>\n\t\t\t\t<\/div>\n\t\t\t\t\t<\/div>\n\t\t\t\t<\/div>\n\t\t\t\t<\/div>\n\t\t","protected":false},"excerpt":{"rendered":"<p>\u00d6PPETTIDER Rosteriet \u00e4r \u00f6ppet m\u00e5ndag-fredag 8-16.00. Alltid st\u00e4ngt p\u00e5 helgdagar\/r\u00f6da dagar. &nbsp;Butiken \u00e4r ocks\u00e5 \u00f6ppen ifall du vill handla, ta en kaffe i v\u00e5r kaffebar eller har best\u00e4llt kaffe.&nbsp; En L\u00d6RDAG i varje m\u00e5nad (n\u00e4sta g\u00e5ng \u00e4r 28\/3 2026) har vi \u00f6ppet 11-15 med hembakt fika, sittplatser i rosteriet och gratis drop- in kaffeprovning kl.12&amp;kl.14. [&hellip;]<\/p>\n","protected":false},"author":1,"featured_media":0,"parent":0,"menu_order":0,"comment_status":"closed","ping_status":"closed","template":"elementor_header_footer","meta":{"footnotes":""},"class_list":["post-382","page","type-page","status-publish","hentry"],"_links":{"self":[{"href":"https:\/\/www.gringonordic.se\/en\/wp-json\/wp\/v2\/pages\/382","targetHints":{"allow":["GET"]}}],"collection":[{"href":"https:\/\/www.gringonordic.se\/en\/wp-json\/wp\/v2\/pages"}],"about":[{"href":"https:\/\/www.gringonordic.se\/en\/wp-json\/wp\/v2\/types\/page"}],"author":[{"embeddable":true,"href":"https:\/\/www.gringonordic.se\/en\/wp-json\/wp\/v2\/users\/1"}],"replies":[{"embeddable":true,"href":"https:\/\/www.gringonordic.se\/en\/wp-json\/wp\/v2\/comments?post=382"}],"version-history":[{"count":5,"href":"https:\/\/www.gringonordic.se\/en\/wp-json\/wp\/v2\/pages\/382\/revisions"}],"predecessor-version":[{"id":60491,"href":"https:\/\/www.gringonordic.se\/en\/wp-json\/wp\/v2\/pages\/382\/revisions\/60491"}],"wp:attachment":[{"href":"https:\/\/www.gringonordic.se\/en\/wp-json\/wp\/v2\/media?parent=382"}],"curies":[{"name":"wp","href":"https:\/\/api.w.org\/{rel}","templated":true}]}}