{"id":1056,"date":"2021-12-13T09:13:05","date_gmt":"2021-12-13T09:13:05","guid":{"rendered":"https:\/\/www.gringonordic.se\/?page_id=1056"},"modified":"2024-06-14T11:24:53","modified_gmt":"2024-06-14T09:24:53","slug":"integritet-cookies","status":"publish","type":"page","link":"https:\/\/www.gringonordic.se\/en\/integritet-cookies\/","title":{"rendered":"INTEGRITET &#038; COOKIES"},"content":{"rendered":"\t\t<div data-elementor-type=\"wp-page\" data-elementor-id=\"1056\" class=\"elementor elementor-1056\" data-elementor-post-type=\"page\">\n\t\t\t\t<div class=\"elementor-element elementor-element-7284214 e-flex e-con-boxed e-con e-parent\" data-id=\"7284214\" data-element_type=\"container\" data-settings=\"{&quot;jet_parallax_layout_list&quot;:[{&quot;jet_parallax_layout_image&quot;:{&quot;url&quot;:&quot;&quot;,&quot;id&quot;:&quot;&quot;,&quot;size&quot;:&quot;&quot;},&quot;_id&quot;:&quot;4410d32&quot;,&quot;jet_parallax_layout_image_tablet&quot;:{&quot;url&quot;:&quot;&quot;,&quot;id&quot;:&quot;&quot;,&quot;size&quot;:&quot;&quot;},&quot;jet_parallax_layout_image_mobile&quot;:{&quot;url&quot;:&quot;&quot;,&quot;id&quot;:&quot;&quot;,&quot;size&quot;:&quot;&quot;},&quot;jet_parallax_layout_speed&quot;:{&quot;unit&quot;:&quot;%&quot;,&quot;size&quot;:50,&quot;sizes&quot;:[]},&quot;jet_parallax_layout_type&quot;:&quot;scroll&quot;,&quot;jet_parallax_layout_direction&quot;:&quot;1&quot;,&quot;jet_parallax_layout_fx_direction&quot;:null,&quot;jet_parallax_layout_z_index&quot;:&quot;&quot;,&quot;jet_parallax_layout_bg_x&quot;:50,&quot;jet_parallax_layout_bg_x_tablet&quot;:&quot;&quot;,&quot;jet_parallax_layout_bg_x_mobile&quot;:&quot;&quot;,&quot;jet_parallax_layout_bg_y&quot;:50,&quot;jet_parallax_layout_bg_y_tablet&quot;:&quot;&quot;,&quot;jet_parallax_layout_bg_y_mobile&quot;:&quot;&quot;,&quot;jet_parallax_layout_bg_size&quot;:&quot;auto&quot;,&quot;jet_parallax_layout_bg_size_tablet&quot;:&quot;&quot;,&quot;jet_parallax_layout_bg_size_mobile&quot;:&quot;&quot;,&quot;jet_parallax_layout_animation_prop&quot;:&quot;transform&quot;,&quot;jet_parallax_layout_on&quot;:[&quot;desktop&quot;,&quot;tablet&quot;]}]}\">\n\t\t\t\t\t<div class=\"e-con-inner\">\n\t\t\t\t<div class=\"elementor-element elementor-element-fc3d3af elementor-widget elementor-widget-heading\" data-id=\"fc3d3af\" data-element_type=\"widget\" data-widget_type=\"heading.default\">\n\t\t\t\t<div class=\"elementor-widget-container\">\n\t\t\t\t\t<h1 class=\"elementor-heading-title elementor-size-default\">INTEGRITET &amp; COOKIEPOLICY<\/h1>\t\t\t\t<\/div>\n\t\t\t\t<\/div>\n\t\t\t\t<div class=\"elementor-element elementor-element-a34e115 elementor-widget-divider--view-line elementor-widget elementor-widget-divider\" data-id=\"a34e115\" data-element_type=\"widget\" data-widget_type=\"divider.default\">\n\t\t\t\t<div class=\"elementor-widget-container\">\n\t\t\t\t\t\t\t<div class=\"elementor-divider\">\n\t\t\t<span class=\"elementor-divider-separator\">\n\t\t\t\t\t\t<\/span>\n\t\t<\/div>\n\t\t\t\t\t\t<\/div>\n\t\t\t\t<\/div>\n\t\t\t\t<div class=\"elementor-element elementor-element-afc4fde elementor-widget elementor-widget-text-editor\" data-id=\"afc4fde\" data-element_type=\"widget\" data-widget_type=\"text-editor.default\">\n\t\t\t\t<div class=\"elementor-widget-container\">\n\t\t\t\t\t\t\t\t\t<p><strong>DINA PERSONUPPGIFTER OCH HUR VI HANTERAR DEM\u00a0<\/strong><\/p><p>Vi vill att du ska k\u00e4nna dig trygg n\u00e4r du handlar p\u00e5 gringonordic.se. Vi v\u00e4rnar om din integritet och behandlar dina personuppgifter med st\u00f6rsta respekt och i enlighet med g\u00e4llande lagstiftning. Denna policy beskriver hur vi samlar in och behandlar dina personuppgifter n\u00e4r du bes\u00f6ker v\u00e5r webbplats och anv\u00e4nder de tj\u00e4nster som erbjuds.<\/p><p><strong>Personuppgiftsansvarig \u00e4r Gringo Nordic Coffee Roasters AB AB (Org.\u00a0<\/strong><b>559131-1328<\/b><strong>).\u00a0<\/strong><\/p><p>I samband med att du l\u00e4gger in order eller skapar ett \u201dINLOGG\u201d godk\u00e4nner du att vi sparar och anv\u00e4nder dina personuppgifter f\u00f6r att\u00a0fullf\u00f6lja och tillhandah\u00e5lla den service som du kan f\u00f6rv\u00e4nta dig av oss.<\/p><p><b>V<\/b><b>AD \u00c4R EN PERSONUPPGIFT<\/b><b>?<\/b><\/p><p>En personuppgift \u00e4r information och data som direkt eller indirekt kan h\u00e4nf\u00f6ras till en fysisk person. Exempel p\u00e5 dessa \u00e4r namn, personnummer, adress, e-postadress och telefonnummer.<\/p><p><b>V<\/b><b>ILKA PERSONUPPGIFTER<\/b><b>\u00a0VI<\/b><b> SAMLAR IN OCH VARF\u00d6R<\/b><\/p><p>N\u00e4r du blir kund hos oss samlar vi in personuppgifter som namn, adress, e-postadress, telefonnummer och, ibland,\u00a0personnummer.\u00a0Vi samlar \u00e4ven in uppgifter om leveranss\u00e4tt, eventuellt utl\u00e4mningsst\u00e4lle\u00a0samt IP-adress. Det k\u00f6peavtal som vi ing\u00e5r\u00a0med dig utg\u00f6r den lagliga grunden f\u00f6r behandlingen av dina personuppgifter och \u00e4r n\u00f6dv\u00e4ndig f\u00f6r att vi ska kunna uppfylla v\u00e5ra r\u00e4ttsliga f\u00f6rpliktelser och fullg\u00f6ra detta avtal gentemot dig g\u00e4llande exempelvis leverans och betalning.<\/p><p>N\u00e4r du h\u00f6r av dig till oss via mail eller telefon samlar vi uppgifter som ordernummer, namn,\u00a0telefonnummer,\u00a0postadress och e-post med syfte att besvara de fr\u00e5gor du har och f\u00f6r att hantera ditt \u00e4rende. Om din fr\u00e5ga r\u00f6r en reklamation kommer vi att behandla dina uppgifter f\u00f6r att kunna uppfylla v\u00e5ra skyldigheter enligt g\u00e4llande konsumentlagstiftning.<\/p><p><b>H<\/b><b>UR <\/b><b>ANV\u00c4NDER VI DINA PERSONUPPGIFTER<\/b><\/p><p>Vi behandlar dina uppgifter f\u00f6r att identifiera dig som kund, hantera och leverera din best\u00e4llning samt f\u00f6r att hantera fakturering och betalning.\u00a0Vi behandlar \u00e4ven dina personuppgifter f\u00f6r att kunna hj\u00e4lpa dig om du kontaktar oss med fr\u00e5gor, synpunkter eller exempelvis en reklamation.<\/p><p><b>MED VEM VI DELAR DINA PERSONUPPGIFTER?<\/b><\/p><p><em>BETALL\u00d6SNINGAR<\/em>:\u00a0F\u00f6r att kunna ta betalt, hantera fakturor och betalningar delar vi uppgifter med\u00a0Klarna.\u00a0Klarna\u00a0samlar\u00a0personuppgifter om dig i samband med betalning.\u00a0Klarna\u00a0\u00e4r s\u00e5ledes personuppgiftsansvariga f\u00f6r dessa uppgifter enligt bolagens villkor. Se\u00a0Klarnas villkor.<\/p><p><em>FRAKTBOLAG<\/em>:\u00a0F\u00f6r att kunna fullf\u00f6lja\u00a0k\u00f6peavtalet\u00a0och leverera din best\u00e4llning tar \u00e4ven v\u00e5ra fraktbolag del av\u00a0de personuppgifter som kr\u00e4vs f\u00f6r att kunna fullf\u00f6lja och leverera din best\u00e4llning.<\/p><p><em>COOKIES\/GOOGLE\/FACEBOOK<\/em>:\u00a0Vi delar analysdata via tredjepartscookies f\u00f6r marknadsf\u00f6ring och webbanalys f\u00f6r att f\u00f6rb\u00e4ttra v\u00e5ra tj\u00e4nster\u00a0och din anv\u00e4ndarupplevelse.<\/p><p>Se l\u00e4ngre ner f\u00f6r\u00a0<strong>COOKIEPOLICY<\/strong>.<\/p><p><b>S<\/b><b>\u00c5 L\u00c4NGE SPARAR VI DINA PERSONUPPGIFTER<\/b><\/p><p>Vi sparar dina personuppgifter s\u00e5 l\u00e4nde det finns r\u00e4ttslig grund f\u00f6r det eller en p\u00e5g\u00e5ende anv\u00e4ndarrelation. Vi har l\u00f6pande rutiner som s\u00e4kerst\u00e4ller att vi inte lagrar on\u00f6diga personuppgifter och vi minimerar lagringstiden i s\u00e5 stor utstr\u00e4ckning som m\u00f6jligt.<\/p><p><b>S\u00c5 H\u00c4R SKYDDAR VI DINA PERSONUPPGIFTER<\/b><\/p><p>Vi har vidtagit l\u00e4mpliga \u00e5tg\u00e4rder f\u00f6r att\u00a0skydda dina personuppgifter mot f\u00f6rlust, missbruk och obeh\u00f6rig \u00e5tkomst. Antalet personer som har tillg\u00e5ng till dina personuppgifter \u00e4r begr\u00e4nsat. Endast personer hos oss som beh\u00f6ver behandla dina personuppgifter har tillg\u00e5ng till dem. De leverant\u00f6rer som vi delar personuppgifter med kommer endast att behandla dem f\u00f6r v\u00e5r r\u00e4kning och g\u00f6ra det i enlighet med v\u00e5ra instruktioner.<\/p><p><b>DU BEST\u00c4MMER \u00d6VER DINA PERSONUPPGIFTER<\/b><\/p><ul><li>Du har r\u00e4tt att kostnadsfritt beg\u00e4ra registerutdrag (enligt definitionen i lagstiftningen), och du har r\u00e4tt att beg\u00e4ra \u00e5tkomst till en kopia av dina personuppgifter, r\u00e4ttelse av dina uppgifter och i vissa fall radering av dina uppgifter.<\/li><li>Du har r\u00e4tt att beg\u00e4ra begr\u00e4nsningar och att mots\u00e4tta dig att vi behandlar dina personuppgifter, \u00e4ven om vi har legitima sk\u00e4l till att g\u00f6ra det.<\/li><li>Du har r\u00e4tt att framf\u00f6ra klagom\u00e5l till en dataskyddsmyndighet. Datainspektionen \u00e4r den myndighet i Sverige som ut\u00f6var tillsyn \u00f6ver hur vi som f\u00f6retag efterlever till\u00e4mplig dataskyddslagstiftning.<\/li><li>Om behandling av dina personuppgifter baseras p\u00e5 ditt samtycke har du r\u00e4tt att n\u00e4r som helst dra tillbaka ditt samtycke till framtida behandling av dina personuppgifter.<\/li><li>Du har r\u00e4tt att beg\u00e4ra att vi l\u00e4mnar \u00f6ver dina personuppgifter till en annan organisation som ansvarar f\u00f6r att behandla dina personuppgifter (personuppgiftsansvarig) i de fall d\u00e4r v\u00e5r r\u00e4tt att behandla dina personuppgifter antigen baseras p\u00e5 ditt samtycke eller fullg\u00f6rande av ett avtal med dig.<\/li><\/ul><p><span style=\"font-family: var( --e-global-typography-text-font-family ), Sans-serif; font-size: var( --e-global-typography-text-font-size ); font-weight: var( --e-global-typography-text-font-weight ); color: var( --e-global-color-d999cd2 );\"><br \/>Du kommer att f\u00e5 rimlig tillg\u00e5ng till dina personuppgifter utan extra kostnad om du beg\u00e4r detta via\u00a0<\/span><a style=\"font-family: var( --e-global-typography-text-font-family ), Sans-serif; font-size: var( --e-global-typography-text-font-size ); font-weight: var( --e-global-typography-text-font-weight ); background-color: #ffffff;\" href=\"mailto:hej@gringonordic.se\">hej@gringonordic.se<\/a><span style=\"font-family: var( --e-global-typography-text-font-family ), Sans-serif; font-size: var( --e-global-typography-text-font-size ); font-weight: var( --e-global-typography-text-font-weight ); color: var( --e-global-color-d999cd2 );\">. Om vi inte kan ge dig tillg\u00e5ng till dina personuppgifter inom en rimlig tidsram kommer vi att ge dig ett datum f\u00f6r n\u00e4r vi kan tillhandah\u00e5lla informationen. Om s\u00e5dan tillg\u00e5ng nekas kommer vi att f\u00f6rklara f\u00f6r dig varf\u00f6r den nekas.<\/span><\/p><p><b style=\"font-family: var( --e-global-typography-text-font-family ), Sans-serif; font-size: var( --e-global-typography-text-font-size ); color: var( --e-global-color-d999cd2 );\">COOKIEPOLICY<\/b><\/p><p><span style=\"font-family: var( --e-global-typography-text-font-family ), Sans-serif; font-size: var( --e-global-typography-text-font-size ); font-weight: var( --e-global-typography-text-font-weight ); color: var( --e-global-color-d999cd2 );\">Gringo Nordic anv\u00e4nder cookies p\u00e5 sin webbplats. Cookies inneh\u00e5ller information som vi anv\u00e4nder f\u00f6r att f\u00f6rb\u00e4ttra webbplatsen och f\u00f6r att kunna ge v\u00e5ra bes\u00f6kare en s\u00e5 bra service och upplevelse som m\u00f6jligt.<\/span><\/p><p>Genom att du anv\u00e4nder v\u00e5r hemsida, godk\u00e4nner du v\u00e5r anv\u00e4ndning av cookies enligt denna Cookiepolicy f\u00f6r de \u00e4ndam\u00e5len som beskrivs nedan.<\/p><p><strong>VAD \u00c4R EN COOKIE?<\/strong><\/p><p>Cookies \u00e4r sm\u00e5 textfiler som placeras p\u00e5 din dator n\u00e4r du anv\u00e4nder din webbl\u00e4sare f\u00f6r att bes\u00f6ka en webbplats som anv\u00e4nder cookies. De anv\u00e4nds i stor utstr\u00e4ckning f\u00f6r att se till att webbplatser fungerar och verkar mer effektivt, och f\u00f6r att ge information till webbplatsens \u00e4gare.<\/p><p>Cookies g\u00f6r det m\u00f6jligt f\u00f6r oss att estimera v\u00e5r m\u00e5lgrupp och dess anv\u00e4ndningsm\u00f6nster, lagra information om dina preferenser, s\u00e5 att vi kan anpassa v\u00e5r webbplats enligt dina individuella intressen, och k\u00e4nna igen dig n\u00e4r du \u00e5terv\u00e4nder till v\u00e5r webbplats. De kan ocks\u00e5 bidra till att annonserna du ser online \u00e4r mer relevanta f\u00f6r dig och dina intressen.<\/p><p><strong>VILKA COOKIES ANV\u00c4NDER VI?<\/strong><\/p><p>P\u00e5 v\u00e5r hemsida anv\u00e4nder vi f\u00f6ljande typer av cookiefiler:<\/p><p><b>Sessionscookies<\/b>:\u00a0anv\u00e4nds under tiden du bes\u00f6ker webbplatsen och f\u00f6rsvinner n\u00e4r du st\u00e4nger din webbl\u00e4sare. De beh\u00f6vs f\u00f6r att kunna erbjuda v\u00e5ra grundl\u00e4ggande tj\u00e4nster, som inte fungerar utan dessa cookies.<\/p><p><b>Permanenta cookies<\/b><b>:<\/b>\u00a0sparar en fil p\u00e5 din dator f\u00f6r att kunna anpassa webbplatsen efter dina val och kommer ih\u00e5g att du har bes\u00f6kt oss tidigare och kan d\u00e4rf\u00f6r t.ex.\u00a0f\u00f6rifylla\u00a0din e-post och postnummer. Dessa cookies lagras p\u00e5 din enhet under en viss tid eller till dess att du v\u00e4ljer att ta bort dem.<\/p><p><b>Opt<\/b><b>-in<\/b>: P\u00e5 webbplatsen har du som bes\u00f6kare alltid r\u00e4tten att s\u00e5 fort som du bes\u00f6ker v\u00e5r hemsida v\u00e4lja om du vill att cookies ska kunna sparas ner p\u00e5 din dator. V\u00e4ljer du att inte tacka ja till detta, kommer inga permanenta kakor att lagras p\u00e5 din dator, men detta kan leda till att v\u00e5r hemsida inte fungerar optimalt n\u00e4r du bes\u00f6ker den.<\/p><p>Gringo Nordic anv\u00e4nder \u00e4ven cookies fr\u00e5n tredjepart, exempelvis Google\u00a0Analytics\u00a0och Facebook. Den data som samlas in av dessa cookies, inklusive eventuella personuppgifter, anv\u00e4nds f\u00f6r intressebaserad annonsering och analys. Respektive tredjepart ansvarar f\u00f6r insamling och behandling av personuppgifter fr\u00e5n s\u00e5dana cookies.\u00a0Gringo Nordic har inte tillg\u00e5ng till de uppgifter som samlas in.<\/p><p>Cookies sparas p\u00e5 din dator eller mobil och kan bara l\u00e4sas av den webbplats de kommer fr\u00e5n. Du kan i din webbl\u00e4sare v\u00e4lja att inte acceptera cookies, men d\u00e5 kommer webbplatsen inte att fungera optimalt. Detta g\u00f6r du i inst\u00e4llningarna. Du kan normalt v\u00e4lja att helt blockera cookies, blockera tredjepartscookies eller be webbl\u00e4saren att radera alla cookies n\u00e4r du st\u00e4nger den.<\/p><p><strong>.klarna.com<\/strong><\/p><p>https:\/\/www.klarna.com\/international\/cookies\/ &#8211; Klarna anv\u00e4nder flertal cookies f\u00f6r att optimera sina betalningsmedel f\u00f6r dig samt skydda din betalning. F\u00f6r mer information g\u00e5 till https:\/\/www.klarna.com\/international\/cookies\/<\/p><p><strong>Analys-Cookies<\/strong><\/p><p>Dessa cookies samlar in information om hur bes\u00f6kare anv\u00e4nder en webbplats, till exempel vilka sidor bes\u00f6kare oftast brukar bes\u00f6ka, och om de f\u00e5r felmeddelanden fr\u00e5n webbsidor. Dessa cookies samlar inte in information som identifierar dig. All information som dessa cookies samlar \u00e4r anonym och anv\u00e4nds bara f\u00f6r att f\u00f6rb\u00e4ttra hur en webbplats fungerar.<\/p><p><strong>Google Analytics<\/strong><\/p><p>Vi anv\u00e4nder Google Analytics, en webbanalystj\u00e4nst som tillhandah\u00e5lls av Google, Inc. (&#8220;Google&#8221;). Google Analytics anv\u00e4nder cookies, som \u00e4r textfiler placerade p\u00e5 din dator, f\u00f6r att hj\u00e4lpa webbplatsen att analysera hur anv\u00e4ndarna anv\u00e4nder webbplatsen. Informationen som genereras av cookien om din anv\u00e4ndning av webbplatsen (inklusive din IP-adress) kommer att \u00f6verf\u00f6ras till och lagras av Google p\u00e5 servrar i USA. Google kommer att anv\u00e4nda denna information f\u00f6r att utv\u00e4rdera din anv\u00e4ndning av webbplatsen, sammanst\u00e4lla rapporter om webbplatsaktivitet f\u00f6r webbplatsoperat\u00f6rer och tillhandah\u00e5lla andra tj\u00e4nster relaterade till webbplatsaktivitet och internetanv\u00e4ndning. Google kan \u00e4ven \u00f6verf\u00f6ra denna information till tredje part d\u00e4r det kr\u00e4vs att det genom lag g\u00f6rs, eller d\u00e4r s\u00e5dana tredje parter behandlar informationen p\u00e5 Googles v\u00e4gnar. Google kommer inte att associera din IP-adress med n\u00e5gon annan data som innehas av Google. Du kan v\u00e4gra anv\u00e4ndningen av cookies genom att v\u00e4lja l\u00e4mpliga inst\u00e4llningar i din webbl\u00e4sare, men om du g\u00f6r det kanske du inte kan anv\u00e4nda alla funktioner p\u00e5 webbplatsen.<\/p><p>F\u00f6r en \u00f6verblick av Googles privacy-information, och hur denna \u00e4r relevant f\u00f6r Google Analytics,\u00a0<a title=\"Google Support\" href=\"https:\/\/support.google.com\/analytics\/answer\/6004245\" target=\"_blank\" rel=\"noopener\">l\u00e4s mer h\u00e4r<\/a>.<\/p><p>Du kan \u2018opt-out\u2019, d.v.s. v\u00e4lja att avinstallera Google Analytics cookies genom att\u00a0<a href=\"https:\/\/tools.google.com\/dlpage\/gaoptout?hl=en-GB%20\" target=\"_blank\" rel=\"noopener\">klicka h\u00e4r<\/a>.<\/p><p><strong>Google Analytics Cookies<\/strong><\/p><p>_ga &#8211; 2 years<br \/>-gid &#8211; 24 hours<br \/>_gat &#8211; 1 minute &#8211; Dessa cookies anv\u00e4nds f\u00f6r att skilja anv\u00e4ndare och samla in information om hur bes\u00f6kare anv\u00e4nder v\u00e5r webbplats. Vi anv\u00e4nder informationen f\u00f6r att sammanst\u00e4lla rapporter och f\u00f6r att hj\u00e4lpa oss att f\u00f6rb\u00e4ttra v\u00e5r webbplats. Kakorna samlar in information i en anonym form, inklusive antalet bes\u00f6kare p\u00e5 webbplatsen, d\u00e4r bes\u00f6kare har kommit till webbplatsen fr\u00e5n och sidorna de bes\u00f6kte<\/p><p><strong>Marknadsf\u00f6ring<\/strong><\/p><div><table><tbody><tr><td>Facebook Custom Audiences<\/td><td>We use Facebook Custom Audiences to deliver targeted advertisements to individuals who visit our websites.<\/td><td><a href=\"https:\/\/www.facebook.com\/policy.php\" rel=\"nofollow noopener\" target=\"_blank\">https:\/\/www.facebook.com\/policy.php<\/a><\/td><\/tr><tr><td>Google<\/td><td>We use Google Ads to deliver targeted advertisements to individuals who visit our websites.<\/td><td><a title=\"Google Ads Privacy\" href=\"https:\/\/tools.google.com\/dlpage\/gaoptout?hl=en-GB%20\" target=\"_blank\" rel=\"noopener\">https:\/\/policies.google.com\/privacy<\/a><\/td><\/tr><\/tbody><\/table><\/div><p><strong><br \/>HUR \u00c4NDRAR JAG MINA COOKIE-INST\u00c4LLNINGAR?<\/strong><\/p><p>Om du inte vill att vi samlar in cookies, kan du st\u00e4lla in din webbl\u00e4sare f\u00f6r att v\u00e4gra cookies eller att varna dig n\u00e4r cookies skickas. Om du v\u00e4ljer den h\u00e4r inst\u00e4llningen kan du dock inte komma \u00e5t vissa delar av v\u00e5r webbplats. Om du inte har justerat din webbl\u00e4sarinst\u00e4llning s\u00e5 att den v\u00e4grar cookies, kommer ditt system forts\u00e4tta att acceptera cookies n\u00e4r du anv\u00e4nder din webbl\u00e4sare f\u00f6r att navigera p\u00e5 v\u00e5r webbplats.<\/p><p>F\u00f6r mer information om cookies, inklusive hur du kan se vilka cookies som han anv\u00e4nds genom din webbl\u00e4sare och hur du kan hantera och radera dem, bes\u00f6k https:\/\/pts.se\/sv\/bransch\/regler\/lagar\/lag-om-elektronisk-kommunikation\/kakor-cookies\/ eller www.allaboutcookies.org.<\/p><p>F\u00f6r att avinstallera Google Analytics-cookies p\u00e5 alla webbplatser kan du bes\u00f6ka http:\/\/tools.google.com\/dlpage\/gaoptout.<\/p><p>Om du inaktiverar en cookie, eller en cookie-kategori, kommer detta inte att radera cookien fr\u00e5n din webbl\u00e4sare \u2013 detta m\u00e5ste du g\u00f6ra sj\u00e4lv fr\u00e5n din webbl\u00e4sare.<\/p><p><strong>COOKIES SOM HAR SAMLATS IN TIDIGARE<\/strong><\/p><p>Om du har inaktiverat en eller flera Analytics-cookies kan vi fortfarande anv\u00e4nda information som samlades in fr\u00e5n cookies innan du inaktiverade dem. Vi kommer dock sluta anv\u00e4nda den inaktiverade cookien f\u00f6r att samla in ytterligare information.<\/p><p><strong>KONTAKT<\/strong><\/p><p>Har du fr\u00e5gor eller funderingar kring v\u00e5r Integritetspolicy \u00e4r du v\u00e4lkommen att h\u00f6ra av dig till:<\/p><p>Gringo Nordic Coffee Roasters AB<br \/>Varholmagatan 12<br \/>414 74 G\u00f6teborg, SVERIGE<br \/>Tel: 031-12 08 80<br \/>E-post:\u00a0<a style=\"background-color: #ffffff;\" href=\"mailto:hej@gringonordic.se\">hej@gringonordic.se<\/a><\/p><p><strong>\u00d6VRIGT<\/strong><\/p><p>Gringo Nordic f\u00f6rbeh\u00e5ller sig r\u00e4tten att g\u00f6ra \u00e4ndringar i denna Integritetspolicy n\u00e4r som helst i tiden, i den utstr\u00e4ckning de \u00e4r n\u00f6dv\u00e4ndiga f\u00f6r att \u00e5tg\u00e4rda st\u00f6rningar eller uppfylla nya legala och tekniska krav.<\/p>\t\t\t\t\t\t\t\t<\/div>\n\t\t\t\t<\/div>\n\t\t\t\t\t<\/div>\n\t\t\t\t<\/div>\n\t\t\t\t<\/div>\n\t\t","protected":false},"excerpt":{"rendered":"<p>INTEGRITET &amp; COOKIEPOLICY DINA PERSONUPPGIFTER OCH HUR VI HANTERAR DEM\u00a0 Vi vill att du ska k\u00e4nna dig trygg n\u00e4r du handlar p\u00e5 gringonordic.se. Vi v\u00e4rnar om din integritet och behandlar dina personuppgifter med st\u00f6rsta respekt och i enlighet med g\u00e4llande lagstiftning. Denna policy beskriver hur vi samlar in och behandlar dina personuppgifter n\u00e4r du bes\u00f6ker [&hellip;]<\/p>\n","protected":false},"author":1,"featured_media":0,"parent":0,"menu_order":0,"comment_status":"closed","ping_status":"closed","template":"elementor_header_footer","meta":{"footnotes":""},"class_list":["post-1056","page","type-page","status-publish","hentry"],"_links":{"self":[{"href":"https:\/\/www.gringonordic.se\/en\/wp-json\/wp\/v2\/pages\/1056","targetHints":{"allow":["GET"]}}],"collection":[{"href":"https:\/\/www.gringonordic.se\/en\/wp-json\/wp\/v2\/pages"}],"about":[{"href":"https:\/\/www.gringonordic.se\/en\/wp-json\/wp\/v2\/types\/page"}],"author":[{"embeddable":true,"href":"https:\/\/www.gringonordic.se\/en\/wp-json\/wp\/v2\/users\/1"}],"replies":[{"embeddable":true,"href":"https:\/\/www.gringonordic.se\/en\/wp-json\/wp\/v2\/comments?post=1056"}],"version-history":[{"count":0,"href":"https:\/\/www.gringonordic.se\/en\/wp-json\/wp\/v2\/pages\/1056\/revisions"}],"wp:attachment":[{"href":"https:\/\/www.gringonordic.se\/en\/wp-json\/wp\/v2\/media?parent=1056"}],"curies":[{"name":"wp","href":"https:\/\/api.w.org\/{rel}","templated":true}]}}