{"id":1049,"date":"2021-12-13T09:04:14","date_gmt":"2021-12-13T09:04:14","guid":{"rendered":"https:\/\/www.gringonordic.se\/?page_id=1049"},"modified":"2025-10-17T17:17:24","modified_gmt":"2025-10-17T15:17:24","slug":"frakt-leverans","status":"publish","type":"page","link":"https:\/\/www.gringonordic.se\/en\/frakt-leverans\/","title":{"rendered":"SHIPPING &amp; DELIVERY"},"content":{"rendered":"\t\t<div data-elementor-type=\"wp-page\" data-elementor-id=\"1049\" class=\"elementor elementor-1049\" data-elementor-post-type=\"page\">\n\t\t\t\t<div class=\"elementor-element elementor-element-ade9924 e-flex e-con-boxed e-con e-parent\" data-id=\"ade9924\" data-element_type=\"container\" data-settings=\"{&quot;jet_parallax_layout_list&quot;:[{&quot;jet_parallax_layout_image&quot;:{&quot;url&quot;:&quot;&quot;,&quot;id&quot;:&quot;&quot;,&quot;size&quot;:&quot;&quot;},&quot;_id&quot;:&quot;4410d32&quot;,&quot;jet_parallax_layout_image_tablet&quot;:{&quot;url&quot;:&quot;&quot;,&quot;id&quot;:&quot;&quot;,&quot;size&quot;:&quot;&quot;},&quot;jet_parallax_layout_image_mobile&quot;:{&quot;url&quot;:&quot;&quot;,&quot;id&quot;:&quot;&quot;,&quot;size&quot;:&quot;&quot;},&quot;jet_parallax_layout_speed&quot;:{&quot;unit&quot;:&quot;%&quot;,&quot;size&quot;:50,&quot;sizes&quot;:[]},&quot;jet_parallax_layout_type&quot;:&quot;scroll&quot;,&quot;jet_parallax_layout_direction&quot;:&quot;1&quot;,&quot;jet_parallax_layout_fx_direction&quot;:null,&quot;jet_parallax_layout_z_index&quot;:&quot;&quot;,&quot;jet_parallax_layout_bg_x&quot;:50,&quot;jet_parallax_layout_bg_x_tablet&quot;:&quot;&quot;,&quot;jet_parallax_layout_bg_x_mobile&quot;:&quot;&quot;,&quot;jet_parallax_layout_bg_y&quot;:50,&quot;jet_parallax_layout_bg_y_tablet&quot;:&quot;&quot;,&quot;jet_parallax_layout_bg_y_mobile&quot;:&quot;&quot;,&quot;jet_parallax_layout_bg_size&quot;:&quot;auto&quot;,&quot;jet_parallax_layout_bg_size_tablet&quot;:&quot;&quot;,&quot;jet_parallax_layout_bg_size_mobile&quot;:&quot;&quot;,&quot;jet_parallax_layout_animation_prop&quot;:&quot;transform&quot;,&quot;jet_parallax_layout_on&quot;:[&quot;desktop&quot;,&quot;tablet&quot;]}]}\">\n\t\t\t\t\t<div class=\"e-con-inner\">\n\t\t\t\t<div class=\"elementor-element elementor-element-350cb80 elementor-widget elementor-widget-heading\" data-id=\"350cb80\" data-element_type=\"widget\" data-widget_type=\"heading.default\">\n\t\t\t\t<div class=\"elementor-widget-container\">\n\t\t\t\t\t<h1 class=\"elementor-heading-title elementor-size-default\">FRAKT &amp; LEVERANS<\/h1>\t\t\t\t<\/div>\n\t\t\t\t<\/div>\n\t\t\t\t<div class=\"elementor-element elementor-element-0344315 elementor-widget-divider--view-line elementor-widget elementor-widget-divider\" data-id=\"0344315\" data-element_type=\"widget\" data-widget_type=\"divider.default\">\n\t\t\t\t<div class=\"elementor-widget-container\">\n\t\t\t\t\t\t\t<div class=\"elementor-divider\">\n\t\t\t<span class=\"elementor-divider-separator\">\n\t\t\t\t\t\t<\/span>\n\t\t<\/div>\n\t\t\t\t\t\t<\/div>\n\t\t\t\t<\/div>\n\t\t\t\t<div class=\"elementor-element elementor-element-cd100c9 elementor-widget elementor-widget-text-editor\" data-id=\"cd100c9\" data-element_type=\"widget\" data-widget_type=\"text-editor.default\">\n\t\t\t\t<div class=\"elementor-widget-container\">\n\t\t\t\t\t\t\t\t\t<h5><strong>SVERIGE, FINLAND &amp; DANMARK:<\/strong><\/h5><p>Fri frakt \u00f6ver 350 SEK med PostNord i Sverige. F\u00f6r svenska kunder levereras v\u00e5rt kaffe, om s\u00e5 \u00f6nskas, direkt till din brevl\u00e5da vid best\u00e4llning av upp till fem p\u00e5sar, eller 1.25 kg kaffe. Annars sker leveransen till valfritt ombud eller till paketbox.<\/p><p>Fri frakt till Finland &amp; Danmark p\u00e5 best\u00e4llningar \u00f6ver 800 SEK. Annars beror fraktkostnaden p\u00e5 vilket leveransalternativ du v\u00e4ljer.<\/p><h5><strong>INTERNATIONELLT (inkl. Norge):<br \/><\/strong><\/h5><p>OBS: Best\u00e4ll upp till 1,75kg kaffe\/te.<\/p><p>Vi erbjuder sp\u00e5rbar frakt till de flesta l\u00e4nder.<\/p><p>Vi tar en fraktkostnad f\u00f6r internationell frakt p\u00e5 250 SEK. \u00a0Best\u00e4ll upp till 7 p\u00e5sar kaffe eller 1,75 kg. Om du har s\u00e4rskilda leveransinstruktioner eller \u00f6nskem\u00e5l, v\u00e4nligen l\u00e4mna en notering innan utcheckning.<\/p><p>OBS: Tullavgifter och moms kan tillkomma vid import.\u00a0\u00a0<\/p><h5><strong>HANTERING:<\/strong><\/h5><p>N\u00e4r din best\u00e4llning \u00e4r packad och l\u00e4mnar v\u00e5rt lager \u00f6verg\u00e5r leveransansvaret till vald leverant\u00f6r som hanterar din order inom utsatt tid f\u00f6r valt frakts\u00e4tt. Gringo Nordic kan inte l\u00e4mna n\u00e5gon f\u00f6rseningsgaranti f\u00f6r varor som inte finns i lager vid best\u00e4llning eller f\u00f6r varor som l\u00e4mnat v\u00e5rt lager. Det inneb\u00e4r att den totala leveranstiden innan varan n\u00e5r dig kan bli l\u00e4ngre \u00e4n vad som anges som normalt f\u00f6r valt frakts\u00e4tt. V\u00e5ra samarbetspartners f\u00f6r frakt \u00e4r Postnord, DHL, UPS och Fedex.<\/p><p>*Vi reserverar oss f\u00f6r att leveranstiderna kan komma att avvika. Om din leveransadress tex \u00e4r i \u00f6bebyggelse utan normal brof\u00f6rbindelse kan leveranstiden komma att ut\u00f6kas med 2-3 helgfria vardagar.<\/p><h5><span style=\"font-weight: bold;\">EJ UTH\u00c4MTADE PAKET<\/span><\/h5><p>Aviserad f\u00f6rs\u00e4ndelse skall h\u00e4mtas ut inom 7 dagar hos valt ombud. Ej uth\u00e4mtade f\u00f6rs\u00e4ndelser \u00e5ters\u00e4nds till Gringo Nordic. \u00d6nskar du att f\u00e5 varan skickad till dig p\u00e5 nytt tillkommer fraktkostnad. Vill du annullera din order tar vi en avgift p\u00e5 100sek f\u00f6r frakt + returfrakt samt administrationskostnader och returnerar resterande belopp p\u00e5 samma s\u00e4tt som du betalat.<\/p>\t\t\t\t\t\t\t\t<\/div>\n\t\t\t\t<\/div>\n\t\t\t\t\t<\/div>\n\t\t\t\t<\/div>\n\t\t\t\t<\/div>\n\t\t","protected":false},"excerpt":{"rendered":"<p>FRAKT &amp; LEVERANS SVERIGE, FINLAND &amp; DANMARK: Fri frakt \u00f6ver 350 SEK med PostNord i Sverige. F\u00f6r svenska kunder levereras v\u00e5rt kaffe, om s\u00e5 \u00f6nskas, direkt till din brevl\u00e5da vid best\u00e4llning av upp till fem p\u00e5sar, eller 1.25 kg kaffe. Annars sker leveransen till valfritt ombud eller till paketbox. Fri frakt till Finland &amp; Danmark [&hellip;]<\/p>\n","protected":false},"author":1,"featured_media":0,"parent":0,"menu_order":0,"comment_status":"closed","ping_status":"closed","template":"elementor_header_footer","meta":{"footnotes":""},"class_list":["post-1049","page","type-page","status-publish","hentry"],"_links":{"self":[{"href":"https:\/\/www.gringonordic.se\/en\/wp-json\/wp\/v2\/pages\/1049","targetHints":{"allow":["GET"]}}],"collection":[{"href":"https:\/\/www.gringonordic.se\/en\/wp-json\/wp\/v2\/pages"}],"about":[{"href":"https:\/\/www.gringonordic.se\/en\/wp-json\/wp\/v2\/types\/page"}],"author":[{"embeddable":true,"href":"https:\/\/www.gringonordic.se\/en\/wp-json\/wp\/v2\/users\/1"}],"replies":[{"embeddable":true,"href":"https:\/\/www.gringonordic.se\/en\/wp-json\/wp\/v2\/comments?post=1049"}],"version-history":[{"count":5,"href":"https:\/\/www.gringonordic.se\/en\/wp-json\/wp\/v2\/pages\/1049\/revisions"}],"predecessor-version":[{"id":54806,"href":"https:\/\/www.gringonordic.se\/en\/wp-json\/wp\/v2\/pages\/1049\/revisions\/54806"}],"wp:attachment":[{"href":"https:\/\/www.gringonordic.se\/en\/wp-json\/wp\/v2\/media?parent=1049"}],"curies":[{"name":"wp","href":"https:\/\/api.w.org\/{rel}","templated":true}]}}